{"id":607,"date":"2025-03-13T18:53:18","date_gmt":"2025-03-13T17:53:18","guid":{"rendered":"https:\/\/dalboroque.es\/?post_type=product&#038;p=607"},"modified":"2025-03-13T21:53:27","modified_gmt":"2025-03-13T20:53:27","slug":"club-vinos","status":"publish","type":"product","link":"https:\/\/dalboroque.es\/en\/tienda\/club\/club-vinos\/","title":{"rendered":"CLUB DE VINOS"},"content":{"rendered":"<p>Lotes degustaci\u00f3n consistente en 2 botellas de vino (pudiendo ser tinto + blanco o tinto+rosado).<br \/>\nSelecciona la cantidad de meses que quieras suscribirte en esta promoci\u00f3n.<\/p>","protected":false},"excerpt":{"rendered":"<p>Lotes degustaci\u00f3n consistente en 2 botellas de vino (pudiendo ser tinto + blanco o tinto+rosado).<br \/>\nSelecciona la cantidad de meses que quieras suscribirte en esta promoci\u00f3n.<\/p>\n<p>PORTES E IVA INCLUIDOS.<\/p>","protected":false},"featured_media":619,"comment_status":"closed","ping_status":"closed","template":"","meta":[],"product_brand":[],"product_cat":[192],"product_tag":[],"class_list":{"0":"post-607","1":"product","2":"type-product","3":"status-publish","4":"has-post-thumbnail","6":"product_cat-club","8":"first","9":"instock","10":"virtual","11":"purchasable","12":"product-type-simple"},"yoast_head":"<!-- This site is optimized with the Yoast SEO plugin v27.4 - https:\/\/yoast.com\/product\/yoast-seo-wordpress\/ -->\n<title>CLUB DE VINOS - Tienda de comestibles<\/title>\n<meta name=\"description\" content=\"Club degustaci\u00f3n de productos vin\u00edcolas. Los mejores vinos artesanos y de m\u00ednimo procesado directo en tu casa.\" \/>\n<meta name=\"robots\" content=\"index, follow, max-snippet:-1, max-image-preview:large, max-video-preview:-1\" \/>\n<link rel=\"canonical\" href=\"https:\/\/dalboroque.es\/en\/tienda\/club\/club-vinos\/\" \/>\n<meta property=\"og:locale\" content=\"en_GB\" \/>\n<meta property=\"og:type\" content=\"article\" \/>\n<meta property=\"og:title\" content=\"CLUB DE VINOS - Tienda de comestibles\" \/>\n<meta property=\"og:description\" content=\"Club degustaci\u00f3n de productos vin\u00edcolas. Los mejores vinos artesanos y de m\u00ednimo procesado directo en tu casa.\" \/>\n<meta property=\"og:url\" content=\"https:\/\/dalboroque.es\/en\/tienda\/club\/club-vinos\/\" \/>\n<meta property=\"og:site_name\" content=\"Tienda de comestibles\" \/>\n<meta property=\"article:modified_time\" content=\"2025-03-13T20:53:27+00:00\" \/>\n<meta property=\"og:image\" content=\"https:\/\/dalboroque.es\/wp-content\/uploads\/2025\/03\/club-vinos-home.webp\" \/>\n\t<meta property=\"og:image:width\" content=\"900\" \/>\n\t<meta property=\"og:image:height\" content=\"900\" \/>\n\t<meta property=\"og:image:type\" content=\"image\/webp\" \/>\n<meta name=\"twitter:card\" content=\"summary_large_image\" \/>\n<meta name=\"twitter:label1\" content=\"Estimated reading time\" \/>\n\t<meta name=\"twitter:data1\" content=\"1 minute\" \/>\n<script type=\"application\/ld+json\" class=\"yoast-schema-graph\">{\"@context\":\"https:\\\/\\\/schema.org\",\"@graph\":[{\"@type\":\"WebPage\",\"@id\":\"https:\\\/\\\/dalboroque.es\\\/tienda\\\/club\\\/club-vinos\\\/\",\"url\":\"https:\\\/\\\/dalboroque.es\\\/tienda\\\/club\\\/club-vinos\\\/\",\"name\":\"CLUB DE VINOS - Tienda de comestibles\",\"isPartOf\":{\"@id\":\"https:\\\/\\\/dalboroque.es\\\/#website\"},\"primaryImageOfPage\":{\"@id\":\"https:\\\/\\\/dalboroque.es\\\/tienda\\\/club\\\/club-vinos\\\/#primaryimage\"},\"image\":{\"@id\":\"https:\\\/\\\/dalboroque.es\\\/tienda\\\/club\\\/club-vinos\\\/#primaryimage\"},\"thumbnailUrl\":\"https:\\\/\\\/dalboroque.es\\\/wp-content\\\/uploads\\\/2025\\\/03\\\/club-vinos-home.webp\",\"datePublished\":\"2025-03-13T17:53:18+00:00\",\"dateModified\":\"2025-03-13T20:53:27+00:00\",\"description\":\"Club degustaci\u00f3n de productos vin\u00edcolas. Los mejores vinos artesanos y de m\u00ednimo procesado directo en tu casa.\",\"breadcrumb\":{\"@id\":\"https:\\\/\\\/dalboroque.es\\\/tienda\\\/club\\\/club-vinos\\\/#breadcrumb\"},\"inLanguage\":\"en-GB\",\"potentialAction\":[{\"@type\":\"ReadAction\",\"target\":[\"https:\\\/\\\/dalboroque.es\\\/tienda\\\/club\\\/club-vinos\\\/\"]}]},{\"@type\":\"ImageObject\",\"inLanguage\":\"en-GB\",\"@id\":\"https:\\\/\\\/dalboroque.es\\\/tienda\\\/club\\\/club-vinos\\\/#primaryimage\",\"url\":\"https:\\\/\\\/dalboroque.es\\\/wp-content\\\/uploads\\\/2025\\\/03\\\/club-vinos-home.webp\",\"contentUrl\":\"https:\\\/\\\/dalboroque.es\\\/wp-content\\\/uploads\\\/2025\\\/03\\\/club-vinos-home.webp\",\"width\":900,\"height\":900},{\"@type\":\"BreadcrumbList\",\"@id\":\"https:\\\/\\\/dalboroque.es\\\/tienda\\\/club\\\/club-vinos\\\/#breadcrumb\",\"itemListElement\":[{\"@type\":\"ListItem\",\"position\":1,\"name\":\"Tienda\",\"item\":\"https:\\\/\\\/dalboroque.es\\\/tienda\\\/\"},{\"@type\":\"ListItem\",\"position\":2,\"name\":\"CLUB DE VINOS\"}]},{\"@type\":\"WebSite\",\"@id\":\"https:\\\/\\\/dalboroque.es\\\/#website\",\"url\":\"https:\\\/\\\/dalboroque.es\\\/\",\"name\":\"Tienda de comestibles\",\"description\":\"Tus mejores productos extreme\u00f1os gourmet\",\"potentialAction\":[{\"@type\":\"SearchAction\",\"target\":{\"@type\":\"EntryPoint\",\"urlTemplate\":\"https:\\\/\\\/dalboroque.es\\\/?s={search_term_string}\"},\"query-input\":{\"@type\":\"PropertyValueSpecification\",\"valueRequired\":true,\"valueName\":\"search_term_string\"}}],\"inLanguage\":\"en-GB\"}]}<\/script>\n<!-- \/ Yoast SEO plugin. -->","yoast_head_json":{"title":"CLUB DE VINOS - Tienda de comestibles","description":"Club degustaci\u00f3n de productos vin\u00edcolas. Los mejores vinos artesanos y de m\u00ednimo procesado directo en tu casa.","robots":{"index":"index","follow":"follow","max-snippet":"max-snippet:-1","max-image-preview":"max-image-preview:large","max-video-preview":"max-video-preview:-1"},"canonical":"https:\/\/dalboroque.es\/en\/tienda\/club\/club-vinos\/","og_locale":"en_GB","og_type":"article","og_title":"CLUB DE VINOS - Tienda de comestibles","og_description":"Club degustaci\u00f3n de productos vin\u00edcolas. Los mejores vinos artesanos y de m\u00ednimo procesado directo en tu casa.","og_url":"https:\/\/dalboroque.es\/en\/tienda\/club\/club-vinos\/","og_site_name":"Tienda de comestibles","article_modified_time":"2025-03-13T20:53:27+00:00","og_image":[{"width":900,"height":900,"url":"https:\/\/dalboroque.es\/wp-content\/uploads\/2025\/03\/club-vinos-home.webp","type":"image\/webp"}],"twitter_card":"summary_large_image","twitter_misc":{"Estimated reading time":"1 minute"},"schema":{"@context":"https:\/\/schema.org","@graph":[{"@type":"WebPage","@id":"https:\/\/dalboroque.es\/tienda\/club\/club-vinos\/","url":"https:\/\/dalboroque.es\/tienda\/club\/club-vinos\/","name":"CLUB DE VINOS - Tienda de comestibles","isPartOf":{"@id":"https:\/\/dalboroque.es\/#website"},"primaryImageOfPage":{"@id":"https:\/\/dalboroque.es\/tienda\/club\/club-vinos\/#primaryimage"},"image":{"@id":"https:\/\/dalboroque.es\/tienda\/club\/club-vinos\/#primaryimage"},"thumbnailUrl":"https:\/\/dalboroque.es\/wp-content\/uploads\/2025\/03\/club-vinos-home.webp","datePublished":"2025-03-13T17:53:18+00:00","dateModified":"2025-03-13T20:53:27+00:00","description":"Club degustaci\u00f3n de productos vin\u00edcolas. Los mejores vinos artesanos y de m\u00ednimo procesado directo en tu casa.","breadcrumb":{"@id":"https:\/\/dalboroque.es\/tienda\/club\/club-vinos\/#breadcrumb"},"inLanguage":"en-GB","potentialAction":[{"@type":"ReadAction","target":["https:\/\/dalboroque.es\/tienda\/club\/club-vinos\/"]}]},{"@type":"ImageObject","inLanguage":"en-GB","@id":"https:\/\/dalboroque.es\/tienda\/club\/club-vinos\/#primaryimage","url":"https:\/\/dalboroque.es\/wp-content\/uploads\/2025\/03\/club-vinos-home.webp","contentUrl":"https:\/\/dalboroque.es\/wp-content\/uploads\/2025\/03\/club-vinos-home.webp","width":900,"height":900},{"@type":"BreadcrumbList","@id":"https:\/\/dalboroque.es\/tienda\/club\/club-vinos\/#breadcrumb","itemListElement":[{"@type":"ListItem","position":1,"name":"Tienda","item":"https:\/\/dalboroque.es\/tienda\/"},{"@type":"ListItem","position":2,"name":"CLUB DE VINOS"}]},{"@type":"WebSite","@id":"https:\/\/dalboroque.es\/#website","url":"https:\/\/dalboroque.es\/","name":"Tienda de comestibles","description":"Tus mejores productos extreme\u00f1os gourmet","potentialAction":[{"@type":"SearchAction","target":{"@type":"EntryPoint","urlTemplate":"https:\/\/dalboroque.es\/?s={search_term_string}"},"query-input":{"@type":"PropertyValueSpecification","valueRequired":true,"valueName":"search_term_string"}}],"inLanguage":"en-GB"}]}},"_links":{"self":[{"href":"https:\/\/dalboroque.es\/en\/wp-json\/wp\/v2\/product\/607","targetHints":{"allow":["GET"]}}],"collection":[{"href":"https:\/\/dalboroque.es\/en\/wp-json\/wp\/v2\/product"}],"about":[{"href":"https:\/\/dalboroque.es\/en\/wp-json\/wp\/v2\/types\/product"}],"replies":[{"embeddable":true,"href":"https:\/\/dalboroque.es\/en\/wp-json\/wp\/v2\/comments?post=607"}],"wp:featuredmedia":[{"embeddable":true,"href":"https:\/\/dalboroque.es\/en\/wp-json\/wp\/v2\/media\/619"}],"wp:attachment":[{"href":"https:\/\/dalboroque.es\/en\/wp-json\/wp\/v2\/media?parent=607"}],"wp:term":[{"taxonomy":"product_brand","embeddable":true,"href":"https:\/\/dalboroque.es\/en\/wp-json\/wp\/v2\/product_brand?post=607"},{"taxonomy":"product_cat","embeddable":true,"href":"https:\/\/dalboroque.es\/en\/wp-json\/wp\/v2\/product_cat?post=607"},{"taxonomy":"product_tag","embeddable":true,"href":"https:\/\/dalboroque.es\/en\/wp-json\/wp\/v2\/product_tag?post=607"}],"curies":[{"name":"wp","href":"https:\/\/api.w.org\/{rel}","templated":true}]}}