{"id":462,"date":"2024-07-02T17:08:52","date_gmt":"2024-07-02T15:08:52","guid":{"rendered":"https:\/\/dalboroque.es\/?post_type=product&#038;p=462"},"modified":"2024-07-02T17:12:05","modified_gmt":"2024-07-02T15:12:05","slug":"reganas-artesanas-con-harina-de-bellota","status":"publish","type":"product","link":"https:\/\/dalboroque.es\/en\/tienda\/panes-picos-dulces\/reganas-artesanas-con-harina-de-bellota\/","title":{"rendered":"Rega\u00f1\u00e1s Artesanas con Harina de Bellota"},"content":{"rendered":"<p>Ingredientes: Harina de BELLOTAS, harina de TRIGO, agua, AOVE (9%), levadura y sal. 180g.<\/p>\n<p>&nbsp;<\/p>\n<p>Contiene GLUTEN.<\/p>\n<table width=\"480\">\n<tbody>\n<tr>\n<td colspan=\"6\" width=\"480\">\u00a0 Informaci\u00f3n nutricional media por cada 100 g<\/td>\n<\/tr>\n<tr>\n<td><\/td>\n<td><\/td>\n<td><\/td>\n<td><\/td>\n<td><\/td>\n<td><\/td>\n<\/tr>\n<tr>\n<td colspan=\"3\">\u00a0 Valor energ\u00e9tico<\/td>\n<td><\/td>\n<td>307,77 kcal<\/td>\n<td><\/td>\n<\/tr>\n<tr>\n<td colspan=\"2\">\u00a0 Grasas<\/td>\n<td><\/td>\n<td><\/td>\n<td>8,48 g<\/td>\n<td><\/td>\n<\/tr>\n<tr>\n<td colspan=\"4\">\u00a0 G. saturadas<\/p>\n<p>G. Monoinsaturadas<\/p>\n<p>G. Poliinsaturadas<\/td>\n<td>2,16 g<\/p>\n<p>4,66 g<\/p>\n<p>0,86 g<\/td>\n<td>&nbsp;<\/p>\n<p>&nbsp;<\/td>\n<\/tr>\n<tr>\n<td colspan=\"3\">\u00a0 Hidratos de carbono<\/td>\n<td><\/td>\n<td>59,40 g<\/td>\n<td><\/td>\n<\/tr>\n<tr>\n<td colspan=\"2\">Az\u00facares<\/td>\n<td><\/td>\n<td><\/td>\n<td>1,19 g<\/td>\n<td><\/td>\n<\/tr>\n<tr>\n<td>\u00a0 Prote\u00ednas<\/td>\n<td><\/td>\n<td><\/td>\n<td><\/td>\n<td>6,06 g<\/td>\n<td><\/td>\n<\/tr>\n<tr>\n<td colspan=\"2\">\u00a0 Sal<\/td>\n<td><\/td>\n<td><\/td>\n<td>1,86 g<\/td>\n<\/tr>\n<\/tbody>\n<\/table>\n<p>El producto puede sufrir algunas modificaciones de etiquetado o envasado.<\/p>","protected":false},"excerpt":{"rendered":"<p>Rega\u00f1\u00e1s de Trigo con Harina de Bellota<\/p>","protected":false},"featured_media":438,"comment_status":"open","ping_status":"closed","template":"","meta":[],"product_brand":[],"product_cat":[128],"product_tag":[],"class_list":{"0":"post-462","1":"product","2":"type-product","3":"status-publish","4":"has-post-thumbnail","6":"product_cat-panes-picos-dulces","8":"first","9":"instock","10":"shipping-taxable","11":"purchasable","12":"product-type-simple"},"yoast_head":"<!-- This site is optimized with the Yoast SEO plugin v27.4 - https:\/\/yoast.com\/product\/yoast-seo-wordpress\/ -->\n<title>Rega\u00f1\u00e1s Artesanas con Harina de Bellota - Tienda de comestibles<\/title>\n<meta name=\"description\" content=\"Rega\u00f1\u00e1s artesanas de trigo con harina de bellota. Producto 100% natural de Extremadura. Con aceite de oliva virgen extra.\" \/>\n<meta name=\"robots\" content=\"index, follow, max-snippet:-1, max-image-preview:large, max-video-preview:-1\" \/>\n<link rel=\"canonical\" href=\"https:\/\/dalboroque.es\/en\/tienda\/panes-picos-dulces\/reganas-artesanas-con-harina-de-bellota\/\" \/>\n<meta property=\"og:locale\" content=\"en_GB\" \/>\n<meta property=\"og:type\" content=\"article\" \/>\n<meta property=\"og:title\" content=\"Rega\u00f1\u00e1s Artesanas con Harina de Bellota - Tienda de comestibles\" \/>\n<meta property=\"og:description\" content=\"Rega\u00f1\u00e1s artesanas de trigo con harina de bellota. Producto 100% natural de Extremadura. Con aceite de oliva virgen extra.\" \/>\n<meta property=\"og:url\" content=\"https:\/\/dalboroque.es\/en\/tienda\/panes-picos-dulces\/reganas-artesanas-con-harina-de-bellota\/\" \/>\n<meta property=\"og:site_name\" content=\"Tienda de comestibles\" \/>\n<meta property=\"article:modified_time\" content=\"2024-07-02T15:12:05+00:00\" \/>\n<meta property=\"og:image\" content=\"https:\/\/dalboroque.es\/wp-content\/uploads\/2024\/06\/dalboroque-reganias.webp\" \/>\n\t<meta property=\"og:image:width\" content=\"1200\" \/>\n\t<meta property=\"og:image:height\" content=\"1200\" \/>\n\t<meta property=\"og:image:type\" content=\"image\/webp\" \/>\n<meta name=\"twitter:card\" content=\"summary_large_image\" \/>\n<meta name=\"twitter:label1\" content=\"Estimated reading time\" \/>\n\t<meta name=\"twitter:data1\" content=\"1 minute\" \/>\n<script type=\"application\/ld+json\" class=\"yoast-schema-graph\">{\"@context\":\"https:\\\/\\\/schema.org\",\"@graph\":[{\"@type\":\"WebPage\",\"@id\":\"https:\\\/\\\/dalboroque.es\\\/tienda\\\/panes-picos-dulces\\\/reganas-artesanas-con-harina-de-bellota\\\/\",\"url\":\"https:\\\/\\\/dalboroque.es\\\/tienda\\\/panes-picos-dulces\\\/reganas-artesanas-con-harina-de-bellota\\\/\",\"name\":\"Rega\u00f1\u00e1s Artesanas con Harina de Bellota - Tienda de comestibles\",\"isPartOf\":{\"@id\":\"https:\\\/\\\/dalboroque.es\\\/#website\"},\"primaryImageOfPage\":{\"@id\":\"https:\\\/\\\/dalboroque.es\\\/tienda\\\/panes-picos-dulces\\\/reganas-artesanas-con-harina-de-bellota\\\/#primaryimage\"},\"image\":{\"@id\":\"https:\\\/\\\/dalboroque.es\\\/tienda\\\/panes-picos-dulces\\\/reganas-artesanas-con-harina-de-bellota\\\/#primaryimage\"},\"thumbnailUrl\":\"https:\\\/\\\/dalboroque.es\\\/wp-content\\\/uploads\\\/2024\\\/06\\\/dalboroque-reganias.webp\",\"datePublished\":\"2024-07-02T15:08:52+00:00\",\"dateModified\":\"2024-07-02T15:12:05+00:00\",\"description\":\"Rega\u00f1\u00e1s artesanas de trigo con harina de bellota. Producto 100% natural de Extremadura. Con aceite de oliva virgen extra.\",\"breadcrumb\":{\"@id\":\"https:\\\/\\\/dalboroque.es\\\/tienda\\\/panes-picos-dulces\\\/reganas-artesanas-con-harina-de-bellota\\\/#breadcrumb\"},\"inLanguage\":\"en-GB\",\"potentialAction\":[{\"@type\":\"ReadAction\",\"target\":[\"https:\\\/\\\/dalboroque.es\\\/tienda\\\/panes-picos-dulces\\\/reganas-artesanas-con-harina-de-bellota\\\/\"]}]},{\"@type\":\"ImageObject\",\"inLanguage\":\"en-GB\",\"@id\":\"https:\\\/\\\/dalboroque.es\\\/tienda\\\/panes-picos-dulces\\\/reganas-artesanas-con-harina-de-bellota\\\/#primaryimage\",\"url\":\"https:\\\/\\\/dalboroque.es\\\/wp-content\\\/uploads\\\/2024\\\/06\\\/dalboroque-reganias.webp\",\"contentUrl\":\"https:\\\/\\\/dalboroque.es\\\/wp-content\\\/uploads\\\/2024\\\/06\\\/dalboroque-reganias.webp\",\"width\":1200,\"height\":1200},{\"@type\":\"BreadcrumbList\",\"@id\":\"https:\\\/\\\/dalboroque.es\\\/tienda\\\/panes-picos-dulces\\\/reganas-artesanas-con-harina-de-bellota\\\/#breadcrumb\",\"itemListElement\":[{\"@type\":\"ListItem\",\"position\":1,\"name\":\"Tienda\",\"item\":\"https:\\\/\\\/dalboroque.es\\\/tienda\\\/\"},{\"@type\":\"ListItem\",\"position\":2,\"name\":\"Rega\u00f1\u00e1s Artesanas con Harina de Bellota\"}]},{\"@type\":\"WebSite\",\"@id\":\"https:\\\/\\\/dalboroque.es\\\/#website\",\"url\":\"https:\\\/\\\/dalboroque.es\\\/\",\"name\":\"Tienda de comestibles\",\"description\":\"Tus mejores productos extreme\u00f1os gourmet\",\"potentialAction\":[{\"@type\":\"SearchAction\",\"target\":{\"@type\":\"EntryPoint\",\"urlTemplate\":\"https:\\\/\\\/dalboroque.es\\\/?s={search_term_string}\"},\"query-input\":{\"@type\":\"PropertyValueSpecification\",\"valueRequired\":true,\"valueName\":\"search_term_string\"}}],\"inLanguage\":\"en-GB\"}]}<\/script>\n<!-- \/ Yoast SEO plugin. -->","yoast_head_json":{"title":"Rega\u00f1\u00e1s Artesanas con Harina de Bellota - Tienda de comestibles","description":"Rega\u00f1\u00e1s artesanas de trigo con harina de bellota. Producto 100% natural de Extremadura. Con aceite de oliva virgen extra.","robots":{"index":"index","follow":"follow","max-snippet":"max-snippet:-1","max-image-preview":"max-image-preview:large","max-video-preview":"max-video-preview:-1"},"canonical":"https:\/\/dalboroque.es\/en\/tienda\/panes-picos-dulces\/reganas-artesanas-con-harina-de-bellota\/","og_locale":"en_GB","og_type":"article","og_title":"Rega\u00f1\u00e1s Artesanas con Harina de Bellota - Tienda de comestibles","og_description":"Rega\u00f1\u00e1s artesanas de trigo con harina de bellota. Producto 100% natural de Extremadura. Con aceite de oliva virgen extra.","og_url":"https:\/\/dalboroque.es\/en\/tienda\/panes-picos-dulces\/reganas-artesanas-con-harina-de-bellota\/","og_site_name":"Tienda de comestibles","article_modified_time":"2024-07-02T15:12:05+00:00","og_image":[{"width":1200,"height":1200,"url":"https:\/\/dalboroque.es\/wp-content\/uploads\/2024\/06\/dalboroque-reganias.webp","type":"image\/webp"}],"twitter_card":"summary_large_image","twitter_misc":{"Estimated reading time":"1 minute"},"schema":{"@context":"https:\/\/schema.org","@graph":[{"@type":"WebPage","@id":"https:\/\/dalboroque.es\/tienda\/panes-picos-dulces\/reganas-artesanas-con-harina-de-bellota\/","url":"https:\/\/dalboroque.es\/tienda\/panes-picos-dulces\/reganas-artesanas-con-harina-de-bellota\/","name":"Rega\u00f1\u00e1s Artesanas con Harina de Bellota - Tienda de comestibles","isPartOf":{"@id":"https:\/\/dalboroque.es\/#website"},"primaryImageOfPage":{"@id":"https:\/\/dalboroque.es\/tienda\/panes-picos-dulces\/reganas-artesanas-con-harina-de-bellota\/#primaryimage"},"image":{"@id":"https:\/\/dalboroque.es\/tienda\/panes-picos-dulces\/reganas-artesanas-con-harina-de-bellota\/#primaryimage"},"thumbnailUrl":"https:\/\/dalboroque.es\/wp-content\/uploads\/2024\/06\/dalboroque-reganias.webp","datePublished":"2024-07-02T15:08:52+00:00","dateModified":"2024-07-02T15:12:05+00:00","description":"Rega\u00f1\u00e1s artesanas de trigo con harina de bellota. Producto 100% natural de Extremadura. Con aceite de oliva virgen extra.","breadcrumb":{"@id":"https:\/\/dalboroque.es\/tienda\/panes-picos-dulces\/reganas-artesanas-con-harina-de-bellota\/#breadcrumb"},"inLanguage":"en-GB","potentialAction":[{"@type":"ReadAction","target":["https:\/\/dalboroque.es\/tienda\/panes-picos-dulces\/reganas-artesanas-con-harina-de-bellota\/"]}]},{"@type":"ImageObject","inLanguage":"en-GB","@id":"https:\/\/dalboroque.es\/tienda\/panes-picos-dulces\/reganas-artesanas-con-harina-de-bellota\/#primaryimage","url":"https:\/\/dalboroque.es\/wp-content\/uploads\/2024\/06\/dalboroque-reganias.webp","contentUrl":"https:\/\/dalboroque.es\/wp-content\/uploads\/2024\/06\/dalboroque-reganias.webp","width":1200,"height":1200},{"@type":"BreadcrumbList","@id":"https:\/\/dalboroque.es\/tienda\/panes-picos-dulces\/reganas-artesanas-con-harina-de-bellota\/#breadcrumb","itemListElement":[{"@type":"ListItem","position":1,"name":"Tienda","item":"https:\/\/dalboroque.es\/tienda\/"},{"@type":"ListItem","position":2,"name":"Rega\u00f1\u00e1s Artesanas con Harina de Bellota"}]},{"@type":"WebSite","@id":"https:\/\/dalboroque.es\/#website","url":"https:\/\/dalboroque.es\/","name":"Tienda de comestibles","description":"Tus mejores productos extreme\u00f1os gourmet","potentialAction":[{"@type":"SearchAction","target":{"@type":"EntryPoint","urlTemplate":"https:\/\/dalboroque.es\/?s={search_term_string}"},"query-input":{"@type":"PropertyValueSpecification","valueRequired":true,"valueName":"search_term_string"}}],"inLanguage":"en-GB"}]}},"_links":{"self":[{"href":"https:\/\/dalboroque.es\/en\/wp-json\/wp\/v2\/product\/462","targetHints":{"allow":["GET"]}}],"collection":[{"href":"https:\/\/dalboroque.es\/en\/wp-json\/wp\/v2\/product"}],"about":[{"href":"https:\/\/dalboroque.es\/en\/wp-json\/wp\/v2\/types\/product"}],"replies":[{"embeddable":true,"href":"https:\/\/dalboroque.es\/en\/wp-json\/wp\/v2\/comments?post=462"}],"wp:featuredmedia":[{"embeddable":true,"href":"https:\/\/dalboroque.es\/en\/wp-json\/wp\/v2\/media\/438"}],"wp:attachment":[{"href":"https:\/\/dalboroque.es\/en\/wp-json\/wp\/v2\/media?parent=462"}],"wp:term":[{"taxonomy":"product_brand","embeddable":true,"href":"https:\/\/dalboroque.es\/en\/wp-json\/wp\/v2\/product_brand?post=462"},{"taxonomy":"product_cat","embeddable":true,"href":"https:\/\/dalboroque.es\/en\/wp-json\/wp\/v2\/product_cat?post=462"},{"taxonomy":"product_tag","embeddable":true,"href":"https:\/\/dalboroque.es\/en\/wp-json\/wp\/v2\/product_tag?post=462"}],"curies":[{"name":"wp","href":"https:\/\/api.w.org\/{rel}","templated":true}]}}