{"id":452,"date":"2024-07-01T17:10:18","date_gmt":"2024-07-01T15:10:18","guid":{"rendered":"https:\/\/dalboroque.es\/?post_type=product&#038;p=452"},"modified":"2024-07-02T12:42:53","modified_gmt":"2024-07-02T10:42:53","slug":"sara-broncano-bodega-felipe-cerro","status":"publish","type":"product","link":"https:\/\/dalboroque.es\/en\/tienda\/vinos\/vinos-extremenos\/sara-broncano-bodega-felipe-cerro\/","title":{"rendered":"Sara Broncano. Bodega Felipe Cerro"},"content":{"rendered":"<p>Sara Broncano es un vino blanco elaborado por Felipe Cerro, vitivinicultor por herencia familiar y artesano del vino natural por vocaci\u00f3n. La nanobodega se encuentra en Ca\u00f1amero, un pueblo de tradici\u00f3n vin\u00edcola situado en la provincia de C\u00e1ceres. As\u00ed nace este proyecto con m\u00e1s de 70 a\u00f1os de trayectoria donde alguien de la familia Audije se hab\u00eda dedicado a la viticultura y elaboraci\u00f3n del vino.<\/p>\n<p>Hoy, desde hace m\u00e1s de una d\u00e9cada, elabora junto con su familia un vino artesano, aut\u00e9ntico y natural siguiendo las ense\u00f1anzas familiares y sus estudios vin\u00edcolas. Es pues, la primera bodega de vino natural en Extremadura.<\/p>\n<p>Los vi\u00f1edos tienen m\u00e1s de 50 a\u00f1os y se encuentran a unos 600 metros de altitud . Si el a\u00f1o lo permite, no a\u00f1ade ning\u00fan tratamiento qu\u00edmico a la vi\u00f1a. El tratamiento en la bodega es el mismo, no a\u00f1adir ning\u00fan aditivo (clarificante, corrector de acidez&#8230;) o sulforoso a los vinos.<\/p>\n<p>Uva 100% alarije (variedad aut\u00f3ctona Extreme\u00f1a). Despalillado y fermentado en dep\u00f3sitos de acero inoxidable con los hollejos (pieles) durante un mes aproximadamente con sus levaduras ind\u00edgenas sin control de temperatura. A continuaci\u00f3n, se prensa y se vuelve a trasegar a los tanques de inox. Sin filtrar, sin clarificar y sin sulfitos a\u00f1adidos.<\/p>\n<p>El nombre del vino es en honor a la primera gerente de la bodega, Sara Broncano, abuela de Felipe.<\/p>\n<p>14% Vol.Alc.<\/p>\n<p>&nbsp;<\/p>","protected":false},"excerpt":{"rendered":"<p>Vino blanco de uva 100% Alarije procedente de vi\u00f1edos no tratados qu\u00edmicamente. Las uvas se vendimian manualmente, seleccionando racimo a racimo. A continuaci\u00f3n, pasan a bodega donde tras el despalillado pasar\u00e1n un mes de maceraci\u00f3n con sus pieles en tanques de acero inoxidable. Fermenta de forma espont\u00e1nea con sus levaduras ind\u00edgenas. No se clarifica, no se filtra y no se a\u00f1ade sulfitos.<\/p>\n<p>Vista: Presenta un color naranja-ocre intenso, trasparente y puede contener sedimentos naturales.<\/p>\n<p>Nariz: aromas a frutas maduras como orejones, albaricoques y toques anisados como a hinojo.<\/p>\n<p>Boca: cuerpo medio, persistente y calidez final.<\/p>\n<p>Maridaje: quesos azules, platos de caza o como postre.<\/p>\n<p>14% Vol. Alc.<\/p>","protected":false},"featured_media":426,"comment_status":"open","ping_status":"closed","template":"","meta":[],"product_brand":[],"product_cat":[51,122],"product_tag":[172,135,173,72],"class_list":{"0":"post-452","1":"product","2":"type-product","3":"status-publish","4":"has-post-thumbnail","6":"product_cat-vinos","7":"product_cat-vinos-extremenos","8":"product_tag-canamero","9":"product_tag-natural","10":"product_tag-sin-sulfitos-anadidos","11":"product_tag-vino-blanco","13":"first","14":"instock","15":"shipping-taxable","16":"purchasable","17":"product-type-simple"},"yoast_head":"<!-- This site is optimized with the Yoast SEO plugin v27.4 - https:\/\/yoast.com\/product\/yoast-seo-wordpress\/ -->\n<title>Sara Broncano. Bodega Felipe Cerro - Tienda de comestibles<\/title>\n<meta name=\"description\" content=\"Vino blanco de uva 100% Alarije. Fermentado y criado en dep\u00f3sito de acero inoxidable. Natural, sin sulfitos a\u00f1adidos. Ca\u00f1amero\" \/>\n<meta name=\"robots\" content=\"index, follow, max-snippet:-1, max-image-preview:large, max-video-preview:-1\" \/>\n<link rel=\"canonical\" href=\"https:\/\/dalboroque.es\/en\/tienda\/vinos\/vinos-extremenos\/sara-broncano-bodega-felipe-cerro\/\" \/>\n<meta property=\"og:locale\" content=\"en_GB\" \/>\n<meta property=\"og:type\" content=\"article\" \/>\n<meta property=\"og:title\" content=\"Sara Broncano. Bodega Felipe Cerro - Tienda de comestibles\" \/>\n<meta property=\"og:description\" content=\"Vino blanco de uva 100% Alarije. Fermentado y criado en dep\u00f3sito de acero inoxidable. Natural, sin sulfitos a\u00f1adidos. Ca\u00f1amero\" \/>\n<meta property=\"og:url\" content=\"https:\/\/dalboroque.es\/en\/tienda\/vinos\/vinos-extremenos\/sara-broncano-bodega-felipe-cerro\/\" \/>\n<meta property=\"og:site_name\" content=\"Tienda de comestibles\" \/>\n<meta property=\"article:modified_time\" content=\"2024-07-02T10:42:53+00:00\" \/>\n<meta property=\"og:image\" content=\"https:\/\/dalboroque.es\/wp-content\/uploads\/2024\/06\/dalboroque-audije-sara-broncano-blanco.webp\" \/>\n\t<meta property=\"og:image:width\" content=\"1200\" \/>\n\t<meta property=\"og:image:height\" content=\"1200\" \/>\n\t<meta property=\"og:image:type\" content=\"image\/webp\" \/>\n<meta name=\"twitter:card\" content=\"summary_large_image\" \/>\n<meta name=\"twitter:label1\" content=\"Estimated reading time\" \/>\n\t<meta name=\"twitter:data1\" content=\"2 minutes\" \/>\n<script type=\"application\/ld+json\" class=\"yoast-schema-graph\">{\"@context\":\"https:\\\/\\\/schema.org\",\"@graph\":[{\"@type\":\"WebPage\",\"@id\":\"https:\\\/\\\/dalboroque.es\\\/tienda\\\/vinos\\\/vinos-extremenos\\\/sara-broncano-bodega-felipe-cerro\\\/\",\"url\":\"https:\\\/\\\/dalboroque.es\\\/tienda\\\/vinos\\\/vinos-extremenos\\\/sara-broncano-bodega-felipe-cerro\\\/\",\"name\":\"Sara Broncano. Bodega Felipe Cerro - Tienda de comestibles\",\"isPartOf\":{\"@id\":\"https:\\\/\\\/dalboroque.es\\\/#website\"},\"primaryImageOfPage\":{\"@id\":\"https:\\\/\\\/dalboroque.es\\\/tienda\\\/vinos\\\/vinos-extremenos\\\/sara-broncano-bodega-felipe-cerro\\\/#primaryimage\"},\"image\":{\"@id\":\"https:\\\/\\\/dalboroque.es\\\/tienda\\\/vinos\\\/vinos-extremenos\\\/sara-broncano-bodega-felipe-cerro\\\/#primaryimage\"},\"thumbnailUrl\":\"https:\\\/\\\/dalboroque.es\\\/wp-content\\\/uploads\\\/2024\\\/06\\\/dalboroque-audije-sara-broncano-blanco.webp\",\"datePublished\":\"2024-07-01T15:10:18+00:00\",\"dateModified\":\"2024-07-02T10:42:53+00:00\",\"description\":\"Vino blanco de uva 100% Alarije. Fermentado y criado en dep\u00f3sito de acero inoxidable. Natural, sin sulfitos a\u00f1adidos. Ca\u00f1amero\",\"breadcrumb\":{\"@id\":\"https:\\\/\\\/dalboroque.es\\\/tienda\\\/vinos\\\/vinos-extremenos\\\/sara-broncano-bodega-felipe-cerro\\\/#breadcrumb\"},\"inLanguage\":\"en-GB\",\"potentialAction\":[{\"@type\":\"ReadAction\",\"target\":[\"https:\\\/\\\/dalboroque.es\\\/tienda\\\/vinos\\\/vinos-extremenos\\\/sara-broncano-bodega-felipe-cerro\\\/\"]}]},{\"@type\":\"ImageObject\",\"inLanguage\":\"en-GB\",\"@id\":\"https:\\\/\\\/dalboroque.es\\\/tienda\\\/vinos\\\/vinos-extremenos\\\/sara-broncano-bodega-felipe-cerro\\\/#primaryimage\",\"url\":\"https:\\\/\\\/dalboroque.es\\\/wp-content\\\/uploads\\\/2024\\\/06\\\/dalboroque-audije-sara-broncano-blanco.webp\",\"contentUrl\":\"https:\\\/\\\/dalboroque.es\\\/wp-content\\\/uploads\\\/2024\\\/06\\\/dalboroque-audije-sara-broncano-blanco.webp\",\"width\":1200,\"height\":1200},{\"@type\":\"BreadcrumbList\",\"@id\":\"https:\\\/\\\/dalboroque.es\\\/tienda\\\/vinos\\\/vinos-extremenos\\\/sara-broncano-bodega-felipe-cerro\\\/#breadcrumb\",\"itemListElement\":[{\"@type\":\"ListItem\",\"position\":1,\"name\":\"Tienda\",\"item\":\"https:\\\/\\\/dalboroque.es\\\/tienda\\\/\"},{\"@type\":\"ListItem\",\"position\":2,\"name\":\"Sara Broncano. Bodega Felipe Cerro\"}]},{\"@type\":\"WebSite\",\"@id\":\"https:\\\/\\\/dalboroque.es\\\/#website\",\"url\":\"https:\\\/\\\/dalboroque.es\\\/\",\"name\":\"Tienda de comestibles\",\"description\":\"Tus mejores productos extreme\u00f1os gourmet\",\"potentialAction\":[{\"@type\":\"SearchAction\",\"target\":{\"@type\":\"EntryPoint\",\"urlTemplate\":\"https:\\\/\\\/dalboroque.es\\\/?s={search_term_string}\"},\"query-input\":{\"@type\":\"PropertyValueSpecification\",\"valueRequired\":true,\"valueName\":\"search_term_string\"}}],\"inLanguage\":\"en-GB\"}]}<\/script>\n<!-- \/ Yoast SEO plugin. -->","yoast_head_json":{"title":"Sara Broncano. Bodega Felipe Cerro - Tienda de comestibles","description":"Vino blanco de uva 100% Alarije. Fermentado y criado en dep\u00f3sito de acero inoxidable. Natural, sin sulfitos a\u00f1adidos. Ca\u00f1amero","robots":{"index":"index","follow":"follow","max-snippet":"max-snippet:-1","max-image-preview":"max-image-preview:large","max-video-preview":"max-video-preview:-1"},"canonical":"https:\/\/dalboroque.es\/en\/tienda\/vinos\/vinos-extremenos\/sara-broncano-bodega-felipe-cerro\/","og_locale":"en_GB","og_type":"article","og_title":"Sara Broncano. Bodega Felipe Cerro - Tienda de comestibles","og_description":"Vino blanco de uva 100% Alarije. Fermentado y criado en dep\u00f3sito de acero inoxidable. Natural, sin sulfitos a\u00f1adidos. Ca\u00f1amero","og_url":"https:\/\/dalboroque.es\/en\/tienda\/vinos\/vinos-extremenos\/sara-broncano-bodega-felipe-cerro\/","og_site_name":"Tienda de comestibles","article_modified_time":"2024-07-02T10:42:53+00:00","og_image":[{"width":1200,"height":1200,"url":"https:\/\/dalboroque.es\/wp-content\/uploads\/2024\/06\/dalboroque-audije-sara-broncano-blanco.webp","type":"image\/webp"}],"twitter_card":"summary_large_image","twitter_misc":{"Estimated reading time":"2 minutes"},"schema":{"@context":"https:\/\/schema.org","@graph":[{"@type":"WebPage","@id":"https:\/\/dalboroque.es\/tienda\/vinos\/vinos-extremenos\/sara-broncano-bodega-felipe-cerro\/","url":"https:\/\/dalboroque.es\/tienda\/vinos\/vinos-extremenos\/sara-broncano-bodega-felipe-cerro\/","name":"Sara Broncano. Bodega Felipe Cerro - Tienda de comestibles","isPartOf":{"@id":"https:\/\/dalboroque.es\/#website"},"primaryImageOfPage":{"@id":"https:\/\/dalboroque.es\/tienda\/vinos\/vinos-extremenos\/sara-broncano-bodega-felipe-cerro\/#primaryimage"},"image":{"@id":"https:\/\/dalboroque.es\/tienda\/vinos\/vinos-extremenos\/sara-broncano-bodega-felipe-cerro\/#primaryimage"},"thumbnailUrl":"https:\/\/dalboroque.es\/wp-content\/uploads\/2024\/06\/dalboroque-audije-sara-broncano-blanco.webp","datePublished":"2024-07-01T15:10:18+00:00","dateModified":"2024-07-02T10:42:53+00:00","description":"Vino blanco de uva 100% Alarije. Fermentado y criado en dep\u00f3sito de acero inoxidable. Natural, sin sulfitos a\u00f1adidos. Ca\u00f1amero","breadcrumb":{"@id":"https:\/\/dalboroque.es\/tienda\/vinos\/vinos-extremenos\/sara-broncano-bodega-felipe-cerro\/#breadcrumb"},"inLanguage":"en-GB","potentialAction":[{"@type":"ReadAction","target":["https:\/\/dalboroque.es\/tienda\/vinos\/vinos-extremenos\/sara-broncano-bodega-felipe-cerro\/"]}]},{"@type":"ImageObject","inLanguage":"en-GB","@id":"https:\/\/dalboroque.es\/tienda\/vinos\/vinos-extremenos\/sara-broncano-bodega-felipe-cerro\/#primaryimage","url":"https:\/\/dalboroque.es\/wp-content\/uploads\/2024\/06\/dalboroque-audije-sara-broncano-blanco.webp","contentUrl":"https:\/\/dalboroque.es\/wp-content\/uploads\/2024\/06\/dalboroque-audije-sara-broncano-blanco.webp","width":1200,"height":1200},{"@type":"BreadcrumbList","@id":"https:\/\/dalboroque.es\/tienda\/vinos\/vinos-extremenos\/sara-broncano-bodega-felipe-cerro\/#breadcrumb","itemListElement":[{"@type":"ListItem","position":1,"name":"Tienda","item":"https:\/\/dalboroque.es\/tienda\/"},{"@type":"ListItem","position":2,"name":"Sara Broncano. Bodega Felipe Cerro"}]},{"@type":"WebSite","@id":"https:\/\/dalboroque.es\/#website","url":"https:\/\/dalboroque.es\/","name":"Tienda de comestibles","description":"Tus mejores productos extreme\u00f1os gourmet","potentialAction":[{"@type":"SearchAction","target":{"@type":"EntryPoint","urlTemplate":"https:\/\/dalboroque.es\/?s={search_term_string}"},"query-input":{"@type":"PropertyValueSpecification","valueRequired":true,"valueName":"search_term_string"}}],"inLanguage":"en-GB"}]}},"_links":{"self":[{"href":"https:\/\/dalboroque.es\/en\/wp-json\/wp\/v2\/product\/452","targetHints":{"allow":["GET"]}}],"collection":[{"href":"https:\/\/dalboroque.es\/en\/wp-json\/wp\/v2\/product"}],"about":[{"href":"https:\/\/dalboroque.es\/en\/wp-json\/wp\/v2\/types\/product"}],"replies":[{"embeddable":true,"href":"https:\/\/dalboroque.es\/en\/wp-json\/wp\/v2\/comments?post=452"}],"wp:featuredmedia":[{"embeddable":true,"href":"https:\/\/dalboroque.es\/en\/wp-json\/wp\/v2\/media\/426"}],"wp:attachment":[{"href":"https:\/\/dalboroque.es\/en\/wp-json\/wp\/v2\/media?parent=452"}],"wp:term":[{"taxonomy":"product_brand","embeddable":true,"href":"https:\/\/dalboroque.es\/en\/wp-json\/wp\/v2\/product_brand?post=452"},{"taxonomy":"product_cat","embeddable":true,"href":"https:\/\/dalboroque.es\/en\/wp-json\/wp\/v2\/product_cat?post=452"},{"taxonomy":"product_tag","embeddable":true,"href":"https:\/\/dalboroque.es\/en\/wp-json\/wp\/v2\/product_tag?post=452"}],"curies":[{"name":"wp","href":"https:\/\/api.w.org\/{rel}","templated":true}]}}