{"id":445,"date":"2024-06-26T17:03:37","date_gmt":"2024-06-26T15:03:37","guid":{"rendered":"https:\/\/dalboroque.es\/?post_type=product&#038;p=445"},"modified":"2024-06-27T22:58:47","modified_gmt":"2024-06-27T20:58:47","slug":"raposa-naranja-bodega-prelvm","status":"publish","type":"product","link":"https:\/\/dalboroque.es\/en\/tienda\/vinos\/vinos-extremenos\/raposa-naranja-bodega-prelvm\/","title":{"rendered":"Raposa Naranja. Bodega Prelvm"},"content":{"rendered":"<p><strong>Raposa Naranja<\/strong> es un vino blanco de maceraci\u00f3n de pieles, vino naranja u \u00aborange wine\u00bb elaborado por Juan Leandro Romero, bodeguero por tradici\u00f3n familiar y viticultor por vocaci\u00f3n. Es un apasionado de los vinos de su tierra y lo refleja en cada botella dejando que el terru\u00f1o se exprese de la mejor manera posible. Su proyecto personal se denomina Prelvm (nombre de la viga central de las antiguas prensas romanas) y da nombre a la bodega situada en El Raposo, Badajoz.<\/p>\n<p>Este vino procede de vi\u00f1edos ecol\u00f3gicos j\u00f3venes situados a 546 metros de altitud y plantados sobre suelos arcillosos.<\/p>\n<p>Vendimia: manual, nocturna en cajas de 16kg.<\/p>\n<p>Uvas: Macabeo (variedad aut\u00f3ctona de su zona)<\/p>\n<p>Elaboraci\u00f3n: Traslado a la bodega y selecci\u00f3n en mesa. Despalillado y traslado a las tinajas de barro con sus hollejos donde fermentara a temperatura controlada durante unos 10 d\u00edas. Bazuqueos diarios de forma manual. Cuando los hollejos bajan al fondo procedemos al descube y prensado de los hollejos. Posteriormente todo el vino se vuelve a pasar a las tinajas donde permanecer\u00e1 unos meses para su afinamiento y crianza en ellas. Diferentes trasiegos nos permitir\u00e1 que el vino se vaya decantando y clarificando. Posteriormente pasaremos a su embotellado sin clarificaci\u00f3n, sin estabilizaci\u00f3n y sin filtraci\u00f3n previa. Es un vino natural al que solo le aportamos un poco de Sulfuroso antes del embotellado, no superando nunca los 30 mgr\/litro, para garantizar su conservaci\u00f3n.<\/p>\n<p>Denominaci\u00f3n: Vino de la Tierra de Extremadura<\/p>\n<p>Vista: Presenta un color a oro viejo con tonalidades doradas, limpio y brillante.<\/p>\n<p>Nariz: elegante con notas a frutas blanca recordando a manzana, pera, y albaricoque, con fondo sutil de flores a medida que evoluciona en la copa.<\/p>\n<p>Boca: es de entrada ligera, fresco, con cierta calidez y persistencia media.<\/p>\n<p>Maridaje: muy gastron\u00f3mico. Ideal para aperitivo y para acompa\u00f1ar escabeches o platos de casquer\u00eda como unos buenos callos.<\/p>\n<p>13%Vol. Alc.<\/p>","protected":false},"excerpt":{"rendered":"<p>Vino blanco de maceraci\u00f3n de pieles u \u00aborange wine\u00bb procedente de vi\u00f1edos ecol\u00f3gicos de 30 a\u00f1os de edad situados sobre suelos arcillosos a una altitud de 546 metros sobre el nivel del mar.\u00a0 Vendimia manual, nocturna y selectiva.<\/p>\n<p>Uvas: 100% Macabeo<\/p>\n<p>Fermentado y criado en tinajas de barro. Sin filtrar ni clarificar. Sin sulfitos a\u00f1adidos<\/p>\n<p>D.O: Vino de la Tierra de Extremadura<\/p>\n<p>Color: oro viejo con tonalidades doradas- anaranjadas, limpio y brillante.\u00a0 Aromas a albaricoque, orejones y flores blancas. En boca, la entrada es amable con cierta calidez final.<\/p>\n<p>Maridaje: muy gastron\u00f3mico, amplia variedad de platos.<\/p>\n<p>13% Vol. Alc.<\/p>","protected":false},"featured_media":427,"comment_status":"open","ping_status":"closed","template":"","meta":[],"product_brand":[],"product_cat":[51,122],"product_tag":[138,159,158,157,58],"class_list":{"0":"post-445","1":"product","2":"type-product","3":"status-publish","4":"has-post-thumbnail","6":"product_cat-vinos","7":"product_cat-vinos-extremenos","8":"product_tag-extremadura","9":"product_tag-macabeo","10":"product_tag-orange","11":"product_tag-tinajas","12":"product_tag-vino","14":"first","15":"instock","16":"shipping-taxable","17":"purchasable","18":"product-type-simple"},"yoast_head":"<!-- This site is optimized with the Yoast SEO plugin v27.3 - https:\/\/yoast.com\/product\/yoast-seo-wordpress\/ -->\n<title>Raposa Naranja. Bodega Prelvm - Tienda de comestibles<\/title>\n<meta name=\"description\" content=\"Vino blanco de maceraci\u00f3n de pieles u orange wine elaborado con uva Macabeo. Fermentado y criado en tinajas de barro. Ecol\u00f3gico. Sin filtrar ni clarificar.\" \/>\n<meta name=\"robots\" content=\"index, follow, max-snippet:-1, max-image-preview:large, max-video-preview:-1\" \/>\n<link rel=\"canonical\" href=\"https:\/\/dalboroque.es\/en\/tienda\/vinos\/vinos-extremenos\/raposa-naranja-bodega-prelvm\/\" \/>\n<meta property=\"og:locale\" content=\"en_GB\" \/>\n<meta property=\"og:type\" content=\"article\" \/>\n<meta property=\"og:title\" content=\"Raposa Naranja. Bodega Prelvm - Tienda de comestibles\" \/>\n<meta property=\"og:description\" content=\"Vino blanco de maceraci\u00f3n de pieles u orange wine elaborado con uva Macabeo. Fermentado y criado en tinajas de barro. Ecol\u00f3gico. Sin filtrar ni clarificar.\" \/>\n<meta property=\"og:url\" content=\"https:\/\/dalboroque.es\/en\/tienda\/vinos\/vinos-extremenos\/raposa-naranja-bodega-prelvm\/\" \/>\n<meta property=\"og:site_name\" content=\"Tienda de comestibles\" \/>\n<meta property=\"article:modified_time\" content=\"2024-06-27T20:58:47+00:00\" \/>\n<meta property=\"og:image\" content=\"https:\/\/dalboroque.es\/wp-content\/uploads\/2024\/06\/dalboroque-prelum-raposa-naranja.webp\" \/>\n\t<meta property=\"og:image:width\" content=\"1200\" \/>\n\t<meta property=\"og:image:height\" content=\"1200\" \/>\n\t<meta property=\"og:image:type\" content=\"image\/webp\" \/>\n<meta name=\"twitter:card\" content=\"summary_large_image\" \/>\n<meta name=\"twitter:label1\" content=\"Estimated reading time\" \/>\n\t<meta name=\"twitter:data1\" content=\"2 minutes\" \/>\n<script type=\"application\/ld+json\" class=\"yoast-schema-graph\">{\"@context\":\"https:\\\/\\\/schema.org\",\"@graph\":[{\"@type\":\"WebPage\",\"@id\":\"https:\\\/\\\/dalboroque.es\\\/tienda\\\/vinos\\\/vinos-extremenos\\\/raposa-naranja-bodega-prelvm\\\/\",\"url\":\"https:\\\/\\\/dalboroque.es\\\/tienda\\\/vinos\\\/vinos-extremenos\\\/raposa-naranja-bodega-prelvm\\\/\",\"name\":\"Raposa Naranja. Bodega Prelvm - Tienda de comestibles\",\"isPartOf\":{\"@id\":\"https:\\\/\\\/dalboroque.es\\\/#website\"},\"primaryImageOfPage\":{\"@id\":\"https:\\\/\\\/dalboroque.es\\\/tienda\\\/vinos\\\/vinos-extremenos\\\/raposa-naranja-bodega-prelvm\\\/#primaryimage\"},\"image\":{\"@id\":\"https:\\\/\\\/dalboroque.es\\\/tienda\\\/vinos\\\/vinos-extremenos\\\/raposa-naranja-bodega-prelvm\\\/#primaryimage\"},\"thumbnailUrl\":\"https:\\\/\\\/dalboroque.es\\\/wp-content\\\/uploads\\\/2024\\\/06\\\/dalboroque-prelum-raposa-naranja.webp\",\"datePublished\":\"2024-06-26T15:03:37+00:00\",\"dateModified\":\"2024-06-27T20:58:47+00:00\",\"description\":\"Vino blanco de maceraci\u00f3n de pieles u orange wine elaborado con uva Macabeo. Fermentado y criado en tinajas de barro. Ecol\u00f3gico. Sin filtrar ni clarificar.\",\"breadcrumb\":{\"@id\":\"https:\\\/\\\/dalboroque.es\\\/tienda\\\/vinos\\\/vinos-extremenos\\\/raposa-naranja-bodega-prelvm\\\/#breadcrumb\"},\"inLanguage\":\"en-GB\",\"potentialAction\":[{\"@type\":\"ReadAction\",\"target\":[\"https:\\\/\\\/dalboroque.es\\\/tienda\\\/vinos\\\/vinos-extremenos\\\/raposa-naranja-bodega-prelvm\\\/\"]}]},{\"@type\":\"ImageObject\",\"inLanguage\":\"en-GB\",\"@id\":\"https:\\\/\\\/dalboroque.es\\\/tienda\\\/vinos\\\/vinos-extremenos\\\/raposa-naranja-bodega-prelvm\\\/#primaryimage\",\"url\":\"https:\\\/\\\/dalboroque.es\\\/wp-content\\\/uploads\\\/2024\\\/06\\\/dalboroque-prelum-raposa-naranja.webp\",\"contentUrl\":\"https:\\\/\\\/dalboroque.es\\\/wp-content\\\/uploads\\\/2024\\\/06\\\/dalboroque-prelum-raposa-naranja.webp\",\"width\":1200,\"height\":1200},{\"@type\":\"BreadcrumbList\",\"@id\":\"https:\\\/\\\/dalboroque.es\\\/tienda\\\/vinos\\\/vinos-extremenos\\\/raposa-naranja-bodega-prelvm\\\/#breadcrumb\",\"itemListElement\":[{\"@type\":\"ListItem\",\"position\":1,\"name\":\"Tienda\",\"item\":\"https:\\\/\\\/dalboroque.es\\\/tienda\\\/\"},{\"@type\":\"ListItem\",\"position\":2,\"name\":\"Raposa Naranja. Bodega Prelvm\"}]},{\"@type\":\"WebSite\",\"@id\":\"https:\\\/\\\/dalboroque.es\\\/#website\",\"url\":\"https:\\\/\\\/dalboroque.es\\\/\",\"name\":\"Tienda de comestibles\",\"description\":\"Tus mejores productos extreme\u00f1os gourmet\",\"potentialAction\":[{\"@type\":\"SearchAction\",\"target\":{\"@type\":\"EntryPoint\",\"urlTemplate\":\"https:\\\/\\\/dalboroque.es\\\/?s={search_term_string}\"},\"query-input\":{\"@type\":\"PropertyValueSpecification\",\"valueRequired\":true,\"valueName\":\"search_term_string\"}}],\"inLanguage\":\"en-GB\"}]}<\/script>\n<!-- \/ Yoast SEO plugin. -->","yoast_head_json":{"title":"Raposa Naranja. Bodega Prelvm - Tienda de comestibles","description":"Vino blanco de maceraci\u00f3n de pieles u orange wine elaborado con uva Macabeo. Fermentado y criado en tinajas de barro. Ecol\u00f3gico. Sin filtrar ni clarificar.","robots":{"index":"index","follow":"follow","max-snippet":"max-snippet:-1","max-image-preview":"max-image-preview:large","max-video-preview":"max-video-preview:-1"},"canonical":"https:\/\/dalboroque.es\/en\/tienda\/vinos\/vinos-extremenos\/raposa-naranja-bodega-prelvm\/","og_locale":"en_GB","og_type":"article","og_title":"Raposa Naranja. Bodega Prelvm - Tienda de comestibles","og_description":"Vino blanco de maceraci\u00f3n de pieles u orange wine elaborado con uva Macabeo. Fermentado y criado en tinajas de barro. Ecol\u00f3gico. Sin filtrar ni clarificar.","og_url":"https:\/\/dalboroque.es\/en\/tienda\/vinos\/vinos-extremenos\/raposa-naranja-bodega-prelvm\/","og_site_name":"Tienda de comestibles","article_modified_time":"2024-06-27T20:58:47+00:00","og_image":[{"width":1200,"height":1200,"url":"https:\/\/dalboroque.es\/wp-content\/uploads\/2024\/06\/dalboroque-prelum-raposa-naranja.webp","type":"image\/webp"}],"twitter_card":"summary_large_image","twitter_misc":{"Estimated reading time":"2 minutes"},"schema":{"@context":"https:\/\/schema.org","@graph":[{"@type":"WebPage","@id":"https:\/\/dalboroque.es\/tienda\/vinos\/vinos-extremenos\/raposa-naranja-bodega-prelvm\/","url":"https:\/\/dalboroque.es\/tienda\/vinos\/vinos-extremenos\/raposa-naranja-bodega-prelvm\/","name":"Raposa Naranja. Bodega Prelvm - Tienda de comestibles","isPartOf":{"@id":"https:\/\/dalboroque.es\/#website"},"primaryImageOfPage":{"@id":"https:\/\/dalboroque.es\/tienda\/vinos\/vinos-extremenos\/raposa-naranja-bodega-prelvm\/#primaryimage"},"image":{"@id":"https:\/\/dalboroque.es\/tienda\/vinos\/vinos-extremenos\/raposa-naranja-bodega-prelvm\/#primaryimage"},"thumbnailUrl":"https:\/\/dalboroque.es\/wp-content\/uploads\/2024\/06\/dalboroque-prelum-raposa-naranja.webp","datePublished":"2024-06-26T15:03:37+00:00","dateModified":"2024-06-27T20:58:47+00:00","description":"Vino blanco de maceraci\u00f3n de pieles u orange wine elaborado con uva Macabeo. Fermentado y criado en tinajas de barro. Ecol\u00f3gico. Sin filtrar ni clarificar.","breadcrumb":{"@id":"https:\/\/dalboroque.es\/tienda\/vinos\/vinos-extremenos\/raposa-naranja-bodega-prelvm\/#breadcrumb"},"inLanguage":"en-GB","potentialAction":[{"@type":"ReadAction","target":["https:\/\/dalboroque.es\/tienda\/vinos\/vinos-extremenos\/raposa-naranja-bodega-prelvm\/"]}]},{"@type":"ImageObject","inLanguage":"en-GB","@id":"https:\/\/dalboroque.es\/tienda\/vinos\/vinos-extremenos\/raposa-naranja-bodega-prelvm\/#primaryimage","url":"https:\/\/dalboroque.es\/wp-content\/uploads\/2024\/06\/dalboroque-prelum-raposa-naranja.webp","contentUrl":"https:\/\/dalboroque.es\/wp-content\/uploads\/2024\/06\/dalboroque-prelum-raposa-naranja.webp","width":1200,"height":1200},{"@type":"BreadcrumbList","@id":"https:\/\/dalboroque.es\/tienda\/vinos\/vinos-extremenos\/raposa-naranja-bodega-prelvm\/#breadcrumb","itemListElement":[{"@type":"ListItem","position":1,"name":"Tienda","item":"https:\/\/dalboroque.es\/tienda\/"},{"@type":"ListItem","position":2,"name":"Raposa Naranja. Bodega Prelvm"}]},{"@type":"WebSite","@id":"https:\/\/dalboroque.es\/#website","url":"https:\/\/dalboroque.es\/","name":"Tienda de comestibles","description":"Tus mejores productos extreme\u00f1os gourmet","potentialAction":[{"@type":"SearchAction","target":{"@type":"EntryPoint","urlTemplate":"https:\/\/dalboroque.es\/?s={search_term_string}"},"query-input":{"@type":"PropertyValueSpecification","valueRequired":true,"valueName":"search_term_string"}}],"inLanguage":"en-GB"}]}},"_links":{"self":[{"href":"https:\/\/dalboroque.es\/en\/wp-json\/wp\/v2\/product\/445","targetHints":{"allow":["GET"]}}],"collection":[{"href":"https:\/\/dalboroque.es\/en\/wp-json\/wp\/v2\/product"}],"about":[{"href":"https:\/\/dalboroque.es\/en\/wp-json\/wp\/v2\/types\/product"}],"replies":[{"embeddable":true,"href":"https:\/\/dalboroque.es\/en\/wp-json\/wp\/v2\/comments?post=445"}],"wp:featuredmedia":[{"embeddable":true,"href":"https:\/\/dalboroque.es\/en\/wp-json\/wp\/v2\/media\/427"}],"wp:attachment":[{"href":"https:\/\/dalboroque.es\/en\/wp-json\/wp\/v2\/media?parent=445"}],"wp:term":[{"taxonomy":"product_brand","embeddable":true,"href":"https:\/\/dalboroque.es\/en\/wp-json\/wp\/v2\/product_brand?post=445"},{"taxonomy":"product_cat","embeddable":true,"href":"https:\/\/dalboroque.es\/en\/wp-json\/wp\/v2\/product_cat?post=445"},{"taxonomy":"product_tag","embeddable":true,"href":"https:\/\/dalboroque.es\/en\/wp-json\/wp\/v2\/product_tag?post=445"}],"curies":[{"name":"wp","href":"https:\/\/api.w.org\/{rel}","templated":true}]}}