{"id":439,"date":"2024-06-25T18:31:15","date_gmt":"2024-06-25T16:31:15","guid":{"rendered":"https:\/\/dalboroque.es\/?post_type=product&#038;p=439"},"modified":"2024-07-01T15:33:36","modified_gmt":"2024-07-01T13:33:36","slug":"alma-pura-tinto-prelvm","status":"publish","type":"product","link":"https:\/\/dalboroque.es\/en\/tienda\/vinos\/vinos-extremenos\/alma-pura-tinto-prelvm\/","title":{"rendered":"Alma Pura Tinto. Bodega Prelvm"},"content":{"rendered":"<p><strong>Alma Pura Tinto<\/strong> es un vino elaborado por Juan Leandro Romero, bodeguero por tradici\u00f3n familiar y viticultor por vocaci\u00f3n. Es un apasionado de los vinos de su tierra y lo refleja en cada botella dejando que el terru\u00f1o se exprese de la mejor manera posible. Su proyecto personal se denomina Prelvm (nombre de las antiguas prensas romanas) y da nombre a la bodega situada en El Raposo, Badajoz.<\/p>\n<p>Este vino tinto procede de vi\u00f1edos ecol\u00f3gicos j\u00f3venes situados a 546 metros de altitud y plantados sobre suelos arcillosos.<\/p>\n<p>Vendimia: manual, nocturna en cajas de 16kg. Se recoge la uva un poco antes para conseguir frescura, acidez, bajo ph y bajo grado alcoh\u00f3lico.<\/p>\n<p>Uvas: 60% garnacha y 40% cari\u00f1ena<\/p>\n<p>Elaboraci\u00f3n: las uvas son despalilladas y trasladadas a tinajas de barro donde fermentar\u00e1 durante unos 20 d\u00edas con sus hollejos gracias a la acci\u00f3n de sus levaduras ind\u00edgenas. Se realizan bazuqueaos diarios de forma manual. Cuando los hollejos bajan al fondo, se procede al prensado y posteriormente vuelve a pasar a las tinajas donde permanecer\u00e1 como m\u00ednimo unos 8 meses para su afinado y crianza. Sin filtraci\u00f3n ni clarificaci\u00f3n. \u00a0<strong>Adem\u00e1s, es 100% natural, sin la adici\u00f3n de sulforoso en ninguna fase del proceso (SIN SULFITOS).<\/strong><\/p>\n<p>Denominaci\u00f3n: Vino de la Tierra de Extremadura<\/p>\n<p>Vista: color granate, intenso y brillante.<\/p>\n<p>Nariz: aromas a frutos silvestres, ar\u00e1ndanos y ciruelas.<\/p>\n<p>Boca: voluminoso pero fresco. Car\u00e1cter continental.<\/p>\n<p>Maridaje: carnes de aves, ensaladas, pat\u00e9s de caza y quesos de pasta blanda.<\/p>\n<p>14% Vol. Alc.<\/p>\n<p>&nbsp;<\/p>\n<p>&nbsp;<\/p>","protected":false},"excerpt":{"rendered":"<p>Vino tinto natural procedente de vi\u00f1edos ecol\u00f3gicos de 30 a\u00f1os de edad situados sobre suelos arcillosos a una altitud de 546 metros sobre el nivel del mar. Vendimia manual, nocturna y temprana. <strong>SIN SULFITOS A\u00d1ADIDOS<\/strong><\/p>\n<p>Uvas: 60% garnacha y 40% cari\u00f1ena<\/p>\n<p>Fermentado y criado en tinajas de barro. Sin filtrar ni clarificar. Sin sulfitos a\u00f1adidos<\/p>\n<p>D.O: Vino de la Tierra de Extremadura<\/p>\n<p>Color granate, intenso y aromas a ar\u00e1ndanos, frutos silvestres y ciruelas. En boca es corpulento pero fresco, de baja acidez y f\u00e1cil de beber.<\/p>\n<p>Maridaje: carnes de aves, pat\u00e9s de caza y quesos de pasta blanda<\/p>\n<p>14% Vol. Alc.<\/p>","protected":false},"featured_media":422,"comment_status":"open","ping_status":"closed","template":"","meta":[],"product_brand":[],"product_cat":[51,122],"product_tag":[138,141,135,156],"class_list":{"0":"post-439","1":"product","2":"type-product","3":"status-publish","4":"has-post-thumbnail","6":"product_cat-vinos","7":"product_cat-vinos-extremenos","8":"product_tag-extremadura","9":"product_tag-ligero","10":"product_tag-natural","11":"product_tag-sin-sulfitos","13":"first","14":"instock","15":"shipping-taxable","16":"purchasable","17":"product-type-simple"},"yoast_head":"<!-- This site is optimized with the Yoast SEO plugin v27.4 - https:\/\/yoast.com\/product\/yoast-seo-wordpress\/ -->\n<title>Alma Pura Tinto. Bodega Prelvm - Tienda de comestibles<\/title>\n<meta name=\"description\" content=\"Vino tinto natural, sin sulfitos a\u00f1adidos. Ecol\u00f3gico. Uvas: garnacha y cari\u00f1ena. Fermentado y criado en tinajas de barro.\" \/>\n<meta name=\"robots\" content=\"index, follow, max-snippet:-1, max-image-preview:large, max-video-preview:-1\" \/>\n<link rel=\"canonical\" href=\"https:\/\/dalboroque.es\/en\/tienda\/vinos\/vinos-extremenos\/alma-pura-tinto-prelvm\/\" \/>\n<meta property=\"og:locale\" content=\"en_GB\" \/>\n<meta property=\"og:type\" content=\"article\" \/>\n<meta property=\"og:title\" content=\"Alma Pura Tinto. Bodega Prelvm - Tienda de comestibles\" \/>\n<meta property=\"og:description\" content=\"Vino tinto natural, sin sulfitos a\u00f1adidos. Ecol\u00f3gico. Uvas: garnacha y cari\u00f1ena. Fermentado y criado en tinajas de barro.\" \/>\n<meta property=\"og:url\" content=\"https:\/\/dalboroque.es\/en\/tienda\/vinos\/vinos-extremenos\/alma-pura-tinto-prelvm\/\" \/>\n<meta property=\"og:site_name\" content=\"Tienda de comestibles\" \/>\n<meta property=\"article:modified_time\" content=\"2024-07-01T13:33:36+00:00\" \/>\n<meta property=\"og:image\" content=\"https:\/\/dalboroque.es\/wp-content\/uploads\/2024\/06\/dalboroque-prelum-alma-pura-tinto.webp\" \/>\n\t<meta property=\"og:image:width\" content=\"1200\" \/>\n\t<meta property=\"og:image:height\" content=\"1200\" \/>\n\t<meta property=\"og:image:type\" content=\"image\/webp\" \/>\n<meta name=\"twitter:card\" content=\"summary_large_image\" \/>\n<meta name=\"twitter:label1\" content=\"Estimated reading time\" \/>\n\t<meta name=\"twitter:data1\" content=\"2 minutes\" \/>\n<script type=\"application\/ld+json\" class=\"yoast-schema-graph\">{\"@context\":\"https:\\\/\\\/schema.org\",\"@graph\":[{\"@type\":\"WebPage\",\"@id\":\"https:\\\/\\\/dalboroque.es\\\/tienda\\\/vinos\\\/vinos-extremenos\\\/alma-pura-tinto-prelvm\\\/\",\"url\":\"https:\\\/\\\/dalboroque.es\\\/tienda\\\/vinos\\\/vinos-extremenos\\\/alma-pura-tinto-prelvm\\\/\",\"name\":\"Alma Pura Tinto. Bodega Prelvm - Tienda de comestibles\",\"isPartOf\":{\"@id\":\"https:\\\/\\\/dalboroque.es\\\/#website\"},\"primaryImageOfPage\":{\"@id\":\"https:\\\/\\\/dalboroque.es\\\/tienda\\\/vinos\\\/vinos-extremenos\\\/alma-pura-tinto-prelvm\\\/#primaryimage\"},\"image\":{\"@id\":\"https:\\\/\\\/dalboroque.es\\\/tienda\\\/vinos\\\/vinos-extremenos\\\/alma-pura-tinto-prelvm\\\/#primaryimage\"},\"thumbnailUrl\":\"https:\\\/\\\/dalboroque.es\\\/wp-content\\\/uploads\\\/2024\\\/06\\\/dalboroque-prelum-alma-pura-tinto.webp\",\"datePublished\":\"2024-06-25T16:31:15+00:00\",\"dateModified\":\"2024-07-01T13:33:36+00:00\",\"description\":\"Vino tinto natural, sin sulfitos a\u00f1adidos. Ecol\u00f3gico. Uvas: garnacha y cari\u00f1ena. Fermentado y criado en tinajas de barro.\",\"breadcrumb\":{\"@id\":\"https:\\\/\\\/dalboroque.es\\\/tienda\\\/vinos\\\/vinos-extremenos\\\/alma-pura-tinto-prelvm\\\/#breadcrumb\"},\"inLanguage\":\"en-GB\",\"potentialAction\":[{\"@type\":\"ReadAction\",\"target\":[\"https:\\\/\\\/dalboroque.es\\\/tienda\\\/vinos\\\/vinos-extremenos\\\/alma-pura-tinto-prelvm\\\/\"]}]},{\"@type\":\"ImageObject\",\"inLanguage\":\"en-GB\",\"@id\":\"https:\\\/\\\/dalboroque.es\\\/tienda\\\/vinos\\\/vinos-extremenos\\\/alma-pura-tinto-prelvm\\\/#primaryimage\",\"url\":\"https:\\\/\\\/dalboroque.es\\\/wp-content\\\/uploads\\\/2024\\\/06\\\/dalboroque-prelum-alma-pura-tinto.webp\",\"contentUrl\":\"https:\\\/\\\/dalboroque.es\\\/wp-content\\\/uploads\\\/2024\\\/06\\\/dalboroque-prelum-alma-pura-tinto.webp\",\"width\":1200,\"height\":1200},{\"@type\":\"BreadcrumbList\",\"@id\":\"https:\\\/\\\/dalboroque.es\\\/tienda\\\/vinos\\\/vinos-extremenos\\\/alma-pura-tinto-prelvm\\\/#breadcrumb\",\"itemListElement\":[{\"@type\":\"ListItem\",\"position\":1,\"name\":\"Tienda\",\"item\":\"https:\\\/\\\/dalboroque.es\\\/tienda\\\/\"},{\"@type\":\"ListItem\",\"position\":2,\"name\":\"Alma Pura Tinto. Bodega Prelvm\"}]},{\"@type\":\"WebSite\",\"@id\":\"https:\\\/\\\/dalboroque.es\\\/#website\",\"url\":\"https:\\\/\\\/dalboroque.es\\\/\",\"name\":\"Tienda de comestibles\",\"description\":\"Tus mejores productos extreme\u00f1os gourmet\",\"potentialAction\":[{\"@type\":\"SearchAction\",\"target\":{\"@type\":\"EntryPoint\",\"urlTemplate\":\"https:\\\/\\\/dalboroque.es\\\/?s={search_term_string}\"},\"query-input\":{\"@type\":\"PropertyValueSpecification\",\"valueRequired\":true,\"valueName\":\"search_term_string\"}}],\"inLanguage\":\"en-GB\"}]}<\/script>\n<!-- \/ Yoast SEO plugin. -->","yoast_head_json":{"title":"Alma Pura Tinto. Bodega Prelvm - Tienda de comestibles","description":"Vino tinto natural, sin sulfitos a\u00f1adidos. Ecol\u00f3gico. Uvas: garnacha y cari\u00f1ena. Fermentado y criado en tinajas de barro.","robots":{"index":"index","follow":"follow","max-snippet":"max-snippet:-1","max-image-preview":"max-image-preview:large","max-video-preview":"max-video-preview:-1"},"canonical":"https:\/\/dalboroque.es\/en\/tienda\/vinos\/vinos-extremenos\/alma-pura-tinto-prelvm\/","og_locale":"en_GB","og_type":"article","og_title":"Alma Pura Tinto. Bodega Prelvm - Tienda de comestibles","og_description":"Vino tinto natural, sin sulfitos a\u00f1adidos. Ecol\u00f3gico. Uvas: garnacha y cari\u00f1ena. Fermentado y criado en tinajas de barro.","og_url":"https:\/\/dalboroque.es\/en\/tienda\/vinos\/vinos-extremenos\/alma-pura-tinto-prelvm\/","og_site_name":"Tienda de comestibles","article_modified_time":"2024-07-01T13:33:36+00:00","og_image":[{"width":1200,"height":1200,"url":"https:\/\/dalboroque.es\/wp-content\/uploads\/2024\/06\/dalboroque-prelum-alma-pura-tinto.webp","type":"image\/webp"}],"twitter_card":"summary_large_image","twitter_misc":{"Estimated reading time":"2 minutes"},"schema":{"@context":"https:\/\/schema.org","@graph":[{"@type":"WebPage","@id":"https:\/\/dalboroque.es\/tienda\/vinos\/vinos-extremenos\/alma-pura-tinto-prelvm\/","url":"https:\/\/dalboroque.es\/tienda\/vinos\/vinos-extremenos\/alma-pura-tinto-prelvm\/","name":"Alma Pura Tinto. Bodega Prelvm - Tienda de comestibles","isPartOf":{"@id":"https:\/\/dalboroque.es\/#website"},"primaryImageOfPage":{"@id":"https:\/\/dalboroque.es\/tienda\/vinos\/vinos-extremenos\/alma-pura-tinto-prelvm\/#primaryimage"},"image":{"@id":"https:\/\/dalboroque.es\/tienda\/vinos\/vinos-extremenos\/alma-pura-tinto-prelvm\/#primaryimage"},"thumbnailUrl":"https:\/\/dalboroque.es\/wp-content\/uploads\/2024\/06\/dalboroque-prelum-alma-pura-tinto.webp","datePublished":"2024-06-25T16:31:15+00:00","dateModified":"2024-07-01T13:33:36+00:00","description":"Vino tinto natural, sin sulfitos a\u00f1adidos. Ecol\u00f3gico. Uvas: garnacha y cari\u00f1ena. Fermentado y criado en tinajas de barro.","breadcrumb":{"@id":"https:\/\/dalboroque.es\/tienda\/vinos\/vinos-extremenos\/alma-pura-tinto-prelvm\/#breadcrumb"},"inLanguage":"en-GB","potentialAction":[{"@type":"ReadAction","target":["https:\/\/dalboroque.es\/tienda\/vinos\/vinos-extremenos\/alma-pura-tinto-prelvm\/"]}]},{"@type":"ImageObject","inLanguage":"en-GB","@id":"https:\/\/dalboroque.es\/tienda\/vinos\/vinos-extremenos\/alma-pura-tinto-prelvm\/#primaryimage","url":"https:\/\/dalboroque.es\/wp-content\/uploads\/2024\/06\/dalboroque-prelum-alma-pura-tinto.webp","contentUrl":"https:\/\/dalboroque.es\/wp-content\/uploads\/2024\/06\/dalboroque-prelum-alma-pura-tinto.webp","width":1200,"height":1200},{"@type":"BreadcrumbList","@id":"https:\/\/dalboroque.es\/tienda\/vinos\/vinos-extremenos\/alma-pura-tinto-prelvm\/#breadcrumb","itemListElement":[{"@type":"ListItem","position":1,"name":"Tienda","item":"https:\/\/dalboroque.es\/tienda\/"},{"@type":"ListItem","position":2,"name":"Alma Pura Tinto. Bodega Prelvm"}]},{"@type":"WebSite","@id":"https:\/\/dalboroque.es\/#website","url":"https:\/\/dalboroque.es\/","name":"Tienda de comestibles","description":"Tus mejores productos extreme\u00f1os gourmet","potentialAction":[{"@type":"SearchAction","target":{"@type":"EntryPoint","urlTemplate":"https:\/\/dalboroque.es\/?s={search_term_string}"},"query-input":{"@type":"PropertyValueSpecification","valueRequired":true,"valueName":"search_term_string"}}],"inLanguage":"en-GB"}]}},"_links":{"self":[{"href":"https:\/\/dalboroque.es\/en\/wp-json\/wp\/v2\/product\/439","targetHints":{"allow":["GET"]}}],"collection":[{"href":"https:\/\/dalboroque.es\/en\/wp-json\/wp\/v2\/product"}],"about":[{"href":"https:\/\/dalboroque.es\/en\/wp-json\/wp\/v2\/types\/product"}],"replies":[{"embeddable":true,"href":"https:\/\/dalboroque.es\/en\/wp-json\/wp\/v2\/comments?post=439"}],"wp:featuredmedia":[{"embeddable":true,"href":"https:\/\/dalboroque.es\/en\/wp-json\/wp\/v2\/media\/422"}],"wp:attachment":[{"href":"https:\/\/dalboroque.es\/en\/wp-json\/wp\/v2\/media?parent=439"}],"wp:term":[{"taxonomy":"product_brand","embeddable":true,"href":"https:\/\/dalboroque.es\/en\/wp-json\/wp\/v2\/product_brand?post=439"},{"taxonomy":"product_cat","embeddable":true,"href":"https:\/\/dalboroque.es\/en\/wp-json\/wp\/v2\/product_cat?post=439"},{"taxonomy":"product_tag","embeddable":true,"href":"https:\/\/dalboroque.es\/en\/wp-json\/wp\/v2\/product_tag?post=439"}],"curies":[{"name":"wp","href":"https:\/\/api.w.org\/{rel}","templated":true}]}}