{"id":414,"date":"2024-06-20T13:14:41","date_gmt":"2024-06-20T11:14:41","guid":{"rendered":"https:\/\/dalboroque.es\/?post_type=product&#038;p=414"},"modified":"2024-06-20T18:11:44","modified_gmt":"2024-06-20T16:11:44","slug":"pastas-de-harina-de-castanas-sin-azucares-anadidos","status":"publish","type":"product","link":"https:\/\/dalboroque.es\/en\/tienda\/panes-picos-dulces\/pastas-de-harina-de-castanas-sin-azucares-anadidos\/","title":{"rendered":"Pastas de harina de casta\u00f1as. Sin az\u00facares a\u00f1adidos"},"content":{"rendered":"<p>La Tahona Gourmet es una empresa familiar que desde hace 130 a\u00f1os llevan ejerciendo este oficio en Puebla de Reina (Badajoz).\u00a0 En 2020 se lanzan a abrir la primera tienda con atenci\u00f3n directa al p\u00fablico en M\u00e9rida. Son especialistas en productos hechos con bellotas, chocolates y panes de masa madre elaborados a diario.<\/p>\n<p>Ingredientes: Harina de CASTA\u00d1AS, HUEVOS, mantequilla, MALTITOL, margarina vegetal, cobertura de chocolate (cacao, manteca de cacao, MALTITOL) 180 g.<\/p>\n<p>SIN AZ\u00daCARES A\u00d1ADIDOS<\/p>\n<p>Pueden contener trazas de GLUTEN<\/p>","protected":false},"excerpt":{"rendered":"<p>Estas pastas de harina de casta\u00f1as son una alternativa al uso de harina de trigo en la reposter\u00eda. La harina de casta\u00f1as posee m\u00faltiples beneficios como mayor cantidad de fibra y calcio, alto contenido de vitaminas del grupo B y antioxidantes. Adem\u00e1s, posee bajo aporte de sodio y alto de potasio as\u00ed como omega 3 y omega 6.<\/p>\n<p>No contienen trigo pero al estar elaboradas en el mismo obrador donde se hornean panes con trigo, puede contener trazas de gluten por lo que no est\u00e1 recomendado para personas celiacas pero s\u00ed es apta para aquellos que padezcan intolerancia al gluten.<\/p>","protected":false},"featured_media":381,"comment_status":"open","ping_status":"closed","template":"","meta":[],"product_brand":[],"product_cat":[128],"product_tag":[154,151,153,152,137],"class_list":{"0":"post-414","1":"product","2":"type-product","3":"status-publish","4":"has-post-thumbnail","6":"product_cat-panes-picos-dulces","7":"product_tag-artesano","8":"product_tag-castanas","9":"product_tag-chocolate","10":"product_tag-gluten-free","11":"product_tag-sin-azucar-anadido","13":"first","14":"instock","15":"shipping-taxable","16":"purchasable","17":"product-type-simple"},"yoast_head":"<!-- This site is optimized with the Yoast SEO plugin v27.4 - https:\/\/yoast.com\/product\/yoast-seo-wordpress\/ -->\n<title>Pastas de harina de casta\u00f1as. Sin az\u00facares a\u00f1adidos - Tienda de comestibles<\/title>\n<meta name=\"description\" content=\"Pastas artesanas de harina de casta\u00f1as y pepitas de chocolate sin az\u00facares a\u00f1adidos. Textura crujiente y sabrosa. Puede contener trazas de gluten.\" \/>\n<meta name=\"robots\" content=\"index, follow, max-snippet:-1, max-image-preview:large, max-video-preview:-1\" \/>\n<link rel=\"canonical\" href=\"https:\/\/dalboroque.es\/en\/tienda\/panes-picos-dulces\/pastas-de-harina-de-castanas-sin-azucares-anadidos\/\" \/>\n<meta property=\"og:locale\" content=\"en_GB\" \/>\n<meta property=\"og:type\" content=\"article\" \/>\n<meta property=\"og:title\" content=\"Pastas de harina de casta\u00f1as. Sin az\u00facares a\u00f1adidos - Tienda de comestibles\" \/>\n<meta property=\"og:description\" content=\"Pastas artesanas de harina de casta\u00f1as y pepitas de chocolate sin az\u00facares a\u00f1adidos. Textura crujiente y sabrosa. Puede contener trazas de gluten.\" \/>\n<meta property=\"og:url\" content=\"https:\/\/dalboroque.es\/en\/tienda\/panes-picos-dulces\/pastas-de-harina-de-castanas-sin-azucares-anadidos\/\" \/>\n<meta property=\"og:site_name\" content=\"Tienda de comestibles\" \/>\n<meta property=\"article:modified_time\" content=\"2024-06-20T16:11:44+00:00\" \/>\n<meta property=\"og:image\" content=\"https:\/\/dalboroque.es\/wp-content\/uploads\/2024\/05\/dalboroque-la-tahonagourmet-pastas-castania.webp\" \/>\n\t<meta property=\"og:image:width\" content=\"1200\" \/>\n\t<meta property=\"og:image:height\" content=\"1200\" \/>\n\t<meta property=\"og:image:type\" content=\"image\/webp\" \/>\n<meta name=\"twitter:card\" content=\"summary_large_image\" \/>\n<meta name=\"twitter:label1\" content=\"Estimated reading time\" \/>\n\t<meta name=\"twitter:data1\" content=\"1 minute\" \/>\n<script type=\"application\/ld+json\" class=\"yoast-schema-graph\">{\"@context\":\"https:\\\/\\\/schema.org\",\"@graph\":[{\"@type\":\"WebPage\",\"@id\":\"https:\\\/\\\/dalboroque.es\\\/tienda\\\/panes-picos-dulces\\\/pastas-de-harina-de-castanas-sin-azucares-anadidos\\\/\",\"url\":\"https:\\\/\\\/dalboroque.es\\\/tienda\\\/panes-picos-dulces\\\/pastas-de-harina-de-castanas-sin-azucares-anadidos\\\/\",\"name\":\"Pastas de harina de casta\u00f1as. Sin az\u00facares a\u00f1adidos - Tienda de comestibles\",\"isPartOf\":{\"@id\":\"https:\\\/\\\/dalboroque.es\\\/#website\"},\"primaryImageOfPage\":{\"@id\":\"https:\\\/\\\/dalboroque.es\\\/tienda\\\/panes-picos-dulces\\\/pastas-de-harina-de-castanas-sin-azucares-anadidos\\\/#primaryimage\"},\"image\":{\"@id\":\"https:\\\/\\\/dalboroque.es\\\/tienda\\\/panes-picos-dulces\\\/pastas-de-harina-de-castanas-sin-azucares-anadidos\\\/#primaryimage\"},\"thumbnailUrl\":\"https:\\\/\\\/dalboroque.es\\\/wp-content\\\/uploads\\\/2024\\\/05\\\/dalboroque-la-tahonagourmet-pastas-castania.webp\",\"datePublished\":\"2024-06-20T11:14:41+00:00\",\"dateModified\":\"2024-06-20T16:11:44+00:00\",\"description\":\"Pastas artesanas de harina de casta\u00f1as y pepitas de chocolate sin az\u00facares a\u00f1adidos. Textura crujiente y sabrosa. Puede contener trazas de gluten.\",\"breadcrumb\":{\"@id\":\"https:\\\/\\\/dalboroque.es\\\/tienda\\\/panes-picos-dulces\\\/pastas-de-harina-de-castanas-sin-azucares-anadidos\\\/#breadcrumb\"},\"inLanguage\":\"en-GB\",\"potentialAction\":[{\"@type\":\"ReadAction\",\"target\":[\"https:\\\/\\\/dalboroque.es\\\/tienda\\\/panes-picos-dulces\\\/pastas-de-harina-de-castanas-sin-azucares-anadidos\\\/\"]}]},{\"@type\":\"ImageObject\",\"inLanguage\":\"en-GB\",\"@id\":\"https:\\\/\\\/dalboroque.es\\\/tienda\\\/panes-picos-dulces\\\/pastas-de-harina-de-castanas-sin-azucares-anadidos\\\/#primaryimage\",\"url\":\"https:\\\/\\\/dalboroque.es\\\/wp-content\\\/uploads\\\/2024\\\/05\\\/dalboroque-la-tahonagourmet-pastas-castania.webp\",\"contentUrl\":\"https:\\\/\\\/dalboroque.es\\\/wp-content\\\/uploads\\\/2024\\\/05\\\/dalboroque-la-tahonagourmet-pastas-castania.webp\",\"width\":1200,\"height\":1200},{\"@type\":\"BreadcrumbList\",\"@id\":\"https:\\\/\\\/dalboroque.es\\\/tienda\\\/panes-picos-dulces\\\/pastas-de-harina-de-castanas-sin-azucares-anadidos\\\/#breadcrumb\",\"itemListElement\":[{\"@type\":\"ListItem\",\"position\":1,\"name\":\"Tienda\",\"item\":\"https:\\\/\\\/dalboroque.es\\\/tienda\\\/\"},{\"@type\":\"ListItem\",\"position\":2,\"name\":\"Pastas de harina de casta\u00f1as. Sin az\u00facares a\u00f1adidos\"}]},{\"@type\":\"WebSite\",\"@id\":\"https:\\\/\\\/dalboroque.es\\\/#website\",\"url\":\"https:\\\/\\\/dalboroque.es\\\/\",\"name\":\"Tienda de comestibles\",\"description\":\"Tus mejores productos extreme\u00f1os gourmet\",\"potentialAction\":[{\"@type\":\"SearchAction\",\"target\":{\"@type\":\"EntryPoint\",\"urlTemplate\":\"https:\\\/\\\/dalboroque.es\\\/?s={search_term_string}\"},\"query-input\":{\"@type\":\"PropertyValueSpecification\",\"valueRequired\":true,\"valueName\":\"search_term_string\"}}],\"inLanguage\":\"en-GB\"}]}<\/script>\n<!-- \/ Yoast SEO plugin. -->","yoast_head_json":{"title":"Pastas de harina de casta\u00f1as. Sin az\u00facares a\u00f1adidos - Tienda de comestibles","description":"Pastas artesanas de harina de casta\u00f1as y pepitas de chocolate sin az\u00facares a\u00f1adidos. Textura crujiente y sabrosa. Puede contener trazas de gluten.","robots":{"index":"index","follow":"follow","max-snippet":"max-snippet:-1","max-image-preview":"max-image-preview:large","max-video-preview":"max-video-preview:-1"},"canonical":"https:\/\/dalboroque.es\/en\/tienda\/panes-picos-dulces\/pastas-de-harina-de-castanas-sin-azucares-anadidos\/","og_locale":"en_GB","og_type":"article","og_title":"Pastas de harina de casta\u00f1as. Sin az\u00facares a\u00f1adidos - Tienda de comestibles","og_description":"Pastas artesanas de harina de casta\u00f1as y pepitas de chocolate sin az\u00facares a\u00f1adidos. Textura crujiente y sabrosa. Puede contener trazas de gluten.","og_url":"https:\/\/dalboroque.es\/en\/tienda\/panes-picos-dulces\/pastas-de-harina-de-castanas-sin-azucares-anadidos\/","og_site_name":"Tienda de comestibles","article_modified_time":"2024-06-20T16:11:44+00:00","og_image":[{"width":1200,"height":1200,"url":"https:\/\/dalboroque.es\/wp-content\/uploads\/2024\/05\/dalboroque-la-tahonagourmet-pastas-castania.webp","type":"image\/webp"}],"twitter_card":"summary_large_image","twitter_misc":{"Estimated reading time":"1 minute"},"schema":{"@context":"https:\/\/schema.org","@graph":[{"@type":"WebPage","@id":"https:\/\/dalboroque.es\/tienda\/panes-picos-dulces\/pastas-de-harina-de-castanas-sin-azucares-anadidos\/","url":"https:\/\/dalboroque.es\/tienda\/panes-picos-dulces\/pastas-de-harina-de-castanas-sin-azucares-anadidos\/","name":"Pastas de harina de casta\u00f1as. Sin az\u00facares a\u00f1adidos - Tienda de comestibles","isPartOf":{"@id":"https:\/\/dalboroque.es\/#website"},"primaryImageOfPage":{"@id":"https:\/\/dalboroque.es\/tienda\/panes-picos-dulces\/pastas-de-harina-de-castanas-sin-azucares-anadidos\/#primaryimage"},"image":{"@id":"https:\/\/dalboroque.es\/tienda\/panes-picos-dulces\/pastas-de-harina-de-castanas-sin-azucares-anadidos\/#primaryimage"},"thumbnailUrl":"https:\/\/dalboroque.es\/wp-content\/uploads\/2024\/05\/dalboroque-la-tahonagourmet-pastas-castania.webp","datePublished":"2024-06-20T11:14:41+00:00","dateModified":"2024-06-20T16:11:44+00:00","description":"Pastas artesanas de harina de casta\u00f1as y pepitas de chocolate sin az\u00facares a\u00f1adidos. Textura crujiente y sabrosa. Puede contener trazas de gluten.","breadcrumb":{"@id":"https:\/\/dalboroque.es\/tienda\/panes-picos-dulces\/pastas-de-harina-de-castanas-sin-azucares-anadidos\/#breadcrumb"},"inLanguage":"en-GB","potentialAction":[{"@type":"ReadAction","target":["https:\/\/dalboroque.es\/tienda\/panes-picos-dulces\/pastas-de-harina-de-castanas-sin-azucares-anadidos\/"]}]},{"@type":"ImageObject","inLanguage":"en-GB","@id":"https:\/\/dalboroque.es\/tienda\/panes-picos-dulces\/pastas-de-harina-de-castanas-sin-azucares-anadidos\/#primaryimage","url":"https:\/\/dalboroque.es\/wp-content\/uploads\/2024\/05\/dalboroque-la-tahonagourmet-pastas-castania.webp","contentUrl":"https:\/\/dalboroque.es\/wp-content\/uploads\/2024\/05\/dalboroque-la-tahonagourmet-pastas-castania.webp","width":1200,"height":1200},{"@type":"BreadcrumbList","@id":"https:\/\/dalboroque.es\/tienda\/panes-picos-dulces\/pastas-de-harina-de-castanas-sin-azucares-anadidos\/#breadcrumb","itemListElement":[{"@type":"ListItem","position":1,"name":"Tienda","item":"https:\/\/dalboroque.es\/tienda\/"},{"@type":"ListItem","position":2,"name":"Pastas de harina de casta\u00f1as. Sin az\u00facares a\u00f1adidos"}]},{"@type":"WebSite","@id":"https:\/\/dalboroque.es\/#website","url":"https:\/\/dalboroque.es\/","name":"Tienda de comestibles","description":"Tus mejores productos extreme\u00f1os gourmet","potentialAction":[{"@type":"SearchAction","target":{"@type":"EntryPoint","urlTemplate":"https:\/\/dalboroque.es\/?s={search_term_string}"},"query-input":{"@type":"PropertyValueSpecification","valueRequired":true,"valueName":"search_term_string"}}],"inLanguage":"en-GB"}]}},"_links":{"self":[{"href":"https:\/\/dalboroque.es\/en\/wp-json\/wp\/v2\/product\/414","targetHints":{"allow":["GET"]}}],"collection":[{"href":"https:\/\/dalboroque.es\/en\/wp-json\/wp\/v2\/product"}],"about":[{"href":"https:\/\/dalboroque.es\/en\/wp-json\/wp\/v2\/types\/product"}],"replies":[{"embeddable":true,"href":"https:\/\/dalboroque.es\/en\/wp-json\/wp\/v2\/comments?post=414"}],"wp:featuredmedia":[{"embeddable":true,"href":"https:\/\/dalboroque.es\/en\/wp-json\/wp\/v2\/media\/381"}],"wp:attachment":[{"href":"https:\/\/dalboroque.es\/en\/wp-json\/wp\/v2\/media?parent=414"}],"wp:term":[{"taxonomy":"product_brand","embeddable":true,"href":"https:\/\/dalboroque.es\/en\/wp-json\/wp\/v2\/product_brand?post=414"},{"taxonomy":"product_cat","embeddable":true,"href":"https:\/\/dalboroque.es\/en\/wp-json\/wp\/v2\/product_cat?post=414"},{"taxonomy":"product_tag","embeddable":true,"href":"https:\/\/dalboroque.es\/en\/wp-json\/wp\/v2\/product_tag?post=414"}],"curies":[{"name":"wp","href":"https:\/\/api.w.org\/{rel}","templated":true}]}}