{"id":399,"date":"2024-06-10T18:37:43","date_gmt":"2024-06-10T16:37:43","guid":{"rendered":"https:\/\/dalboroque.es\/?post_type=product&#038;p=399"},"modified":"2024-06-27T22:55:21","modified_gmt":"2024-06-27T20:55:21","slug":"furia-domada-bodega-prelvm","status":"publish","type":"product","link":"https:\/\/dalboroque.es\/en\/tienda\/vinos\/vinos-extremenos\/furia-domada-bodega-prelvm\/","title":{"rendered":"Furia Domada. Bodega Prelvm"},"content":{"rendered":"<p><strong>Furia Domada\u00a0<\/strong>es un vino\u00a0elaborado por Juan Leandro Romero, bodeguero por tradici\u00f3n familiar y viticultor por vocaci\u00f3n. Es un apasionado de los vinos de su tierra y lo refleja en cada botella dejando que el terru\u00f1o se exprese de la mejor manera posible. Su proyecto personal se denomina Prelvm (nombre de las antiguas prensas romanas) y da nombre a la bodega situada en El Raposo, Badajoz.<\/p>\n<p>Este vino tinto procede de las mejores uvas certificadas en ecol\u00f3gico y procedentes de vi\u00f1edos de m\u00e1s de 30 a\u00f1os. Est\u00e1 compuesto de un 60% de Tempranillo y un 40% de Alicante Bouschet. Una vez vendimiadas, se trasladan a la bodega donde tras despalillarlas, fermentar\u00e1n en tinajas de barro con sus hollejos. Diferentes trasiegos permitir\u00e1n que el vino vaya decantando y clarificando. Tras 6 meses en tinajas de barro pasar\u00e1n a barricas de roble americano nuevas, donde estar\u00e1n 8 meses.<\/p>\n<p>Denominaci\u00f3n: Vino de la Tierra de Extremadura.<\/p>\n<p>Presenta un color p\u00farpura intenso de capa alta.<\/p>\n<p>En nariz es elegante con notas a frutas rojas y toques a vainilla y torrefactos.<\/p>\n<p>En boca es corpulento y expresivo con un final largo y persistente.<\/p>\n<p>Maridaje: carnes rojas, embutidos de caza, quesos muy curados y postres con chocolate negro.<\/p>\n<p>14,5% Vol. Alc<\/p>\n<p>&nbsp;<\/p>\n<p>&nbsp;<\/p>","protected":false},"excerpt":{"rendered":"<p>Vino tinto ecol\u00f3gico de Tempranillo y Alicante Bouschet. Fermentado y criado por 6 meses en tinajas de barro. Adem\u00e1s, pasa por una crianza en barricas de roble americano nuevas durante 8 meses. Color p\u00farpura intenso de capa alta. Nariz elegante con notas a frutas rojas y toques a vainilla y torrefactos. Presenta mucho cuerpo y tiene un final largo y persistente. Un vino perfecto para acompa\u00f1ar carnes asadas, embutidos de caza o quesos fuertes. 14,5% Vol. Alc.<\/p>\n<p>&nbsp;<\/p>","protected":false},"featured_media":400,"comment_status":"open","ping_status":"closed","template":"","meta":[],"product_brand":[],"product_cat":[51,122],"product_tag":[],"class_list":{"0":"post-399","1":"product","2":"type-product","3":"status-publish","4":"has-post-thumbnail","6":"product_cat-vinos","7":"product_cat-vinos-extremenos","9":"first","10":"instock","11":"shipping-taxable","12":"purchasable","13":"product-type-simple"},"yoast_head":"<!-- This site is optimized with the Yoast SEO plugin v27.4 - https:\/\/yoast.com\/product\/yoast-seo-wordpress\/ -->\n<title>Furia Domada. Bodega Prelvm - Tienda de comestibles<\/title>\n<meta name=\"description\" content=\"Vino tinto ecol\u00f3gico de uvas Tempranillo y Alicante Bouschet. Fermentado y criado 6 meses en tinajas de barro. Envejecido 8 meses en barrica de roble nueva.\" \/>\n<meta name=\"robots\" content=\"index, follow, max-snippet:-1, max-image-preview:large, max-video-preview:-1\" \/>\n<link rel=\"canonical\" href=\"https:\/\/dalboroque.es\/en\/tienda\/vinos\/vinos-extremenos\/furia-domada-bodega-prelvm\/\" \/>\n<meta property=\"og:locale\" content=\"en_GB\" \/>\n<meta property=\"og:type\" content=\"article\" \/>\n<meta property=\"og:title\" content=\"Furia Domada. Bodega Prelvm - Tienda de comestibles\" \/>\n<meta property=\"og:description\" content=\"Vino tinto ecol\u00f3gico de uvas Tempranillo y Alicante Bouschet. Fermentado y criado 6 meses en tinajas de barro. Envejecido 8 meses en barrica de roble nueva.\" \/>\n<meta property=\"og:url\" content=\"https:\/\/dalboroque.es\/en\/tienda\/vinos\/vinos-extremenos\/furia-domada-bodega-prelvm\/\" \/>\n<meta property=\"og:site_name\" content=\"Tienda de comestibles\" \/>\n<meta property=\"article:modified_time\" content=\"2024-06-27T20:55:21+00:00\" \/>\n<meta property=\"og:image\" content=\"https:\/\/dalboroque.es\/wp-content\/uploads\/2024\/06\/Furia-Domada-cerca-scaled.webp\" \/>\n\t<meta property=\"og:image:width\" content=\"2560\" \/>\n\t<meta property=\"og:image:height\" content=\"1707\" \/>\n\t<meta property=\"og:image:type\" content=\"image\/webp\" \/>\n<meta name=\"twitter:card\" content=\"summary_large_image\" \/>\n<meta name=\"twitter:label1\" content=\"Estimated reading time\" \/>\n\t<meta name=\"twitter:data1\" content=\"2 minutes\" \/>\n<script type=\"application\/ld+json\" class=\"yoast-schema-graph\">{\"@context\":\"https:\\\/\\\/schema.org\",\"@graph\":[{\"@type\":\"WebPage\",\"@id\":\"https:\\\/\\\/dalboroque.es\\\/tienda\\\/vinos\\\/vinos-extremenos\\\/furia-domada-bodega-prelvm\\\/\",\"url\":\"https:\\\/\\\/dalboroque.es\\\/tienda\\\/vinos\\\/vinos-extremenos\\\/furia-domada-bodega-prelvm\\\/\",\"name\":\"Furia Domada. Bodega Prelvm - Tienda de comestibles\",\"isPartOf\":{\"@id\":\"https:\\\/\\\/dalboroque.es\\\/#website\"},\"primaryImageOfPage\":{\"@id\":\"https:\\\/\\\/dalboroque.es\\\/tienda\\\/vinos\\\/vinos-extremenos\\\/furia-domada-bodega-prelvm\\\/#primaryimage\"},\"image\":{\"@id\":\"https:\\\/\\\/dalboroque.es\\\/tienda\\\/vinos\\\/vinos-extremenos\\\/furia-domada-bodega-prelvm\\\/#primaryimage\"},\"thumbnailUrl\":\"https:\\\/\\\/dalboroque.es\\\/wp-content\\\/uploads\\\/2024\\\/06\\\/Furia-Domada-cerca-scaled.webp\",\"datePublished\":\"2024-06-10T16:37:43+00:00\",\"dateModified\":\"2024-06-27T20:55:21+00:00\",\"description\":\"Vino tinto ecol\u00f3gico de uvas Tempranillo y Alicante Bouschet. Fermentado y criado 6 meses en tinajas de barro. Envejecido 8 meses en barrica de roble nueva.\",\"breadcrumb\":{\"@id\":\"https:\\\/\\\/dalboroque.es\\\/tienda\\\/vinos\\\/vinos-extremenos\\\/furia-domada-bodega-prelvm\\\/#breadcrumb\"},\"inLanguage\":\"en-GB\",\"potentialAction\":[{\"@type\":\"ReadAction\",\"target\":[\"https:\\\/\\\/dalboroque.es\\\/tienda\\\/vinos\\\/vinos-extremenos\\\/furia-domada-bodega-prelvm\\\/\"]}]},{\"@type\":\"ImageObject\",\"inLanguage\":\"en-GB\",\"@id\":\"https:\\\/\\\/dalboroque.es\\\/tienda\\\/vinos\\\/vinos-extremenos\\\/furia-domada-bodega-prelvm\\\/#primaryimage\",\"url\":\"https:\\\/\\\/dalboroque.es\\\/wp-content\\\/uploads\\\/2024\\\/06\\\/Furia-Domada-cerca-scaled.webp\",\"contentUrl\":\"https:\\\/\\\/dalboroque.es\\\/wp-content\\\/uploads\\\/2024\\\/06\\\/Furia-Domada-cerca-scaled.webp\",\"width\":2560,\"height\":1707},{\"@type\":\"BreadcrumbList\",\"@id\":\"https:\\\/\\\/dalboroque.es\\\/tienda\\\/vinos\\\/vinos-extremenos\\\/furia-domada-bodega-prelvm\\\/#breadcrumb\",\"itemListElement\":[{\"@type\":\"ListItem\",\"position\":1,\"name\":\"Tienda\",\"item\":\"https:\\\/\\\/dalboroque.es\\\/tienda\\\/\"},{\"@type\":\"ListItem\",\"position\":2,\"name\":\"Furia Domada. Bodega Prelvm\"}]},{\"@type\":\"WebSite\",\"@id\":\"https:\\\/\\\/dalboroque.es\\\/#website\",\"url\":\"https:\\\/\\\/dalboroque.es\\\/\",\"name\":\"Tienda de comestibles\",\"description\":\"Tus mejores productos extreme\u00f1os gourmet\",\"potentialAction\":[{\"@type\":\"SearchAction\",\"target\":{\"@type\":\"EntryPoint\",\"urlTemplate\":\"https:\\\/\\\/dalboroque.es\\\/?s={search_term_string}\"},\"query-input\":{\"@type\":\"PropertyValueSpecification\",\"valueRequired\":true,\"valueName\":\"search_term_string\"}}],\"inLanguage\":\"en-GB\"}]}<\/script>\n<!-- \/ Yoast SEO plugin. -->","yoast_head_json":{"title":"Furia Domada. Bodega Prelvm - Tienda de comestibles","description":"Vino tinto ecol\u00f3gico de uvas Tempranillo y Alicante Bouschet. Fermentado y criado 6 meses en tinajas de barro. Envejecido 8 meses en barrica de roble nueva.","robots":{"index":"index","follow":"follow","max-snippet":"max-snippet:-1","max-image-preview":"max-image-preview:large","max-video-preview":"max-video-preview:-1"},"canonical":"https:\/\/dalboroque.es\/en\/tienda\/vinos\/vinos-extremenos\/furia-domada-bodega-prelvm\/","og_locale":"en_GB","og_type":"article","og_title":"Furia Domada. Bodega Prelvm - Tienda de comestibles","og_description":"Vino tinto ecol\u00f3gico de uvas Tempranillo y Alicante Bouschet. Fermentado y criado 6 meses en tinajas de barro. Envejecido 8 meses en barrica de roble nueva.","og_url":"https:\/\/dalboroque.es\/en\/tienda\/vinos\/vinos-extremenos\/furia-domada-bodega-prelvm\/","og_site_name":"Tienda de comestibles","article_modified_time":"2024-06-27T20:55:21+00:00","og_image":[{"width":2560,"height":1707,"url":"https:\/\/dalboroque.es\/wp-content\/uploads\/2024\/06\/Furia-Domada-cerca-scaled.webp","type":"image\/webp"}],"twitter_card":"summary_large_image","twitter_misc":{"Estimated reading time":"2 minutes"},"schema":{"@context":"https:\/\/schema.org","@graph":[{"@type":"WebPage","@id":"https:\/\/dalboroque.es\/tienda\/vinos\/vinos-extremenos\/furia-domada-bodega-prelvm\/","url":"https:\/\/dalboroque.es\/tienda\/vinos\/vinos-extremenos\/furia-domada-bodega-prelvm\/","name":"Furia Domada. Bodega Prelvm - Tienda de comestibles","isPartOf":{"@id":"https:\/\/dalboroque.es\/#website"},"primaryImageOfPage":{"@id":"https:\/\/dalboroque.es\/tienda\/vinos\/vinos-extremenos\/furia-domada-bodega-prelvm\/#primaryimage"},"image":{"@id":"https:\/\/dalboroque.es\/tienda\/vinos\/vinos-extremenos\/furia-domada-bodega-prelvm\/#primaryimage"},"thumbnailUrl":"https:\/\/dalboroque.es\/wp-content\/uploads\/2024\/06\/Furia-Domada-cerca-scaled.webp","datePublished":"2024-06-10T16:37:43+00:00","dateModified":"2024-06-27T20:55:21+00:00","description":"Vino tinto ecol\u00f3gico de uvas Tempranillo y Alicante Bouschet. Fermentado y criado 6 meses en tinajas de barro. Envejecido 8 meses en barrica de roble nueva.","breadcrumb":{"@id":"https:\/\/dalboroque.es\/tienda\/vinos\/vinos-extremenos\/furia-domada-bodega-prelvm\/#breadcrumb"},"inLanguage":"en-GB","potentialAction":[{"@type":"ReadAction","target":["https:\/\/dalboroque.es\/tienda\/vinos\/vinos-extremenos\/furia-domada-bodega-prelvm\/"]}]},{"@type":"ImageObject","inLanguage":"en-GB","@id":"https:\/\/dalboroque.es\/tienda\/vinos\/vinos-extremenos\/furia-domada-bodega-prelvm\/#primaryimage","url":"https:\/\/dalboroque.es\/wp-content\/uploads\/2024\/06\/Furia-Domada-cerca-scaled.webp","contentUrl":"https:\/\/dalboroque.es\/wp-content\/uploads\/2024\/06\/Furia-Domada-cerca-scaled.webp","width":2560,"height":1707},{"@type":"BreadcrumbList","@id":"https:\/\/dalboroque.es\/tienda\/vinos\/vinos-extremenos\/furia-domada-bodega-prelvm\/#breadcrumb","itemListElement":[{"@type":"ListItem","position":1,"name":"Tienda","item":"https:\/\/dalboroque.es\/tienda\/"},{"@type":"ListItem","position":2,"name":"Furia Domada. Bodega Prelvm"}]},{"@type":"WebSite","@id":"https:\/\/dalboroque.es\/#website","url":"https:\/\/dalboroque.es\/","name":"Tienda de comestibles","description":"Tus mejores productos extreme\u00f1os gourmet","potentialAction":[{"@type":"SearchAction","target":{"@type":"EntryPoint","urlTemplate":"https:\/\/dalboroque.es\/?s={search_term_string}"},"query-input":{"@type":"PropertyValueSpecification","valueRequired":true,"valueName":"search_term_string"}}],"inLanguage":"en-GB"}]}},"_links":{"self":[{"href":"https:\/\/dalboroque.es\/en\/wp-json\/wp\/v2\/product\/399","targetHints":{"allow":["GET"]}}],"collection":[{"href":"https:\/\/dalboroque.es\/en\/wp-json\/wp\/v2\/product"}],"about":[{"href":"https:\/\/dalboroque.es\/en\/wp-json\/wp\/v2\/types\/product"}],"replies":[{"embeddable":true,"href":"https:\/\/dalboroque.es\/en\/wp-json\/wp\/v2\/comments?post=399"}],"wp:featuredmedia":[{"embeddable":true,"href":"https:\/\/dalboroque.es\/en\/wp-json\/wp\/v2\/media\/400"}],"wp:attachment":[{"href":"https:\/\/dalboroque.es\/en\/wp-json\/wp\/v2\/media?parent=399"}],"wp:term":[{"taxonomy":"product_brand","embeddable":true,"href":"https:\/\/dalboroque.es\/en\/wp-json\/wp\/v2\/product_brand?post=399"},{"taxonomy":"product_cat","embeddable":true,"href":"https:\/\/dalboroque.es\/en\/wp-json\/wp\/v2\/product_cat?post=399"},{"taxonomy":"product_tag","embeddable":true,"href":"https:\/\/dalboroque.es\/en\/wp-json\/wp\/v2\/product_tag?post=399"}],"curies":[{"name":"wp","href":"https:\/\/api.w.org\/{rel}","templated":true}]}}