{"id":392,"date":"2024-06-04T19:33:25","date_gmt":"2024-06-04T17:33:25","guid":{"rendered":"https:\/\/dalboroque.es\/?post_type=product&#038;p=392"},"modified":"2024-06-05T16:40:56","modified_gmt":"2024-06-05T14:40:56","slug":"monterrena-queso-de-cabra-curado-d-o-ibores-queseria-almonte","status":"publish","type":"product","link":"https:\/\/dalboroque.es\/en\/tienda\/quesos\/quesos-ibores\/monterrena-queso-de-cabra-curado-d-o-ibores-queseria-almonte\/","title":{"rendered":"Monterre\u00f1a. Queso de cabra curado D.O: IBORES. Queser\u00eda Almonte"},"content":{"rendered":"<p>El queso Monterre\u00f1a que elabora Queser\u00eda Almonte en Deleitosa (C\u00e1ceres) ha sido reconocido con el Premio Extrema Selecci\u00f3n al Mejor Queso de Cabra con Denominaci\u00f3n de Origen Protegida Queso Ibores. La queser\u00eda comenz\u00f3 su andadura en 1987 y emplea exclusivamente leche cruda de cabra producida en la comarca de Los Ibores y amparada por denominaci\u00f3n de origen.<\/p>\n<p>Monterre\u00f1a es un Queso Ibores DOP con corteza natural y coagulaci\u00f3n animal con una maduraci\u00f3n de tres meses. Su calidad se debe en gran parte a la naturaleza de la leche con la que es elaborado el queso; proceden de cabras de raza aut\u00f3ctona de la zona (verata y retinta) que ofrecen menor producci\u00f3n pero de alto valor nutricional. Al alimentarse en r\u00e9gimen extensivo, en dehesa y monte, bajo su aroma y sabor son m\u00e1s intensos, favoreciendo adem\u00e1s la conservaci\u00f3n y protecci\u00f3n del medio ambiente.<\/p>\n<p>Corteza natural comestible de color marfil y liso. Textura mantecosa y h\u00fameda. Aroma caprino propio y a\u00a0tomillo y romero en el retrogusto con un sabor ligeramente \u00e1cido.<\/p>\n<p>Ganar el primer Premio Extremadura Selecci\u00f3n 2010 fue la recompensa de m\u00e1s de 20 a\u00f1os de trabajo de Tiburcio e Isabel.<\/p>\n<p>Peso unidad<strong> entera<\/strong>: 900 gr aprox.<\/p>\n<p>Peso <strong>mitad<\/strong>: 450 gr aprox.<\/p>","protected":false},"excerpt":{"rendered":"<p>Queso curado de cabra, leche cruda y maduraci\u00f3n de 3 meses. Coagulaci\u00f3n animal. Corteza natural comestible.<\/p>\n<p>Aroma caprino, textura cremosa y retrogusto ligeramente \u00e1cido con notas a tomillo y romero.<\/p>","protected":false},"featured_media":393,"comment_status":"open","ping_status":"closed","template":"","meta":[],"product_brand":[],"product_cat":[56,126],"product_tag":[],"class_list":{"0":"post-392","1":"product","2":"type-product","3":"status-publish","4":"has-post-thumbnail","6":"product_cat-quesos","7":"product_cat-quesos-ibores","9":"first","10":"instock","11":"shipping-taxable","12":"purchasable","13":"product-type-simple"},"yoast_head":"<!-- This site is optimized with the Yoast SEO plugin v27.3 - https:\/\/yoast.com\/product\/yoast-seo-wordpress\/ -->\n<title>Monterre\u00f1a. Queso de cabra curado D.O: IBORES. Queser\u00eda Almonte - Tienda de comestibles<\/title>\n<meta name=\"description\" content=\"Queso de cabra curado D.O Ibores. Leche cruda de cabra, 3 meses de maduraci\u00f3n y coagulaci\u00f3n animal. Sabor suave y textura cremosa.\" \/>\n<meta name=\"robots\" content=\"index, follow, max-snippet:-1, max-image-preview:large, max-video-preview:-1\" \/>\n<link rel=\"canonical\" href=\"https:\/\/dalboroque.es\/en\/tienda\/quesos\/quesos-ibores\/monterrena-queso-de-cabra-curado-d-o-ibores-queseria-almonte\/\" \/>\n<meta property=\"og:locale\" content=\"en_GB\" \/>\n<meta property=\"og:type\" content=\"article\" \/>\n<meta property=\"og:title\" content=\"Monterre\u00f1a. Queso de cabra curado D.O: IBORES. Queser\u00eda Almonte - Tienda de comestibles\" \/>\n<meta property=\"og:description\" content=\"Queso de cabra curado D.O Ibores. Leche cruda de cabra, 3 meses de maduraci\u00f3n y coagulaci\u00f3n animal. Sabor suave y textura cremosa.\" \/>\n<meta property=\"og:url\" content=\"https:\/\/dalboroque.es\/en\/tienda\/quesos\/quesos-ibores\/monterrena-queso-de-cabra-curado-d-o-ibores-queseria-almonte\/\" \/>\n<meta property=\"og:site_name\" content=\"Tienda de comestibles\" \/>\n<meta property=\"article:modified_time\" content=\"2024-06-05T14:40:56+00:00\" \/>\n<meta property=\"og:image\" content=\"https:\/\/dalboroque.es\/wp-content\/uploads\/2024\/06\/Monterrena-Natural-Flor-scaled.webp\" \/>\n\t<meta property=\"og:image:width\" content=\"2560\" \/>\n\t<meta property=\"og:image:height\" content=\"1707\" \/>\n\t<meta property=\"og:image:type\" content=\"image\/webp\" \/>\n<meta name=\"twitter:card\" content=\"summary_large_image\" \/>\n<meta name=\"twitter:label1\" content=\"Estimated reading time\" \/>\n\t<meta name=\"twitter:data1\" content=\"2 minutes\" \/>\n<script type=\"application\/ld+json\" class=\"yoast-schema-graph\">{\"@context\":\"https:\\\/\\\/schema.org\",\"@graph\":[{\"@type\":\"WebPage\",\"@id\":\"https:\\\/\\\/dalboroque.es\\\/tienda\\\/quesos\\\/quesos-ibores\\\/monterrena-queso-de-cabra-curado-d-o-ibores-queseria-almonte\\\/\",\"url\":\"https:\\\/\\\/dalboroque.es\\\/tienda\\\/quesos\\\/quesos-ibores\\\/monterrena-queso-de-cabra-curado-d-o-ibores-queseria-almonte\\\/\",\"name\":\"Monterre\u00f1a. Queso de cabra curado D.O: IBORES. Queser\u00eda Almonte - Tienda de comestibles\",\"isPartOf\":{\"@id\":\"https:\\\/\\\/dalboroque.es\\\/#website\"},\"primaryImageOfPage\":{\"@id\":\"https:\\\/\\\/dalboroque.es\\\/tienda\\\/quesos\\\/quesos-ibores\\\/monterrena-queso-de-cabra-curado-d-o-ibores-queseria-almonte\\\/#primaryimage\"},\"image\":{\"@id\":\"https:\\\/\\\/dalboroque.es\\\/tienda\\\/quesos\\\/quesos-ibores\\\/monterrena-queso-de-cabra-curado-d-o-ibores-queseria-almonte\\\/#primaryimage\"},\"thumbnailUrl\":\"https:\\\/\\\/dalboroque.es\\\/wp-content\\\/uploads\\\/2024\\\/06\\\/Monterrena-Natural-Flor-scaled.webp\",\"datePublished\":\"2024-06-04T17:33:25+00:00\",\"dateModified\":\"2024-06-05T14:40:56+00:00\",\"description\":\"Queso de cabra curado D.O Ibores. Leche cruda de cabra, 3 meses de maduraci\u00f3n y coagulaci\u00f3n animal. Sabor suave y textura cremosa.\",\"breadcrumb\":{\"@id\":\"https:\\\/\\\/dalboroque.es\\\/tienda\\\/quesos\\\/quesos-ibores\\\/monterrena-queso-de-cabra-curado-d-o-ibores-queseria-almonte\\\/#breadcrumb\"},\"inLanguage\":\"en-GB\",\"potentialAction\":[{\"@type\":\"ReadAction\",\"target\":[\"https:\\\/\\\/dalboroque.es\\\/tienda\\\/quesos\\\/quesos-ibores\\\/monterrena-queso-de-cabra-curado-d-o-ibores-queseria-almonte\\\/\"]}]},{\"@type\":\"ImageObject\",\"inLanguage\":\"en-GB\",\"@id\":\"https:\\\/\\\/dalboroque.es\\\/tienda\\\/quesos\\\/quesos-ibores\\\/monterrena-queso-de-cabra-curado-d-o-ibores-queseria-almonte\\\/#primaryimage\",\"url\":\"https:\\\/\\\/dalboroque.es\\\/wp-content\\\/uploads\\\/2024\\\/06\\\/Monterrena-Natural-Flor-scaled.webp\",\"contentUrl\":\"https:\\\/\\\/dalboroque.es\\\/wp-content\\\/uploads\\\/2024\\\/06\\\/Monterrena-Natural-Flor-scaled.webp\",\"width\":2560,\"height\":1707},{\"@type\":\"BreadcrumbList\",\"@id\":\"https:\\\/\\\/dalboroque.es\\\/tienda\\\/quesos\\\/quesos-ibores\\\/monterrena-queso-de-cabra-curado-d-o-ibores-queseria-almonte\\\/#breadcrumb\",\"itemListElement\":[{\"@type\":\"ListItem\",\"position\":1,\"name\":\"Tienda\",\"item\":\"https:\\\/\\\/dalboroque.es\\\/tienda\\\/\"},{\"@type\":\"ListItem\",\"position\":2,\"name\":\"Monterre\u00f1a. Queso de cabra curado D.O: IBORES. Queser\u00eda Almonte\"}]},{\"@type\":\"WebSite\",\"@id\":\"https:\\\/\\\/dalboroque.es\\\/#website\",\"url\":\"https:\\\/\\\/dalboroque.es\\\/\",\"name\":\"Tienda de comestibles\",\"description\":\"Tus mejores productos extreme\u00f1os gourmet\",\"potentialAction\":[{\"@type\":\"SearchAction\",\"target\":{\"@type\":\"EntryPoint\",\"urlTemplate\":\"https:\\\/\\\/dalboroque.es\\\/?s={search_term_string}\"},\"query-input\":{\"@type\":\"PropertyValueSpecification\",\"valueRequired\":true,\"valueName\":\"search_term_string\"}}],\"inLanguage\":\"en-GB\"}]}<\/script>\n<!-- \/ Yoast SEO plugin. -->","yoast_head_json":{"title":"Monterre\u00f1a. Queso de cabra curado D.O: IBORES. Queser\u00eda Almonte - Tienda de comestibles","description":"Queso de cabra curado D.O Ibores. Leche cruda de cabra, 3 meses de maduraci\u00f3n y coagulaci\u00f3n animal. Sabor suave y textura cremosa.","robots":{"index":"index","follow":"follow","max-snippet":"max-snippet:-1","max-image-preview":"max-image-preview:large","max-video-preview":"max-video-preview:-1"},"canonical":"https:\/\/dalboroque.es\/en\/tienda\/quesos\/quesos-ibores\/monterrena-queso-de-cabra-curado-d-o-ibores-queseria-almonte\/","og_locale":"en_GB","og_type":"article","og_title":"Monterre\u00f1a. Queso de cabra curado D.O: IBORES. Queser\u00eda Almonte - Tienda de comestibles","og_description":"Queso de cabra curado D.O Ibores. Leche cruda de cabra, 3 meses de maduraci\u00f3n y coagulaci\u00f3n animal. Sabor suave y textura cremosa.","og_url":"https:\/\/dalboroque.es\/en\/tienda\/quesos\/quesos-ibores\/monterrena-queso-de-cabra-curado-d-o-ibores-queseria-almonte\/","og_site_name":"Tienda de comestibles","article_modified_time":"2024-06-05T14:40:56+00:00","og_image":[{"width":2560,"height":1707,"url":"https:\/\/dalboroque.es\/wp-content\/uploads\/2024\/06\/Monterrena-Natural-Flor-scaled.webp","type":"image\/webp"}],"twitter_card":"summary_large_image","twitter_misc":{"Estimated reading time":"2 minutes"},"schema":{"@context":"https:\/\/schema.org","@graph":[{"@type":"WebPage","@id":"https:\/\/dalboroque.es\/tienda\/quesos\/quesos-ibores\/monterrena-queso-de-cabra-curado-d-o-ibores-queseria-almonte\/","url":"https:\/\/dalboroque.es\/tienda\/quesos\/quesos-ibores\/monterrena-queso-de-cabra-curado-d-o-ibores-queseria-almonte\/","name":"Monterre\u00f1a. Queso de cabra curado D.O: IBORES. Queser\u00eda Almonte - Tienda de comestibles","isPartOf":{"@id":"https:\/\/dalboroque.es\/#website"},"primaryImageOfPage":{"@id":"https:\/\/dalboroque.es\/tienda\/quesos\/quesos-ibores\/monterrena-queso-de-cabra-curado-d-o-ibores-queseria-almonte\/#primaryimage"},"image":{"@id":"https:\/\/dalboroque.es\/tienda\/quesos\/quesos-ibores\/monterrena-queso-de-cabra-curado-d-o-ibores-queseria-almonte\/#primaryimage"},"thumbnailUrl":"https:\/\/dalboroque.es\/wp-content\/uploads\/2024\/06\/Monterrena-Natural-Flor-scaled.webp","datePublished":"2024-06-04T17:33:25+00:00","dateModified":"2024-06-05T14:40:56+00:00","description":"Queso de cabra curado D.O Ibores. Leche cruda de cabra, 3 meses de maduraci\u00f3n y coagulaci\u00f3n animal. Sabor suave y textura cremosa.","breadcrumb":{"@id":"https:\/\/dalboroque.es\/tienda\/quesos\/quesos-ibores\/monterrena-queso-de-cabra-curado-d-o-ibores-queseria-almonte\/#breadcrumb"},"inLanguage":"en-GB","potentialAction":[{"@type":"ReadAction","target":["https:\/\/dalboroque.es\/tienda\/quesos\/quesos-ibores\/monterrena-queso-de-cabra-curado-d-o-ibores-queseria-almonte\/"]}]},{"@type":"ImageObject","inLanguage":"en-GB","@id":"https:\/\/dalboroque.es\/tienda\/quesos\/quesos-ibores\/monterrena-queso-de-cabra-curado-d-o-ibores-queseria-almonte\/#primaryimage","url":"https:\/\/dalboroque.es\/wp-content\/uploads\/2024\/06\/Monterrena-Natural-Flor-scaled.webp","contentUrl":"https:\/\/dalboroque.es\/wp-content\/uploads\/2024\/06\/Monterrena-Natural-Flor-scaled.webp","width":2560,"height":1707},{"@type":"BreadcrumbList","@id":"https:\/\/dalboroque.es\/tienda\/quesos\/quesos-ibores\/monterrena-queso-de-cabra-curado-d-o-ibores-queseria-almonte\/#breadcrumb","itemListElement":[{"@type":"ListItem","position":1,"name":"Tienda","item":"https:\/\/dalboroque.es\/tienda\/"},{"@type":"ListItem","position":2,"name":"Monterre\u00f1a. Queso de cabra curado D.O: IBORES. Queser\u00eda Almonte"}]},{"@type":"WebSite","@id":"https:\/\/dalboroque.es\/#website","url":"https:\/\/dalboroque.es\/","name":"Tienda de comestibles","description":"Tus mejores productos extreme\u00f1os gourmet","potentialAction":[{"@type":"SearchAction","target":{"@type":"EntryPoint","urlTemplate":"https:\/\/dalboroque.es\/?s={search_term_string}"},"query-input":{"@type":"PropertyValueSpecification","valueRequired":true,"valueName":"search_term_string"}}],"inLanguage":"en-GB"}]}},"_links":{"self":[{"href":"https:\/\/dalboroque.es\/en\/wp-json\/wp\/v2\/product\/392","targetHints":{"allow":["GET"]}}],"collection":[{"href":"https:\/\/dalboroque.es\/en\/wp-json\/wp\/v2\/product"}],"about":[{"href":"https:\/\/dalboroque.es\/en\/wp-json\/wp\/v2\/types\/product"}],"replies":[{"embeddable":true,"href":"https:\/\/dalboroque.es\/en\/wp-json\/wp\/v2\/comments?post=392"}],"wp:featuredmedia":[{"embeddable":true,"href":"https:\/\/dalboroque.es\/en\/wp-json\/wp\/v2\/media\/393"}],"wp:attachment":[{"href":"https:\/\/dalboroque.es\/en\/wp-json\/wp\/v2\/media?parent=392"}],"wp:term":[{"taxonomy":"product_brand","embeddable":true,"href":"https:\/\/dalboroque.es\/en\/wp-json\/wp\/v2\/product_brand?post=392"},{"taxonomy":"product_cat","embeddable":true,"href":"https:\/\/dalboroque.es\/en\/wp-json\/wp\/v2\/product_cat?post=392"},{"taxonomy":"product_tag","embeddable":true,"href":"https:\/\/dalboroque.es\/en\/wp-json\/wp\/v2\/product_tag?post=392"}],"curies":[{"name":"wp","href":"https:\/\/api.w.org\/{rel}","templated":true}]}}