{"id":390,"date":"2024-06-04T18:41:17","date_gmt":"2024-06-04T16:41:17","guid":{"rendered":"https:\/\/dalboroque.es\/?post_type=product&#038;p=390"},"modified":"2024-06-27T13:38:53","modified_gmt":"2024-06-27T11:38:53","slug":"alma-pura-blanco-prelvm","status":"publish","type":"product","link":"https:\/\/dalboroque.es\/en\/tienda\/vinos\/vinos-extremenos\/alma-pura-blanco-prelvm\/","title":{"rendered":"Alma Pura Blanco. Bodega Prelvm"},"content":{"rendered":"<p><em><strong>Alma Pura Blanco<\/strong> <\/em>es un vino elaborado por Juan Leandro Romero, bodeguero por tradici\u00f3n familiar y viticultor por vocaci\u00f3n. Es un apasionado de los vinos de su tierra y lo refleja en cada botella dejando que el terru\u00f1o se exprese de la mejor manera posible. Su proyecto personal se denomina Prelvm (nombre de las antiguas prensas romanas) y da nombre a la bodega situada en El Raposo, Badajoz.<\/p>\n<p>Este vino blanco procede de vi\u00f1edos ecol\u00f3gicos j\u00f3venes situados a 546 metros de altitud y plantados sobre suelos arcillosos. Se realizan dos vendimias: una temprana de uvas <strong>alarije<\/strong> y <strong>Gewurztraminer<\/strong> para conseguir frescura y acidez y otra segunda en el momento \u00f3ptimo de maduraci\u00f3n de las uvas <strong>macabeo<\/strong> y <strong>eva-beba<\/strong>. Se despalillan y trasladan a las tinajas de barro donde fermentar\u00e1\u00a0 con sus levaduras ind\u00edgenas a temperatura controlada durante 20 d\u00edas. Se realizan 2-3 bazuqueos diarios hasta que los hollejos se depositan en el fondo y se procede al descube y prensado de las pieles. El vino obtenido se vuelve a pasar a las tinajas donde permanecer\u00e1 un m\u00ednimo de 8 meses. Se embotella sin clarificaci\u00f3n, sin estabilizaci\u00f3n y sin filtraci\u00f3n. Adem\u00e1s, es 100% natural, sin la adici\u00f3n de sulforoso en ninguna fase del proceso.<\/p>\n<p>Denominaci\u00f3n: Vino de la Tierra de Extremadura<\/p>\n<p>Presenta un color \u00e1mbar con tonalidades doradas, algo turbio.<\/p>\n<p>Nariz: notas a albaricoques, n\u00edsperos, pera, mermelada de naranja y nueces de macadamia.<\/p>\n<p>Boca: cuerpo medio, baja acidez y notas dulces finales.<\/p>\n<p>Maridaje: carnes blancas, pat\u00e9s y queso azul.<\/p>\n<p>12,5% Vol. Alc<\/p>\n<p>&nbsp;<\/p>\n<p>&nbsp;<\/p>","protected":false},"excerpt":{"rendered":"<p>Vino blanco natural procedente de vi\u00f1edos ecol\u00f3gicos de 30 a\u00f1os de edad situados sobre suelos arcillosos a una altitud de 546 metros sobre el nivel del mar. Vendimia manual y nocturna en dos fases.<\/p>\n<p>Uvas: 25% Alarije + 25% Gewurztraminer + 25% Macabeo + 25% Eva-Beba.<\/p>\n<p>Fermentado y madurado en tinajas de barro. Sin filtrar ni clarificar. Sin sulfitos a\u00f1adidos.<\/p>\n<p>D.O: Vino de la Tierra de Extremadura<\/p>\n<p>Color \u00e1mbar, ligeramente turbio y aromas a albaricoques, orejones y nueces de macadamia. En boca es amable, de baja acidez y con un toque dulce.<\/p>\n<p>Maridaje: carnes blancas, pat\u00e9s y queso azul.<\/p>\n<p>12,5% Vol. Alc.<\/p>\n<p>&nbsp;<\/p>","protected":false},"featured_media":391,"comment_status":"open","ping_status":"closed","template":"","meta":[],"product_brand":[],"product_cat":[51,122],"product_tag":[],"class_list":{"0":"post-390","1":"product","2":"type-product","3":"status-publish","4":"has-post-thumbnail","6":"product_cat-vinos","7":"product_cat-vinos-extremenos","9":"first","10":"instock","11":"shipping-taxable","12":"purchasable","13":"product-type-simple"},"yoast_head":"<!-- This site is optimized with the Yoast SEO plugin v27.4 - https:\/\/yoast.com\/product\/yoast-seo-wordpress\/ -->\n<title>Alma Pura Blanco. Bodega Prelvm - Tienda de comestibles<\/title>\n<meta name=\"description\" content=\"Alma Pura Blanco es un vino natural de 25% Alarije, 25% Gewurztraminer, 25% Macabeo y 25% Eva-Beba. D.O: Vino de la Tierra de Extremadura. Sin filtrar.\" \/>\n<meta name=\"robots\" content=\"index, follow, max-snippet:-1, max-image-preview:large, max-video-preview:-1\" \/>\n<link rel=\"canonical\" href=\"https:\/\/dalboroque.es\/en\/tienda\/vinos\/vinos-extremenos\/alma-pura-blanco-prelvm\/\" \/>\n<meta property=\"og:locale\" content=\"en_GB\" \/>\n<meta property=\"og:type\" content=\"article\" \/>\n<meta property=\"og:title\" content=\"Alma Pura Blanco. Bodega Prelvm - Tienda de comestibles\" \/>\n<meta property=\"og:description\" content=\"Alma Pura Blanco es un vino natural de 25% Alarije, 25% Gewurztraminer, 25% Macabeo y 25% Eva-Beba. D.O: Vino de la Tierra de Extremadura. Sin filtrar.\" \/>\n<meta property=\"og:url\" content=\"https:\/\/dalboroque.es\/en\/tienda\/vinos\/vinos-extremenos\/alma-pura-blanco-prelvm\/\" \/>\n<meta property=\"og:site_name\" content=\"Tienda de comestibles\" \/>\n<meta property=\"article:modified_time\" content=\"2024-06-27T11:38:53+00:00\" \/>\n<meta property=\"og:image\" content=\"https:\/\/dalboroque.es\/wp-content\/uploads\/2024\/06\/Alma-Pura-Blanco-Bot-scaled.webp\" \/>\n\t<meta property=\"og:image:width\" content=\"1644\" \/>\n\t<meta property=\"og:image:height\" content=\"2560\" \/>\n\t<meta property=\"og:image:type\" content=\"image\/webp\" \/>\n<meta name=\"twitter:card\" content=\"summary_large_image\" \/>\n<meta name=\"twitter:label1\" content=\"Estimated reading time\" \/>\n\t<meta name=\"twitter:data1\" content=\"2 minutes\" \/>\n<script type=\"application\/ld+json\" class=\"yoast-schema-graph\">{\"@context\":\"https:\\\/\\\/schema.org\",\"@graph\":[{\"@type\":\"WebPage\",\"@id\":\"https:\\\/\\\/dalboroque.es\\\/tienda\\\/vinos\\\/vinos-extremenos\\\/alma-pura-blanco-prelvm\\\/\",\"url\":\"https:\\\/\\\/dalboroque.es\\\/tienda\\\/vinos\\\/vinos-extremenos\\\/alma-pura-blanco-prelvm\\\/\",\"name\":\"Alma Pura Blanco. Bodega Prelvm - Tienda de comestibles\",\"isPartOf\":{\"@id\":\"https:\\\/\\\/dalboroque.es\\\/#website\"},\"primaryImageOfPage\":{\"@id\":\"https:\\\/\\\/dalboroque.es\\\/tienda\\\/vinos\\\/vinos-extremenos\\\/alma-pura-blanco-prelvm\\\/#primaryimage\"},\"image\":{\"@id\":\"https:\\\/\\\/dalboroque.es\\\/tienda\\\/vinos\\\/vinos-extremenos\\\/alma-pura-blanco-prelvm\\\/#primaryimage\"},\"thumbnailUrl\":\"https:\\\/\\\/dalboroque.es\\\/wp-content\\\/uploads\\\/2024\\\/06\\\/Alma-Pura-Blanco-Bot-scaled.webp\",\"datePublished\":\"2024-06-04T16:41:17+00:00\",\"dateModified\":\"2024-06-27T11:38:53+00:00\",\"description\":\"Alma Pura Blanco es un vino natural de 25% Alarije, 25% Gewurztraminer, 25% Macabeo y 25% Eva-Beba. D.O: Vino de la Tierra de Extremadura. Sin filtrar.\",\"breadcrumb\":{\"@id\":\"https:\\\/\\\/dalboroque.es\\\/tienda\\\/vinos\\\/vinos-extremenos\\\/alma-pura-blanco-prelvm\\\/#breadcrumb\"},\"inLanguage\":\"en-GB\",\"potentialAction\":[{\"@type\":\"ReadAction\",\"target\":[\"https:\\\/\\\/dalboroque.es\\\/tienda\\\/vinos\\\/vinos-extremenos\\\/alma-pura-blanco-prelvm\\\/\"]}]},{\"@type\":\"ImageObject\",\"inLanguage\":\"en-GB\",\"@id\":\"https:\\\/\\\/dalboroque.es\\\/tienda\\\/vinos\\\/vinos-extremenos\\\/alma-pura-blanco-prelvm\\\/#primaryimage\",\"url\":\"https:\\\/\\\/dalboroque.es\\\/wp-content\\\/uploads\\\/2024\\\/06\\\/Alma-Pura-Blanco-Bot-scaled.webp\",\"contentUrl\":\"https:\\\/\\\/dalboroque.es\\\/wp-content\\\/uploads\\\/2024\\\/06\\\/Alma-Pura-Blanco-Bot-scaled.webp\",\"width\":1644,\"height\":2560},{\"@type\":\"BreadcrumbList\",\"@id\":\"https:\\\/\\\/dalboroque.es\\\/tienda\\\/vinos\\\/vinos-extremenos\\\/alma-pura-blanco-prelvm\\\/#breadcrumb\",\"itemListElement\":[{\"@type\":\"ListItem\",\"position\":1,\"name\":\"Tienda\",\"item\":\"https:\\\/\\\/dalboroque.es\\\/tienda\\\/\"},{\"@type\":\"ListItem\",\"position\":2,\"name\":\"Alma Pura Blanco. Bodega Prelvm\"}]},{\"@type\":\"WebSite\",\"@id\":\"https:\\\/\\\/dalboroque.es\\\/#website\",\"url\":\"https:\\\/\\\/dalboroque.es\\\/\",\"name\":\"Tienda de comestibles\",\"description\":\"Tus mejores productos extreme\u00f1os gourmet\",\"potentialAction\":[{\"@type\":\"SearchAction\",\"target\":{\"@type\":\"EntryPoint\",\"urlTemplate\":\"https:\\\/\\\/dalboroque.es\\\/?s={search_term_string}\"},\"query-input\":{\"@type\":\"PropertyValueSpecification\",\"valueRequired\":true,\"valueName\":\"search_term_string\"}}],\"inLanguage\":\"en-GB\"}]}<\/script>\n<!-- \/ Yoast SEO plugin. -->","yoast_head_json":{"title":"Alma Pura Blanco. Bodega Prelvm - Tienda de comestibles","description":"Alma Pura Blanco es un vino natural de 25% Alarije, 25% Gewurztraminer, 25% Macabeo y 25% Eva-Beba. D.O: Vino de la Tierra de Extremadura. Sin filtrar.","robots":{"index":"index","follow":"follow","max-snippet":"max-snippet:-1","max-image-preview":"max-image-preview:large","max-video-preview":"max-video-preview:-1"},"canonical":"https:\/\/dalboroque.es\/en\/tienda\/vinos\/vinos-extremenos\/alma-pura-blanco-prelvm\/","og_locale":"en_GB","og_type":"article","og_title":"Alma Pura Blanco. Bodega Prelvm - Tienda de comestibles","og_description":"Alma Pura Blanco es un vino natural de 25% Alarije, 25% Gewurztraminer, 25% Macabeo y 25% Eva-Beba. D.O: Vino de la Tierra de Extremadura. Sin filtrar.","og_url":"https:\/\/dalboroque.es\/en\/tienda\/vinos\/vinos-extremenos\/alma-pura-blanco-prelvm\/","og_site_name":"Tienda de comestibles","article_modified_time":"2024-06-27T11:38:53+00:00","og_image":[{"width":1644,"height":2560,"url":"https:\/\/dalboroque.es\/wp-content\/uploads\/2024\/06\/Alma-Pura-Blanco-Bot-scaled.webp","type":"image\/webp"}],"twitter_card":"summary_large_image","twitter_misc":{"Estimated reading time":"2 minutes"},"schema":{"@context":"https:\/\/schema.org","@graph":[{"@type":"WebPage","@id":"https:\/\/dalboroque.es\/tienda\/vinos\/vinos-extremenos\/alma-pura-blanco-prelvm\/","url":"https:\/\/dalboroque.es\/tienda\/vinos\/vinos-extremenos\/alma-pura-blanco-prelvm\/","name":"Alma Pura Blanco. Bodega Prelvm - Tienda de comestibles","isPartOf":{"@id":"https:\/\/dalboroque.es\/#website"},"primaryImageOfPage":{"@id":"https:\/\/dalboroque.es\/tienda\/vinos\/vinos-extremenos\/alma-pura-blanco-prelvm\/#primaryimage"},"image":{"@id":"https:\/\/dalboroque.es\/tienda\/vinos\/vinos-extremenos\/alma-pura-blanco-prelvm\/#primaryimage"},"thumbnailUrl":"https:\/\/dalboroque.es\/wp-content\/uploads\/2024\/06\/Alma-Pura-Blanco-Bot-scaled.webp","datePublished":"2024-06-04T16:41:17+00:00","dateModified":"2024-06-27T11:38:53+00:00","description":"Alma Pura Blanco es un vino natural de 25% Alarije, 25% Gewurztraminer, 25% Macabeo y 25% Eva-Beba. D.O: Vino de la Tierra de Extremadura. Sin filtrar.","breadcrumb":{"@id":"https:\/\/dalboroque.es\/tienda\/vinos\/vinos-extremenos\/alma-pura-blanco-prelvm\/#breadcrumb"},"inLanguage":"en-GB","potentialAction":[{"@type":"ReadAction","target":["https:\/\/dalboroque.es\/tienda\/vinos\/vinos-extremenos\/alma-pura-blanco-prelvm\/"]}]},{"@type":"ImageObject","inLanguage":"en-GB","@id":"https:\/\/dalboroque.es\/tienda\/vinos\/vinos-extremenos\/alma-pura-blanco-prelvm\/#primaryimage","url":"https:\/\/dalboroque.es\/wp-content\/uploads\/2024\/06\/Alma-Pura-Blanco-Bot-scaled.webp","contentUrl":"https:\/\/dalboroque.es\/wp-content\/uploads\/2024\/06\/Alma-Pura-Blanco-Bot-scaled.webp","width":1644,"height":2560},{"@type":"BreadcrumbList","@id":"https:\/\/dalboroque.es\/tienda\/vinos\/vinos-extremenos\/alma-pura-blanco-prelvm\/#breadcrumb","itemListElement":[{"@type":"ListItem","position":1,"name":"Tienda","item":"https:\/\/dalboroque.es\/tienda\/"},{"@type":"ListItem","position":2,"name":"Alma Pura Blanco. Bodega Prelvm"}]},{"@type":"WebSite","@id":"https:\/\/dalboroque.es\/#website","url":"https:\/\/dalboroque.es\/","name":"Tienda de comestibles","description":"Tus mejores productos extreme\u00f1os gourmet","potentialAction":[{"@type":"SearchAction","target":{"@type":"EntryPoint","urlTemplate":"https:\/\/dalboroque.es\/?s={search_term_string}"},"query-input":{"@type":"PropertyValueSpecification","valueRequired":true,"valueName":"search_term_string"}}],"inLanguage":"en-GB"}]}},"_links":{"self":[{"href":"https:\/\/dalboroque.es\/en\/wp-json\/wp\/v2\/product\/390","targetHints":{"allow":["GET"]}}],"collection":[{"href":"https:\/\/dalboroque.es\/en\/wp-json\/wp\/v2\/product"}],"about":[{"href":"https:\/\/dalboroque.es\/en\/wp-json\/wp\/v2\/types\/product"}],"replies":[{"embeddable":true,"href":"https:\/\/dalboroque.es\/en\/wp-json\/wp\/v2\/comments?post=390"}],"wp:featuredmedia":[{"embeddable":true,"href":"https:\/\/dalboroque.es\/en\/wp-json\/wp\/v2\/media\/391"}],"wp:attachment":[{"href":"https:\/\/dalboroque.es\/en\/wp-json\/wp\/v2\/media?parent=390"}],"wp:term":[{"taxonomy":"product_brand","embeddable":true,"href":"https:\/\/dalboroque.es\/en\/wp-json\/wp\/v2\/product_brand?post=390"},{"taxonomy":"product_cat","embeddable":true,"href":"https:\/\/dalboroque.es\/en\/wp-json\/wp\/v2\/product_cat?post=390"},{"taxonomy":"product_tag","embeddable":true,"href":"https:\/\/dalboroque.es\/en\/wp-json\/wp\/v2\/product_tag?post=390"}],"curies":[{"name":"wp","href":"https:\/\/api.w.org\/{rel}","templated":true}]}}