{"id":388,"date":"2024-06-03T19:34:42","date_gmt":"2024-06-03T17:34:42","guid":{"rendered":"https:\/\/dalboroque.es\/?post_type=product&#038;p=388"},"modified":"2024-06-27T22:52:33","modified_gmt":"2024-06-27T20:52:33","slug":"lagrimas-de-garnacha-prelvm","status":"publish","type":"product","link":"https:\/\/dalboroque.es\/en\/tienda\/vinos\/vinos-extremenos\/lagrimas-de-garnacha-prelvm\/","title":{"rendered":"L\u00e1grimas de Garnacha. Bodega Prelvm"},"content":{"rendered":"<p>L\u00e1grimas de Garnacha es un vino tinto elaborado por Juan Leandro Romero, bodeguero por tradici\u00f3n familiar y viticultor por vocaci\u00f3n. Es un apasionado de los vinos de su tierra y lo refleja en cada botella dejando que el terru\u00f1o se exprese de la mejor manera posible. Su proyecto personal se denomina Prelvm (nombre de las antiguas prensas romanas) y da nombre a la bodega situada en El Raposo, Badajoz.<\/p>\n<p>Vino tinto ligero de uva 100% garnacha de vi\u00f1edos de 30 a\u00f1os y con certificaci\u00f3n ecol\u00f3gica. Se encuentran plantados sobre suelos arcillosos a una altitud de 546 metros sobre el nivel del mar.<\/p>\n<p>Vendimia manual nocturna y temprana. Selecci\u00f3n cuidadosa de las uvas\u00a0 para posterior despalillado y prensado, tras unas horas de maceraci\u00f3n con pieles. Fermenta espont\u00e1neamente con levaduras ind\u00edgenas en tinajas de barro a temperatura controlada durante unos 10 d\u00edas. Terminada la fermentaci\u00f3n se procede a realizar un trasiego entre tinajas donde permanecer\u00e1 unos 6 meses para su afinado y crianza. Embotellado sin clarificaci\u00f3n, sin estabilizaci\u00f3n y sin filtraci\u00f3n.<\/p>\n<p>Denominaci\u00f3n: Vino de la Tierra de Extremadura<\/p>\n<p>Presenta un color cereza, con capa media , limpio y brillante.<\/p>\n<p>Nariz: notas a fresa, cereza, frambuesa&#8230;<\/p>\n<p>Boca: Ligero, baja acidez, fresco y f\u00e1cil de beber.<\/p>\n<p>Maridaje: carnes blancas, paellas, embutidos y quesos de pasta blanda.<\/p>\n<p>13,5% Vol. Alc<\/p>","protected":false},"excerpt":{"rendered":"<p>Vino tinto ecol\u00f3gico de uva garnacha obtenido por prensado directo, fermentado espont\u00e1neamente y criado en tinajas de barro. Color cereza brillante y aromas a frutos rojos como fresas y frambuesas. En boca es ligero, de baja acidez y f\u00e1cil de beber. Un vino perfecto para beber en verano junto con una ensalada o carnes blancas, as\u00ed como quesos de pasta blanda. 13,5% Vol. Alc.<\/p>","protected":false},"featured_media":341,"comment_status":"open","ping_status":"closed","template":"","meta":[],"product_brand":[],"product_cat":[14,51,122],"product_tag":[140,138,103,141,139,60],"class_list":{"0":"post-388","1":"product","2":"type-product","3":"status-publish","4":"has-post-thumbnail","6":"product_cat-sin-categorizar","7":"product_cat-vinos","8":"product_cat-vinos-extremenos","9":"product_tag-ecologico","10":"product_tag-extremadura","11":"product_tag-garnacha","12":"product_tag-ligero","13":"product_tag-tinaja","14":"product_tag-vino-tinto","16":"first","17":"instock","18":"shipping-taxable","19":"purchasable","20":"product-type-simple"},"yoast_head":"<!-- This site is optimized with the Yoast SEO plugin v27.4 - https:\/\/yoast.com\/product\/yoast-seo-wordpress\/ -->\n<title>L\u00e1grimas de Garnacha. Bodega Prelvm - Tienda de comestibles<\/title>\n<meta name=\"description\" content=\"Vino tinto ecol\u00f3gico ligero de uva garnacha obtenidas por prensado directo, fermentado espont\u00e1neamente y criado en tinajas de barro. F\u00e1cil de beber. 13,5%\" \/>\n<meta name=\"robots\" content=\"index, follow, max-snippet:-1, max-image-preview:large, max-video-preview:-1\" \/>\n<link rel=\"canonical\" href=\"https:\/\/dalboroque.es\/en\/tienda\/vinos\/vinos-extremenos\/lagrimas-de-garnacha-prelvm\/\" \/>\n<meta property=\"og:locale\" content=\"en_GB\" \/>\n<meta property=\"og:type\" content=\"article\" \/>\n<meta property=\"og:title\" content=\"L\u00e1grimas de Garnacha. Bodega Prelvm - Tienda de comestibles\" \/>\n<meta property=\"og:description\" content=\"Vino tinto ecol\u00f3gico ligero de uva garnacha obtenidas por prensado directo, fermentado espont\u00e1neamente y criado en tinajas de barro. F\u00e1cil de beber. 13,5%\" \/>\n<meta property=\"og:url\" content=\"https:\/\/dalboroque.es\/en\/tienda\/vinos\/vinos-extremenos\/lagrimas-de-garnacha-prelvm\/\" \/>\n<meta property=\"og:site_name\" content=\"Tienda de comestibles\" \/>\n<meta property=\"article:modified_time\" content=\"2024-06-27T20:52:33+00:00\" \/>\n<meta property=\"og:image\" content=\"https:\/\/dalboroque.es\/wp-content\/uploads\/2024\/04\/dalboroque-prelum-lagrimas-garnacha01.webp\" \/>\n\t<meta property=\"og:image:width\" content=\"1200\" \/>\n\t<meta property=\"og:image:height\" content=\"1200\" \/>\n\t<meta property=\"og:image:type\" content=\"image\/webp\" \/>\n<meta name=\"twitter:card\" content=\"summary_large_image\" \/>\n<meta name=\"twitter:label1\" content=\"Estimated reading time\" \/>\n\t<meta name=\"twitter:data1\" content=\"2 minutes\" \/>\n<script type=\"application\/ld+json\" class=\"yoast-schema-graph\">{\"@context\":\"https:\\\/\\\/schema.org\",\"@graph\":[{\"@type\":\"WebPage\",\"@id\":\"https:\\\/\\\/dalboroque.es\\\/tienda\\\/vinos\\\/vinos-extremenos\\\/lagrimas-de-garnacha-prelvm\\\/\",\"url\":\"https:\\\/\\\/dalboroque.es\\\/tienda\\\/vinos\\\/vinos-extremenos\\\/lagrimas-de-garnacha-prelvm\\\/\",\"name\":\"L\u00e1grimas de Garnacha. Bodega Prelvm - Tienda de comestibles\",\"isPartOf\":{\"@id\":\"https:\\\/\\\/dalboroque.es\\\/#website\"},\"primaryImageOfPage\":{\"@id\":\"https:\\\/\\\/dalboroque.es\\\/tienda\\\/vinos\\\/vinos-extremenos\\\/lagrimas-de-garnacha-prelvm\\\/#primaryimage\"},\"image\":{\"@id\":\"https:\\\/\\\/dalboroque.es\\\/tienda\\\/vinos\\\/vinos-extremenos\\\/lagrimas-de-garnacha-prelvm\\\/#primaryimage\"},\"thumbnailUrl\":\"https:\\\/\\\/dalboroque.es\\\/wp-content\\\/uploads\\\/2024\\\/04\\\/dalboroque-prelum-lagrimas-garnacha01.webp\",\"datePublished\":\"2024-06-03T17:34:42+00:00\",\"dateModified\":\"2024-06-27T20:52:33+00:00\",\"description\":\"Vino tinto ecol\u00f3gico ligero de uva garnacha obtenidas por prensado directo, fermentado espont\u00e1neamente y criado en tinajas de barro. F\u00e1cil de beber. 13,5%\",\"breadcrumb\":{\"@id\":\"https:\\\/\\\/dalboroque.es\\\/tienda\\\/vinos\\\/vinos-extremenos\\\/lagrimas-de-garnacha-prelvm\\\/#breadcrumb\"},\"inLanguage\":\"en-GB\",\"potentialAction\":[{\"@type\":\"ReadAction\",\"target\":[\"https:\\\/\\\/dalboroque.es\\\/tienda\\\/vinos\\\/vinos-extremenos\\\/lagrimas-de-garnacha-prelvm\\\/\"]}]},{\"@type\":\"ImageObject\",\"inLanguage\":\"en-GB\",\"@id\":\"https:\\\/\\\/dalboroque.es\\\/tienda\\\/vinos\\\/vinos-extremenos\\\/lagrimas-de-garnacha-prelvm\\\/#primaryimage\",\"url\":\"https:\\\/\\\/dalboroque.es\\\/wp-content\\\/uploads\\\/2024\\\/04\\\/dalboroque-prelum-lagrimas-garnacha01.webp\",\"contentUrl\":\"https:\\\/\\\/dalboroque.es\\\/wp-content\\\/uploads\\\/2024\\\/04\\\/dalboroque-prelum-lagrimas-garnacha01.webp\",\"width\":1200,\"height\":1200},{\"@type\":\"BreadcrumbList\",\"@id\":\"https:\\\/\\\/dalboroque.es\\\/tienda\\\/vinos\\\/vinos-extremenos\\\/lagrimas-de-garnacha-prelvm\\\/#breadcrumb\",\"itemListElement\":[{\"@type\":\"ListItem\",\"position\":1,\"name\":\"Tienda\",\"item\":\"https:\\\/\\\/dalboroque.es\\\/tienda\\\/\"},{\"@type\":\"ListItem\",\"position\":2,\"name\":\"L\u00e1grimas de Garnacha. Bodega Prelvm\"}]},{\"@type\":\"WebSite\",\"@id\":\"https:\\\/\\\/dalboroque.es\\\/#website\",\"url\":\"https:\\\/\\\/dalboroque.es\\\/\",\"name\":\"Tienda de comestibles\",\"description\":\"Tus mejores productos extreme\u00f1os gourmet\",\"potentialAction\":[{\"@type\":\"SearchAction\",\"target\":{\"@type\":\"EntryPoint\",\"urlTemplate\":\"https:\\\/\\\/dalboroque.es\\\/?s={search_term_string}\"},\"query-input\":{\"@type\":\"PropertyValueSpecification\",\"valueRequired\":true,\"valueName\":\"search_term_string\"}}],\"inLanguage\":\"en-GB\"}]}<\/script>\n<!-- \/ Yoast SEO plugin. -->","yoast_head_json":{"title":"L\u00e1grimas de Garnacha. Bodega Prelvm - Tienda de comestibles","description":"Vino tinto ecol\u00f3gico ligero de uva garnacha obtenidas por prensado directo, fermentado espont\u00e1neamente y criado en tinajas de barro. F\u00e1cil de beber. 13,5%","robots":{"index":"index","follow":"follow","max-snippet":"max-snippet:-1","max-image-preview":"max-image-preview:large","max-video-preview":"max-video-preview:-1"},"canonical":"https:\/\/dalboroque.es\/en\/tienda\/vinos\/vinos-extremenos\/lagrimas-de-garnacha-prelvm\/","og_locale":"en_GB","og_type":"article","og_title":"L\u00e1grimas de Garnacha. Bodega Prelvm - Tienda de comestibles","og_description":"Vino tinto ecol\u00f3gico ligero de uva garnacha obtenidas por prensado directo, fermentado espont\u00e1neamente y criado en tinajas de barro. F\u00e1cil de beber. 13,5%","og_url":"https:\/\/dalboroque.es\/en\/tienda\/vinos\/vinos-extremenos\/lagrimas-de-garnacha-prelvm\/","og_site_name":"Tienda de comestibles","article_modified_time":"2024-06-27T20:52:33+00:00","og_image":[{"width":1200,"height":1200,"url":"https:\/\/dalboroque.es\/wp-content\/uploads\/2024\/04\/dalboroque-prelum-lagrimas-garnacha01.webp","type":"image\/webp"}],"twitter_card":"summary_large_image","twitter_misc":{"Estimated reading time":"2 minutes"},"schema":{"@context":"https:\/\/schema.org","@graph":[{"@type":"WebPage","@id":"https:\/\/dalboroque.es\/tienda\/vinos\/vinos-extremenos\/lagrimas-de-garnacha-prelvm\/","url":"https:\/\/dalboroque.es\/tienda\/vinos\/vinos-extremenos\/lagrimas-de-garnacha-prelvm\/","name":"L\u00e1grimas de Garnacha. Bodega Prelvm - Tienda de comestibles","isPartOf":{"@id":"https:\/\/dalboroque.es\/#website"},"primaryImageOfPage":{"@id":"https:\/\/dalboroque.es\/tienda\/vinos\/vinos-extremenos\/lagrimas-de-garnacha-prelvm\/#primaryimage"},"image":{"@id":"https:\/\/dalboroque.es\/tienda\/vinos\/vinos-extremenos\/lagrimas-de-garnacha-prelvm\/#primaryimage"},"thumbnailUrl":"https:\/\/dalboroque.es\/wp-content\/uploads\/2024\/04\/dalboroque-prelum-lagrimas-garnacha01.webp","datePublished":"2024-06-03T17:34:42+00:00","dateModified":"2024-06-27T20:52:33+00:00","description":"Vino tinto ecol\u00f3gico ligero de uva garnacha obtenidas por prensado directo, fermentado espont\u00e1neamente y criado en tinajas de barro. F\u00e1cil de beber. 13,5%","breadcrumb":{"@id":"https:\/\/dalboroque.es\/tienda\/vinos\/vinos-extremenos\/lagrimas-de-garnacha-prelvm\/#breadcrumb"},"inLanguage":"en-GB","potentialAction":[{"@type":"ReadAction","target":["https:\/\/dalboroque.es\/tienda\/vinos\/vinos-extremenos\/lagrimas-de-garnacha-prelvm\/"]}]},{"@type":"ImageObject","inLanguage":"en-GB","@id":"https:\/\/dalboroque.es\/tienda\/vinos\/vinos-extremenos\/lagrimas-de-garnacha-prelvm\/#primaryimage","url":"https:\/\/dalboroque.es\/wp-content\/uploads\/2024\/04\/dalboroque-prelum-lagrimas-garnacha01.webp","contentUrl":"https:\/\/dalboroque.es\/wp-content\/uploads\/2024\/04\/dalboroque-prelum-lagrimas-garnacha01.webp","width":1200,"height":1200},{"@type":"BreadcrumbList","@id":"https:\/\/dalboroque.es\/tienda\/vinos\/vinos-extremenos\/lagrimas-de-garnacha-prelvm\/#breadcrumb","itemListElement":[{"@type":"ListItem","position":1,"name":"Tienda","item":"https:\/\/dalboroque.es\/tienda\/"},{"@type":"ListItem","position":2,"name":"L\u00e1grimas de Garnacha. Bodega Prelvm"}]},{"@type":"WebSite","@id":"https:\/\/dalboroque.es\/#website","url":"https:\/\/dalboroque.es\/","name":"Tienda de comestibles","description":"Tus mejores productos extreme\u00f1os gourmet","potentialAction":[{"@type":"SearchAction","target":{"@type":"EntryPoint","urlTemplate":"https:\/\/dalboroque.es\/?s={search_term_string}"},"query-input":{"@type":"PropertyValueSpecification","valueRequired":true,"valueName":"search_term_string"}}],"inLanguage":"en-GB"}]}},"_links":{"self":[{"href":"https:\/\/dalboroque.es\/en\/wp-json\/wp\/v2\/product\/388","targetHints":{"allow":["GET"]}}],"collection":[{"href":"https:\/\/dalboroque.es\/en\/wp-json\/wp\/v2\/product"}],"about":[{"href":"https:\/\/dalboroque.es\/en\/wp-json\/wp\/v2\/types\/product"}],"replies":[{"embeddable":true,"href":"https:\/\/dalboroque.es\/en\/wp-json\/wp\/v2\/comments?post=388"}],"wp:featuredmedia":[{"embeddable":true,"href":"https:\/\/dalboroque.es\/en\/wp-json\/wp\/v2\/media\/341"}],"wp:attachment":[{"href":"https:\/\/dalboroque.es\/en\/wp-json\/wp\/v2\/media?parent=388"}],"wp:term":[{"taxonomy":"product_brand","embeddable":true,"href":"https:\/\/dalboroque.es\/en\/wp-json\/wp\/v2\/product_brand?post=388"},{"taxonomy":"product_cat","embeddable":true,"href":"https:\/\/dalboroque.es\/en\/wp-json\/wp\/v2\/product_cat?post=388"},{"taxonomy":"product_tag","embeddable":true,"href":"https:\/\/dalboroque.es\/en\/wp-json\/wp\/v2\/product_tag?post=388"}],"curies":[{"name":"wp","href":"https:\/\/api.w.org\/{rel}","templated":true}]}}