{"id":385,"date":"2024-06-03T17:37:40","date_gmt":"2024-06-03T15:37:40","guid":{"rendered":"https:\/\/dalboroque.es\/?post_type=product&#038;p=385"},"modified":"2024-06-27T22:51:31","modified_gmt":"2024-06-27T20:51:31","slug":"vermu-tinto-magia-negra","status":"publish","type":"product","link":"https:\/\/dalboroque.es\/en\/tienda\/vinos\/vinos-extremenos\/vermu-tinto-magia-negra\/","title":{"rendered":"Verm\u00fa Tinto Magia Negra"},"content":{"rendered":"<p>Verm\u00fa artesanal de vino tinto envejecido en barrica y con adici\u00f3n de mosto de uva, sin az\u00facar a\u00f1adido. Vino de Sierra de Gata, Villamiel (C\u00e1ceres). Elaborado por Bodega Recuero.<\/p>","protected":false},"excerpt":{"rendered":"<p>Verm\u00fa tinto hecho a base de vino envejecido en barrica y con adici\u00f3n de mosto de uva, sin az\u00facares a\u00f1adidos.<\/p>\n<p>&nbsp;<\/p>","protected":false},"featured_media":387,"comment_status":"open","ping_status":"closed","template":"","meta":[],"product_brand":[],"product_cat":[51,122],"product_tag":[136,135,73,137,59,134],"class_list":{"0":"post-385","1":"product","2":"type-product","3":"status-publish","4":"has-post-thumbnail","6":"product_cat-vinos","7":"product_cat-vinos-extremenos","8":"product_tag-envejecido","9":"product_tag-natural","10":"product_tag-sierra-de-gata","11":"product_tag-sin-azucar-anadido","12":"product_tag-tinto","13":"product_tag-vermu","15":"first","16":"instock","17":"shipping-taxable","18":"purchasable","19":"product-type-simple"},"yoast_head":"<!-- This site is optimized with the Yoast SEO plugin v27.3 - https:\/\/yoast.com\/product\/yoast-seo-wordpress\/ -->\n<title>Verm\u00fa Tinto Magia Negra - Tienda de comestibles<\/title>\n<meta name=\"description\" content=\"Verm\u00fa tinto hecho a base de vino envejecido en barrica y con adici\u00f3n de mosto de uva del a\u00f1o, sin az\u00facares a\u00f1adidos. Es un verm\u00fa \u00fanico y especial.\" \/>\n<meta name=\"robots\" content=\"index, follow, max-snippet:-1, max-image-preview:large, max-video-preview:-1\" \/>\n<link rel=\"canonical\" href=\"https:\/\/dalboroque.es\/en\/tienda\/vinos\/vinos-extremenos\/vermu-tinto-magia-negra\/\" \/>\n<meta property=\"og:locale\" content=\"en_GB\" \/>\n<meta property=\"og:type\" content=\"article\" \/>\n<meta property=\"og:title\" content=\"Verm\u00fa Tinto Magia Negra - Tienda de comestibles\" \/>\n<meta property=\"og:description\" content=\"Verm\u00fa tinto hecho a base de vino envejecido en barrica y con adici\u00f3n de mosto de uva del a\u00f1o, sin az\u00facares a\u00f1adidos. Es un verm\u00fa \u00fanico y especial.\" \/>\n<meta property=\"og:url\" content=\"https:\/\/dalboroque.es\/en\/tienda\/vinos\/vinos-extremenos\/vermu-tinto-magia-negra\/\" \/>\n<meta property=\"og:site_name\" content=\"Tienda de comestibles\" \/>\n<meta property=\"article:modified_time\" content=\"2024-06-27T20:51:31+00:00\" \/>\n<meta property=\"og:image\" content=\"https:\/\/dalboroque.es\/wp-content\/uploads\/2024\/06\/vermu-antier-entero-scaled.webp\" \/>\n\t<meta property=\"og:image:width\" content=\"2560\" \/>\n\t<meta property=\"og:image:height\" content=\"2560\" \/>\n\t<meta property=\"og:image:type\" content=\"image\/webp\" \/>\n<meta name=\"twitter:card\" content=\"summary_large_image\" \/>\n<meta name=\"twitter:label1\" content=\"Estimated reading time\" \/>\n\t<meta name=\"twitter:data1\" content=\"1 minute\" \/>\n<script type=\"application\/ld+json\" class=\"yoast-schema-graph\">{\"@context\":\"https:\\\/\\\/schema.org\",\"@graph\":[{\"@type\":\"WebPage\",\"@id\":\"https:\\\/\\\/dalboroque.es\\\/tienda\\\/vinos\\\/vinos-extremenos\\\/vermu-tinto-magia-negra\\\/\",\"url\":\"https:\\\/\\\/dalboroque.es\\\/tienda\\\/vinos\\\/vinos-extremenos\\\/vermu-tinto-magia-negra\\\/\",\"name\":\"Verm\u00fa Tinto Magia Negra - Tienda de comestibles\",\"isPartOf\":{\"@id\":\"https:\\\/\\\/dalboroque.es\\\/#website\"},\"primaryImageOfPage\":{\"@id\":\"https:\\\/\\\/dalboroque.es\\\/tienda\\\/vinos\\\/vinos-extremenos\\\/vermu-tinto-magia-negra\\\/#primaryimage\"},\"image\":{\"@id\":\"https:\\\/\\\/dalboroque.es\\\/tienda\\\/vinos\\\/vinos-extremenos\\\/vermu-tinto-magia-negra\\\/#primaryimage\"},\"thumbnailUrl\":\"https:\\\/\\\/dalboroque.es\\\/wp-content\\\/uploads\\\/2024\\\/06\\\/vermu-antier-entero-scaled.webp\",\"datePublished\":\"2024-06-03T15:37:40+00:00\",\"dateModified\":\"2024-06-27T20:51:31+00:00\",\"description\":\"Verm\u00fa tinto hecho a base de vino envejecido en barrica y con adici\u00f3n de mosto de uva del a\u00f1o, sin az\u00facares a\u00f1adidos. Es un verm\u00fa \u00fanico y especial.\",\"breadcrumb\":{\"@id\":\"https:\\\/\\\/dalboroque.es\\\/tienda\\\/vinos\\\/vinos-extremenos\\\/vermu-tinto-magia-negra\\\/#breadcrumb\"},\"inLanguage\":\"en-GB\",\"potentialAction\":[{\"@type\":\"ReadAction\",\"target\":[\"https:\\\/\\\/dalboroque.es\\\/tienda\\\/vinos\\\/vinos-extremenos\\\/vermu-tinto-magia-negra\\\/\"]}]},{\"@type\":\"ImageObject\",\"inLanguage\":\"en-GB\",\"@id\":\"https:\\\/\\\/dalboroque.es\\\/tienda\\\/vinos\\\/vinos-extremenos\\\/vermu-tinto-magia-negra\\\/#primaryimage\",\"url\":\"https:\\\/\\\/dalboroque.es\\\/wp-content\\\/uploads\\\/2024\\\/06\\\/vermu-antier-entero-scaled.webp\",\"contentUrl\":\"https:\\\/\\\/dalboroque.es\\\/wp-content\\\/uploads\\\/2024\\\/06\\\/vermu-antier-entero-scaled.webp\",\"width\":2560,\"height\":2560},{\"@type\":\"BreadcrumbList\",\"@id\":\"https:\\\/\\\/dalboroque.es\\\/tienda\\\/vinos\\\/vinos-extremenos\\\/vermu-tinto-magia-negra\\\/#breadcrumb\",\"itemListElement\":[{\"@type\":\"ListItem\",\"position\":1,\"name\":\"Tienda\",\"item\":\"https:\\\/\\\/dalboroque.es\\\/tienda\\\/\"},{\"@type\":\"ListItem\",\"position\":2,\"name\":\"Verm\u00fa Tinto Magia Negra\"}]},{\"@type\":\"WebSite\",\"@id\":\"https:\\\/\\\/dalboroque.es\\\/#website\",\"url\":\"https:\\\/\\\/dalboroque.es\\\/\",\"name\":\"Tienda de comestibles\",\"description\":\"Tus mejores productos extreme\u00f1os gourmet\",\"potentialAction\":[{\"@type\":\"SearchAction\",\"target\":{\"@type\":\"EntryPoint\",\"urlTemplate\":\"https:\\\/\\\/dalboroque.es\\\/?s={search_term_string}\"},\"query-input\":{\"@type\":\"PropertyValueSpecification\",\"valueRequired\":true,\"valueName\":\"search_term_string\"}}],\"inLanguage\":\"en-GB\"}]}<\/script>\n<!-- \/ Yoast SEO plugin. -->","yoast_head_json":{"title":"Verm\u00fa Tinto Magia Negra - Tienda de comestibles","description":"Verm\u00fa tinto hecho a base de vino envejecido en barrica y con adici\u00f3n de mosto de uva del a\u00f1o, sin az\u00facares a\u00f1adidos. Es un verm\u00fa \u00fanico y especial.","robots":{"index":"index","follow":"follow","max-snippet":"max-snippet:-1","max-image-preview":"max-image-preview:large","max-video-preview":"max-video-preview:-1"},"canonical":"https:\/\/dalboroque.es\/en\/tienda\/vinos\/vinos-extremenos\/vermu-tinto-magia-negra\/","og_locale":"en_GB","og_type":"article","og_title":"Verm\u00fa Tinto Magia Negra - Tienda de comestibles","og_description":"Verm\u00fa tinto hecho a base de vino envejecido en barrica y con adici\u00f3n de mosto de uva del a\u00f1o, sin az\u00facares a\u00f1adidos. Es un verm\u00fa \u00fanico y especial.","og_url":"https:\/\/dalboroque.es\/en\/tienda\/vinos\/vinos-extremenos\/vermu-tinto-magia-negra\/","og_site_name":"Tienda de comestibles","article_modified_time":"2024-06-27T20:51:31+00:00","og_image":[{"width":2560,"height":2560,"url":"https:\/\/dalboroque.es\/wp-content\/uploads\/2024\/06\/vermu-antier-entero-scaled.webp","type":"image\/webp"}],"twitter_card":"summary_large_image","twitter_misc":{"Estimated reading time":"1 minute"},"schema":{"@context":"https:\/\/schema.org","@graph":[{"@type":"WebPage","@id":"https:\/\/dalboroque.es\/tienda\/vinos\/vinos-extremenos\/vermu-tinto-magia-negra\/","url":"https:\/\/dalboroque.es\/tienda\/vinos\/vinos-extremenos\/vermu-tinto-magia-negra\/","name":"Verm\u00fa Tinto Magia Negra - Tienda de comestibles","isPartOf":{"@id":"https:\/\/dalboroque.es\/#website"},"primaryImageOfPage":{"@id":"https:\/\/dalboroque.es\/tienda\/vinos\/vinos-extremenos\/vermu-tinto-magia-negra\/#primaryimage"},"image":{"@id":"https:\/\/dalboroque.es\/tienda\/vinos\/vinos-extremenos\/vermu-tinto-magia-negra\/#primaryimage"},"thumbnailUrl":"https:\/\/dalboroque.es\/wp-content\/uploads\/2024\/06\/vermu-antier-entero-scaled.webp","datePublished":"2024-06-03T15:37:40+00:00","dateModified":"2024-06-27T20:51:31+00:00","description":"Verm\u00fa tinto hecho a base de vino envejecido en barrica y con adici\u00f3n de mosto de uva del a\u00f1o, sin az\u00facares a\u00f1adidos. Es un verm\u00fa \u00fanico y especial.","breadcrumb":{"@id":"https:\/\/dalboroque.es\/tienda\/vinos\/vinos-extremenos\/vermu-tinto-magia-negra\/#breadcrumb"},"inLanguage":"en-GB","potentialAction":[{"@type":"ReadAction","target":["https:\/\/dalboroque.es\/tienda\/vinos\/vinos-extremenos\/vermu-tinto-magia-negra\/"]}]},{"@type":"ImageObject","inLanguage":"en-GB","@id":"https:\/\/dalboroque.es\/tienda\/vinos\/vinos-extremenos\/vermu-tinto-magia-negra\/#primaryimage","url":"https:\/\/dalboroque.es\/wp-content\/uploads\/2024\/06\/vermu-antier-entero-scaled.webp","contentUrl":"https:\/\/dalboroque.es\/wp-content\/uploads\/2024\/06\/vermu-antier-entero-scaled.webp","width":2560,"height":2560},{"@type":"BreadcrumbList","@id":"https:\/\/dalboroque.es\/tienda\/vinos\/vinos-extremenos\/vermu-tinto-magia-negra\/#breadcrumb","itemListElement":[{"@type":"ListItem","position":1,"name":"Tienda","item":"https:\/\/dalboroque.es\/tienda\/"},{"@type":"ListItem","position":2,"name":"Verm\u00fa Tinto Magia Negra"}]},{"@type":"WebSite","@id":"https:\/\/dalboroque.es\/#website","url":"https:\/\/dalboroque.es\/","name":"Tienda de comestibles","description":"Tus mejores productos extreme\u00f1os gourmet","potentialAction":[{"@type":"SearchAction","target":{"@type":"EntryPoint","urlTemplate":"https:\/\/dalboroque.es\/?s={search_term_string}"},"query-input":{"@type":"PropertyValueSpecification","valueRequired":true,"valueName":"search_term_string"}}],"inLanguage":"en-GB"}]}},"_links":{"self":[{"href":"https:\/\/dalboroque.es\/en\/wp-json\/wp\/v2\/product\/385","targetHints":{"allow":["GET"]}}],"collection":[{"href":"https:\/\/dalboroque.es\/en\/wp-json\/wp\/v2\/product"}],"about":[{"href":"https:\/\/dalboroque.es\/en\/wp-json\/wp\/v2\/types\/product"}],"replies":[{"embeddable":true,"href":"https:\/\/dalboroque.es\/en\/wp-json\/wp\/v2\/comments?post=385"}],"wp:featuredmedia":[{"embeddable":true,"href":"https:\/\/dalboroque.es\/en\/wp-json\/wp\/v2\/media\/387"}],"wp:attachment":[{"href":"https:\/\/dalboroque.es\/en\/wp-json\/wp\/v2\/media?parent=385"}],"wp:term":[{"taxonomy":"product_brand","embeddable":true,"href":"https:\/\/dalboroque.es\/en\/wp-json\/wp\/v2\/product_brand?post=385"},{"taxonomy":"product_cat","embeddable":true,"href":"https:\/\/dalboroque.es\/en\/wp-json\/wp\/v2\/product_cat?post=385"},{"taxonomy":"product_tag","embeddable":true,"href":"https:\/\/dalboroque.es\/en\/wp-json\/wp\/v2\/product_tag?post=385"}],"curies":[{"name":"wp","href":"https:\/\/api.w.org\/{rel}","templated":true}]}}