{"id":303,"date":"2024-04-28T19:26:29","date_gmt":"2024-04-28T19:26:29","guid":{"rendered":"https:\/\/dalboroque.es\/?post_type=product&#038;p=303"},"modified":"2024-06-05T17:01:47","modified_gmt":"2024-06-05T15:01:47","slug":"miel-de-encina-extremiel-500gr","status":"publish","type":"product","link":"https:\/\/dalboroque.es\/en\/tienda\/miel\/miel-de-encina-extremiel-500gr\/","title":{"rendered":"Miel de encina Extremiel &#8211; 500gr"},"content":{"rendered":"<h2 style=\"text-align: center;\"><img loading=\"lazy\" decoding=\"async\" class=\"lazyloaded\" src=\"https:\/\/www.productshunter.eu\/wp-content\/uploads\/2021\/11\/extremiel-multiflora-500gr.png\" width=\"48\" height=\"36\" data-src=\"https:\/\/www.productshunter.eu\/wp-content\/uploads\/2021\/11\/extremiel-multiflora-500gr.png\" \/>EXTREMIEL Mielada de Encina 500 GR<\/h2>\n<p>La miel \u00abExtremiel\u00bb mielada de encina D.O.P. Villuercas-Ibores, es un alimento producido por la abejas mel\u00edferas que extraen, no del polen o del n\u00e9ctar de las flores, sino de las secreciones de las partes vivas de las plantas, por la acci\u00f3n de algunos insectos.<\/p>\n<p>Todo esto en un entorno de clima suelo, agua y plantas que no se conjugan\u00a0 en ning\u00fan otro lugar. Los mielatos se producen\u00a0 principalmente de encinas aunque tambi\u00e9n se producen en robles y alcornoques.<\/p>\n<p>Miel con olor caracter\u00edstico muy intenso, con sabor malteado peculiar, y su color es muy oscuro con reflejos verdosos o rojizos.<\/p>\n<h4><img loading=\"lazy\" decoding=\"async\" class=\"lazyloaded\" src=\"http:\/\/extremiel.com\/wp-content\/uploads\/2018\/06\/Logo_Extremiel.png\" alt=\"EXTREMIEL\" width=\"49\" height=\"18\" data-src=\"http:\/\/extremiel.com\/wp-content\/uploads\/2018\/06\/Logo_Extremiel.png\" \/>HISTORIA.<\/h4>\n<p>El padre Talavera, historiador guadolupense, fue una de las personas que mejor ha definido estas comarcas, dec\u00eda en 1597, al describir las Villuercas-Ibores: \u201c\u2026pasando en silencio gran multitud de otros \u00e1rboles y plantas y algunas plantas de menos cuenta, que la vecindad del agua produce y engendra, con otros mil g\u00e9neros de yerbas medicinales y odor\u00edferas flores que adornan y enriquecen el suelo\u2026\u201d<\/p>\n<h4><img loading=\"lazy\" decoding=\"async\" class=\"ls-is-cached lazyloaded\" src=\"http:\/\/extremiel.com\/wp-content\/uploads\/2018\/06\/Logo_Extremiel.png\" alt=\"EXTREMIEL\" width=\"49\" height=\"18\" data-src=\"http:\/\/extremiel.com\/wp-content\/uploads\/2018\/06\/Logo_Extremiel.png\" \/>EL SECRETO DE SU SABOR.<\/h4>\n<p>Todo esto en un entorno de clima suelo, agua y plantas que no se conjugan\u00a0 en ning\u00fan otro lugar. Tomillo, retama, carquesa, brezo, querihuelas, madro\u00f1o, zarzamora, son algunas de las plantas que son visitadas en diferentes \u00e9pocas del a\u00f1o para dar a estas mieles el color aroma y sabor que ennoblecen a tan gustoso manjar.<\/p>\n<h4><img loading=\"lazy\" decoding=\"async\" class=\"ls-is-cached lazyloaded\" src=\"http:\/\/extremiel.com\/wp-content\/uploads\/2018\/06\/Logo_Extremiel.png\" alt=\"EXTREMIEL\" width=\"49\" height=\"18\" data-src=\"http:\/\/extremiel.com\/wp-content\/uploads\/2018\/06\/Logo_Extremiel.png\" \/>ORIGEN.<\/h4>\n<p>Toda miel con Denominaci\u00f3n de Origen \u201c Villuercas-Ibores\u201d llevar\u00e1 la contraetiqueta del Consejo Regulador, como carnet de identidad, que garantiza al consumidor la adquisici\u00f3n de esta joya natural mantenida pura desde la planta vegetal hasta su mesa.<\/p>\n<h4><img loading=\"lazy\" decoding=\"async\" class=\"ls-is-cached lazyloaded\" src=\"http:\/\/extremiel.com\/wp-content\/uploads\/2018\/06\/Logo_Extremiel.png\" alt=\"EXTREMIEL\" width=\"49\" height=\"18\" data-src=\"http:\/\/extremiel.com\/wp-content\/uploads\/2018\/06\/Logo_Extremiel.png\" \/>JOYA DE LA NATURALEZA.<\/h4>\n<p>Estas mieles puras, pueden llegar a cristalizar, s\u00edmbolo inequ\u00edvoco de un manejo y naturaleza sin trampa; la mejor garant\u00eda para el consumidor. Con pasarla por el ba\u00f1o Mar\u00eda, la tendr\u00e1 nuevamente manejable. Muchas mieles comerciales, con larga vida l\u00edquida, han sufrido proceso y calentamientos que acaban con aromas, colores, sabores, vitaminas, \u00e1cidos, fermentos, prote\u00ednas y dem\u00e1s componentes de una miel natural, vaci\u00e1ndola de sus condiciones.<\/p>\n<h4><img loading=\"lazy\" decoding=\"async\" class=\"ls-is-cached lazyloaded\" src=\"http:\/\/extremiel.com\/wp-content\/uploads\/2018\/06\/Logo_Extremiel.png\" alt=\"EXTREMIEL\" width=\"49\" height=\"18\" data-src=\"http:\/\/extremiel.com\/wp-content\/uploads\/2018\/06\/Logo_Extremiel.png\" \/>LA EMPRESA.<\/h4>\n<p>En Extremiel \u201cVilluercas-Ibores\u201d procuran estudiar y mejorar nuevas t\u00e9cnicas, buscando conseguir mieles monoflorales de alta calidad. Acercan al mercado unas mieles avaladas por los an\u00e1lisis continuos y el seguimiento de toda esa ciencia y arte de la apicultura extreme\u00f1a con prestigio.<br \/>\nLa apicultura de esta \u00e1rea, secular en saber y t\u00e9cnicamente al d\u00eda est\u00e1 tan ligada al entorno que no practica trashumancia a otras zonas, por lo que su origen est\u00e1 plenamente garantizado.<\/p>","protected":false},"excerpt":{"rendered":"<p>La miel \u00abExtremiel\u00bb mielada de encina D.O.P. Villuercas-Ibores, es un alimento producido por la abejas mel\u00edferas que extraen, no del polen o del n\u00e9ctar de las flores, sino de las secreciones de las partes vivas de las plantas, por la acci\u00f3n de algunos insectos.<\/p>\n<p>Todo esto en un entorno de clima suelo, agua y plantas que no se conjugan\u00a0 en ning\u00fan otro lugar. Los mielatos se producen\u00a0 principalmente de encinas aunque tambi\u00e9n se producen en robles y alcornoques.<\/p>\n<p>Miel con olor caracter\u00edstico muy intenso, con sabor malteado peculiar, y su color es muy oscuro con reflejos verdosos o rojizos<\/p>","protected":false},"featured_media":305,"comment_status":"closed","ping_status":"closed","template":"","meta":[],"product_brand":[],"product_cat":[52],"product_tag":[90,89,88],"class_list":{"0":"post-303","1":"product","2":"type-product","3":"status-publish","4":"has-post-thumbnail","6":"product_cat-miel","7":"product_tag-extremiel","8":"product_tag-miel-de-encina","9":"product_tag-mielada","11":"first","12":"instock","13":"featured","14":"shipping-taxable","15":"purchasable","16":"product-type-simple"},"yoast_head":"<!-- This site is optimized with the Yoast SEO plugin v27.4 - https:\/\/yoast.com\/product\/yoast-seo-wordpress\/ -->\n<title>Miel de encina Extremiel - 500gr - Tienda de comestibles<\/title>\n<meta name=\"description\" content=\"La miel de encina \u00abExtremiel\u00bb mielada D.O.P. Villuercas-Ibores, es un alimento producido de las secreciones de las partes vivas de las plantas.\" \/>\n<meta name=\"robots\" content=\"index, follow, max-snippet:-1, max-image-preview:large, max-video-preview:-1\" \/>\n<link rel=\"canonical\" href=\"https:\/\/dalboroque.es\/en\/tienda\/miel\/miel-de-encina-extremiel-500gr\/\" \/>\n<meta property=\"og:locale\" content=\"en_GB\" \/>\n<meta property=\"og:type\" content=\"article\" \/>\n<meta property=\"og:title\" content=\"Miel de encina Extremiel - 500gr - Tienda de comestibles\" \/>\n<meta property=\"og:description\" content=\"La miel de encina \u00abExtremiel\u00bb mielada D.O.P. Villuercas-Ibores, es un alimento producido de las secreciones de las partes vivas de las plantas.\" \/>\n<meta property=\"og:url\" content=\"https:\/\/dalboroque.es\/en\/tienda\/miel\/miel-de-encina-extremiel-500gr\/\" \/>\n<meta property=\"og:site_name\" content=\"Tienda de comestibles\" \/>\n<meta property=\"article:modified_time\" content=\"2024-06-05T15:01:47+00:00\" \/>\n<meta property=\"og:image\" content=\"https:\/\/dalboroque.es\/wp-content\/uploads\/2024\/04\/dalboroque_miel-de-encina-extremiel.jpg\" \/>\n\t<meta property=\"og:image:width\" content=\"1200\" \/>\n\t<meta property=\"og:image:height\" content=\"1200\" \/>\n\t<meta property=\"og:image:type\" content=\"image\/jpeg\" \/>\n<meta name=\"twitter:card\" content=\"summary_large_image\" \/>\n<meta name=\"twitter:label1\" content=\"Estimated reading time\" \/>\n\t<meta name=\"twitter:data1\" content=\"4 minutes\" \/>\n<script type=\"application\/ld+json\" class=\"yoast-schema-graph\">{\"@context\":\"https:\\\/\\\/schema.org\",\"@graph\":[{\"@type\":\"WebPage\",\"@id\":\"https:\\\/\\\/dalboroque.es\\\/tienda\\\/miel\\\/miel-de-encina-extremiel-500gr\\\/\",\"url\":\"https:\\\/\\\/dalboroque.es\\\/tienda\\\/miel\\\/miel-de-encina-extremiel-500gr\\\/\",\"name\":\"Miel de encina Extremiel - 500gr - Tienda de comestibles\",\"isPartOf\":{\"@id\":\"https:\\\/\\\/dalboroque.es\\\/#website\"},\"primaryImageOfPage\":{\"@id\":\"https:\\\/\\\/dalboroque.es\\\/tienda\\\/miel\\\/miel-de-encina-extremiel-500gr\\\/#primaryimage\"},\"image\":{\"@id\":\"https:\\\/\\\/dalboroque.es\\\/tienda\\\/miel\\\/miel-de-encina-extremiel-500gr\\\/#primaryimage\"},\"thumbnailUrl\":\"https:\\\/\\\/dalboroque.es\\\/wp-content\\\/uploads\\\/2024\\\/04\\\/dalboroque_miel-de-encina-extremiel.jpg\",\"datePublished\":\"2024-04-28T19:26:29+00:00\",\"dateModified\":\"2024-06-05T15:01:47+00:00\",\"description\":\"La miel de encina \u00abExtremiel\u00bb mielada D.O.P. Villuercas-Ibores, es un alimento producido de las secreciones de las partes vivas de las plantas.\",\"breadcrumb\":{\"@id\":\"https:\\\/\\\/dalboroque.es\\\/tienda\\\/miel\\\/miel-de-encina-extremiel-500gr\\\/#breadcrumb\"},\"inLanguage\":\"en-GB\",\"potentialAction\":[{\"@type\":\"ReadAction\",\"target\":[\"https:\\\/\\\/dalboroque.es\\\/tienda\\\/miel\\\/miel-de-encina-extremiel-500gr\\\/\"]}]},{\"@type\":\"ImageObject\",\"inLanguage\":\"en-GB\",\"@id\":\"https:\\\/\\\/dalboroque.es\\\/tienda\\\/miel\\\/miel-de-encina-extremiel-500gr\\\/#primaryimage\",\"url\":\"https:\\\/\\\/dalboroque.es\\\/wp-content\\\/uploads\\\/2024\\\/04\\\/dalboroque_miel-de-encina-extremiel.jpg\",\"contentUrl\":\"https:\\\/\\\/dalboroque.es\\\/wp-content\\\/uploads\\\/2024\\\/04\\\/dalboroque_miel-de-encina-extremiel.jpg\",\"width\":1200,\"height\":1200,\"caption\":\"miel de encina extremiel\"},{\"@type\":\"BreadcrumbList\",\"@id\":\"https:\\\/\\\/dalboroque.es\\\/tienda\\\/miel\\\/miel-de-encina-extremiel-500gr\\\/#breadcrumb\",\"itemListElement\":[{\"@type\":\"ListItem\",\"position\":1,\"name\":\"Tienda\",\"item\":\"https:\\\/\\\/dalboroque.es\\\/tienda\\\/\"},{\"@type\":\"ListItem\",\"position\":2,\"name\":\"Miel de encina Extremiel &#8211; 500gr\"}]},{\"@type\":\"WebSite\",\"@id\":\"https:\\\/\\\/dalboroque.es\\\/#website\",\"url\":\"https:\\\/\\\/dalboroque.es\\\/\",\"name\":\"Tienda de comestibles\",\"description\":\"Tus mejores productos extreme\u00f1os gourmet\",\"potentialAction\":[{\"@type\":\"SearchAction\",\"target\":{\"@type\":\"EntryPoint\",\"urlTemplate\":\"https:\\\/\\\/dalboroque.es\\\/?s={search_term_string}\"},\"query-input\":{\"@type\":\"PropertyValueSpecification\",\"valueRequired\":true,\"valueName\":\"search_term_string\"}}],\"inLanguage\":\"en-GB\"}]}<\/script>\n<!-- \/ Yoast SEO plugin. -->","yoast_head_json":{"title":"Miel de encina Extremiel - 500gr - Tienda de comestibles","description":"La miel de encina \u00abExtremiel\u00bb mielada D.O.P. Villuercas-Ibores, es un alimento producido de las secreciones de las partes vivas de las plantas.","robots":{"index":"index","follow":"follow","max-snippet":"max-snippet:-1","max-image-preview":"max-image-preview:large","max-video-preview":"max-video-preview:-1"},"canonical":"https:\/\/dalboroque.es\/en\/tienda\/miel\/miel-de-encina-extremiel-500gr\/","og_locale":"en_GB","og_type":"article","og_title":"Miel de encina Extremiel - 500gr - Tienda de comestibles","og_description":"La miel de encina \u00abExtremiel\u00bb mielada D.O.P. Villuercas-Ibores, es un alimento producido de las secreciones de las partes vivas de las plantas.","og_url":"https:\/\/dalboroque.es\/en\/tienda\/miel\/miel-de-encina-extremiel-500gr\/","og_site_name":"Tienda de comestibles","article_modified_time":"2024-06-05T15:01:47+00:00","og_image":[{"width":1200,"height":1200,"url":"https:\/\/dalboroque.es\/wp-content\/uploads\/2024\/04\/dalboroque_miel-de-encina-extremiel.jpg","type":"image\/jpeg"}],"twitter_card":"summary_large_image","twitter_misc":{"Estimated reading time":"4 minutes"},"schema":{"@context":"https:\/\/schema.org","@graph":[{"@type":"WebPage","@id":"https:\/\/dalboroque.es\/tienda\/miel\/miel-de-encina-extremiel-500gr\/","url":"https:\/\/dalboroque.es\/tienda\/miel\/miel-de-encina-extremiel-500gr\/","name":"Miel de encina Extremiel - 500gr - Tienda de comestibles","isPartOf":{"@id":"https:\/\/dalboroque.es\/#website"},"primaryImageOfPage":{"@id":"https:\/\/dalboroque.es\/tienda\/miel\/miel-de-encina-extremiel-500gr\/#primaryimage"},"image":{"@id":"https:\/\/dalboroque.es\/tienda\/miel\/miel-de-encina-extremiel-500gr\/#primaryimage"},"thumbnailUrl":"https:\/\/dalboroque.es\/wp-content\/uploads\/2024\/04\/dalboroque_miel-de-encina-extremiel.jpg","datePublished":"2024-04-28T19:26:29+00:00","dateModified":"2024-06-05T15:01:47+00:00","description":"La miel de encina \u00abExtremiel\u00bb mielada D.O.P. Villuercas-Ibores, es un alimento producido de las secreciones de las partes vivas de las plantas.","breadcrumb":{"@id":"https:\/\/dalboroque.es\/tienda\/miel\/miel-de-encina-extremiel-500gr\/#breadcrumb"},"inLanguage":"en-GB","potentialAction":[{"@type":"ReadAction","target":["https:\/\/dalboroque.es\/tienda\/miel\/miel-de-encina-extremiel-500gr\/"]}]},{"@type":"ImageObject","inLanguage":"en-GB","@id":"https:\/\/dalboroque.es\/tienda\/miel\/miel-de-encina-extremiel-500gr\/#primaryimage","url":"https:\/\/dalboroque.es\/wp-content\/uploads\/2024\/04\/dalboroque_miel-de-encina-extremiel.jpg","contentUrl":"https:\/\/dalboroque.es\/wp-content\/uploads\/2024\/04\/dalboroque_miel-de-encina-extremiel.jpg","width":1200,"height":1200,"caption":"miel de encina extremiel"},{"@type":"BreadcrumbList","@id":"https:\/\/dalboroque.es\/tienda\/miel\/miel-de-encina-extremiel-500gr\/#breadcrumb","itemListElement":[{"@type":"ListItem","position":1,"name":"Tienda","item":"https:\/\/dalboroque.es\/tienda\/"},{"@type":"ListItem","position":2,"name":"Miel de encina Extremiel &#8211; 500gr"}]},{"@type":"WebSite","@id":"https:\/\/dalboroque.es\/#website","url":"https:\/\/dalboroque.es\/","name":"Tienda de comestibles","description":"Tus mejores productos extreme\u00f1os gourmet","potentialAction":[{"@type":"SearchAction","target":{"@type":"EntryPoint","urlTemplate":"https:\/\/dalboroque.es\/?s={search_term_string}"},"query-input":{"@type":"PropertyValueSpecification","valueRequired":true,"valueName":"search_term_string"}}],"inLanguage":"en-GB"}]}},"_links":{"self":[{"href":"https:\/\/dalboroque.es\/en\/wp-json\/wp\/v2\/product\/303","targetHints":{"allow":["GET"]}}],"collection":[{"href":"https:\/\/dalboroque.es\/en\/wp-json\/wp\/v2\/product"}],"about":[{"href":"https:\/\/dalboroque.es\/en\/wp-json\/wp\/v2\/types\/product"}],"replies":[{"embeddable":true,"href":"https:\/\/dalboroque.es\/en\/wp-json\/wp\/v2\/comments?post=303"}],"wp:featuredmedia":[{"embeddable":true,"href":"https:\/\/dalboroque.es\/en\/wp-json\/wp\/v2\/media\/305"}],"wp:attachment":[{"href":"https:\/\/dalboroque.es\/en\/wp-json\/wp\/v2\/media?parent=303"}],"wp:term":[{"taxonomy":"product_brand","embeddable":true,"href":"https:\/\/dalboroque.es\/en\/wp-json\/wp\/v2\/product_brand?post=303"},{"taxonomy":"product_cat","embeddable":true,"href":"https:\/\/dalboroque.es\/en\/wp-json\/wp\/v2\/product_cat?post=303"},{"taxonomy":"product_tag","embeddable":true,"href":"https:\/\/dalboroque.es\/en\/wp-json\/wp\/v2\/product_tag?post=303"}],"curies":[{"name":"wp","href":"https:\/\/api.w.org\/{rel}","templated":true}]}}