{"id":299,"date":"2024-04-23T17:33:59","date_gmt":"2024-04-23T17:33:59","guid":{"rendered":"https:\/\/dalboroque.es\/?post_type=product&#038;p=299"},"modified":"2024-07-01T15:53:42","modified_gmt":"2024-07-01T13:53:42","slug":"prelum-cantos-de-sirena","status":"publish","type":"product","link":"https:\/\/dalboroque.es\/en\/tienda\/vinos\/vinos-extremenos\/prelum-cantos-de-sirena\/","title":{"rendered":"Cantos de sirena. Bodega Prelvm"},"content":{"rendered":"<p>Cantos de Sirena es un vino espumoso ancestral elaborado por Juan Leandro Romero, bodeguero por tradici\u00f3n familiar y viticultor por vocaci\u00f3n. Es un apasionado de los vinos de su tierra y lo refleja en cada botella dejando que el terru\u00f1o se exprese de la mejor manera posible. Su proyecto personal se denomina Prelvm (nombre de las antiguas prensas romanas) y da nombre a la bodega situada en El Raposo, Badajoz.<\/p>\n<p>Este vino tinto procede de vi\u00f1edos ecol\u00f3gicos j\u00f3venes situados a 546 metros de altitud y plantados sobre suelos arcillosos.<\/p>\n<p>Vendimia: manual, nocturna en cajas de 16kg.<\/p>\n<p>Uvas: 80% Eva-Beba de los Santos y 20%Gew\u00fcrztraminer.<\/p>\n<p>Elaboraci\u00f3n: Las dos variedades de uvas fermentan en tinajas separadas y solo al final de la fermentaci\u00f3n se juntan los mostos. Empieza el momento m\u00e1s delicado. Estaremos pendiente permanentemente para, que llegado el momento y a la densidad apropiada, embotellemos ese mosto justo antes del final de fermentaci\u00f3n. Una vez embotellado lo trasladamos a la cava y lo almacenaremos con las botellas en horizontal. Aqu\u00ed empieza el milagro. Empieza el final de la fermentaci\u00f3n del mosto que producir\u00e1 el carb\u00f3nico natural de estos vinos. Transcurridos, al menos, 6 meses las botellas pasan a los pupitres donde durante ocho d\u00edas consecutivos se les da un octavo de vuelta para proceder a su posterior deg\u00fcelle para quitar los posos m\u00e1s gruesos. Un vino vivo que puede presentar en botella precipitaciones que no alteran para nada sus cualidades organol\u00e9pticas.<\/p>\n<p>Denominaci\u00f3n: Vino de la Tierra de Extremadura<\/p>\n<p>Vista:\u00a0color amarillo dorado. Con turbidez y posos propios de su proceso natural.<\/p>\n<p>Nariz : frutas blancas, pi\u00f1a, pomelo.<\/p>\n<p>Boca: entrada suave, paso ligero y fresco. Sus burbujas provocan una agradable sensaci\u00f3n en el interior de la boca. Con ligera estructura y persistencia media.<\/p>\n<p>Maridaje: ideal como aperitivo. Combina bien con ensaladas, quesos l\u00e1cticos y mariscos.<\/p>\n<p>12%Vol. Alc.<\/p>","protected":false},"excerpt":{"rendered":"<p>Vino espumoso procedente de vi\u00f1edos ecol\u00f3gicos de 30 a\u00f1os de edad situados sobre suelos arcillosos a una altitud de 546 metros sobre el nivel del mar. Vendimia manual, nocturna y temprana.<\/p>\n<p>Uvas: 80% Eva-Beba de los Santos y 20% Gewurstraminer.<\/p>\n<p>Fermentado y criado en tinajas de barro. Sin filtrar ni clarificar. Sin sulfitos a\u00f1adidos<\/p>\n<p>D.O: Vino de la Tierra de Extremadura<\/p>\n<p>Presenta un color amarillo dorado. Con turbidez y posos propios de su proceso natural. En nariz destacan los aromas a frutas blancas, pi\u00f1a, pomelo. Es ligero y sus burbujas provocan una agradable sensaci\u00f3n en el interior de la boca.<\/p>\n<p>Maridaje: ideal como aperitivo. Combina bien con ensaladas, quesos l\u00e1cticos y mariscos.<\/p>\n<p>12% Vol. Alc.<\/p>","protected":false},"featured_media":335,"comment_status":"open","ping_status":"closed","template":"","meta":[],"product_brand":[],"product_cat":[51,122],"product_tag":[169,170,171],"class_list":{"0":"post-299","1":"product","2":"type-product","3":"status-publish","4":"has-post-thumbnail","6":"product_cat-vinos","7":"product_cat-vinos-extremenos","8":"product_tag-ancestral","9":"product_tag-espumosos","10":"product_tag-pet-nat","12":"first","13":"instock","14":"shipping-taxable","15":"purchasable","16":"product-type-simple"},"yoast_head":"<!-- This site is optimized with the Yoast SEO plugin v27.4 - https:\/\/yoast.com\/product\/yoast-seo-wordpress\/ -->\n<title>Cantos de sirena. Bodega Prelvm - Tienda de comestibles<\/title>\n<meta name=\"description\" content=\"Vino espumoso ancestral elaborado con uvas procedente de vi\u00f1edo ecol\u00f3gico fermentado en tinajas de barro. M\u00e9todo ancestral o P\u00e9t-Nat. 12%Vol. Alc.\" \/>\n<meta name=\"robots\" content=\"index, follow, max-snippet:-1, max-image-preview:large, max-video-preview:-1\" \/>\n<link rel=\"canonical\" href=\"https:\/\/dalboroque.es\/en\/tienda\/vinos\/vinos-extremenos\/prelum-cantos-de-sirena\/\" \/>\n<meta property=\"og:locale\" content=\"en_GB\" \/>\n<meta property=\"og:type\" content=\"article\" \/>\n<meta property=\"og:title\" content=\"Cantos de sirena. Bodega Prelvm - Tienda de comestibles\" \/>\n<meta property=\"og:description\" content=\"Vino espumoso ancestral elaborado con uvas procedente de vi\u00f1edo ecol\u00f3gico fermentado en tinajas de barro. M\u00e9todo ancestral o P\u00e9t-Nat. 12%Vol. Alc.\" \/>\n<meta property=\"og:url\" content=\"https:\/\/dalboroque.es\/en\/tienda\/vinos\/vinos-extremenos\/prelum-cantos-de-sirena\/\" \/>\n<meta property=\"og:site_name\" content=\"Tienda de comestibles\" \/>\n<meta property=\"article:modified_time\" content=\"2024-07-01T13:53:42+00:00\" \/>\n<meta property=\"og:image\" content=\"https:\/\/dalboroque.es\/wp-content\/uploads\/2024\/04\/dalboroque-prelum-cantos-sirena.webp\" \/>\n\t<meta property=\"og:image:width\" content=\"1200\" \/>\n\t<meta property=\"og:image:height\" content=\"1200\" \/>\n\t<meta property=\"og:image:type\" content=\"image\/webp\" \/>\n<meta name=\"twitter:card\" content=\"summary_large_image\" \/>\n<meta name=\"twitter:label1\" content=\"Estimated reading time\" \/>\n\t<meta name=\"twitter:data1\" content=\"2 minutes\" \/>\n<script type=\"application\/ld+json\" class=\"yoast-schema-graph\">{\"@context\":\"https:\\\/\\\/schema.org\",\"@graph\":[{\"@type\":\"WebPage\",\"@id\":\"https:\\\/\\\/dalboroque.es\\\/tienda\\\/vinos\\\/vinos-extremenos\\\/prelum-cantos-de-sirena\\\/\",\"url\":\"https:\\\/\\\/dalboroque.es\\\/tienda\\\/vinos\\\/vinos-extremenos\\\/prelum-cantos-de-sirena\\\/\",\"name\":\"Cantos de sirena. Bodega Prelvm - Tienda de comestibles\",\"isPartOf\":{\"@id\":\"https:\\\/\\\/dalboroque.es\\\/#website\"},\"primaryImageOfPage\":{\"@id\":\"https:\\\/\\\/dalboroque.es\\\/tienda\\\/vinos\\\/vinos-extremenos\\\/prelum-cantos-de-sirena\\\/#primaryimage\"},\"image\":{\"@id\":\"https:\\\/\\\/dalboroque.es\\\/tienda\\\/vinos\\\/vinos-extremenos\\\/prelum-cantos-de-sirena\\\/#primaryimage\"},\"thumbnailUrl\":\"https:\\\/\\\/dalboroque.es\\\/wp-content\\\/uploads\\\/2024\\\/04\\\/dalboroque-prelum-cantos-sirena.webp\",\"datePublished\":\"2024-04-23T17:33:59+00:00\",\"dateModified\":\"2024-07-01T13:53:42+00:00\",\"description\":\"Vino espumoso ancestral elaborado con uvas procedente de vi\u00f1edo ecol\u00f3gico fermentado en tinajas de barro. M\u00e9todo ancestral o P\u00e9t-Nat. 12%Vol. Alc.\",\"breadcrumb\":{\"@id\":\"https:\\\/\\\/dalboroque.es\\\/tienda\\\/vinos\\\/vinos-extremenos\\\/prelum-cantos-de-sirena\\\/#breadcrumb\"},\"inLanguage\":\"en-GB\",\"potentialAction\":[{\"@type\":\"ReadAction\",\"target\":[\"https:\\\/\\\/dalboroque.es\\\/tienda\\\/vinos\\\/vinos-extremenos\\\/prelum-cantos-de-sirena\\\/\"]}]},{\"@type\":\"ImageObject\",\"inLanguage\":\"en-GB\",\"@id\":\"https:\\\/\\\/dalboroque.es\\\/tienda\\\/vinos\\\/vinos-extremenos\\\/prelum-cantos-de-sirena\\\/#primaryimage\",\"url\":\"https:\\\/\\\/dalboroque.es\\\/wp-content\\\/uploads\\\/2024\\\/04\\\/dalboroque-prelum-cantos-sirena.webp\",\"contentUrl\":\"https:\\\/\\\/dalboroque.es\\\/wp-content\\\/uploads\\\/2024\\\/04\\\/dalboroque-prelum-cantos-sirena.webp\",\"width\":1200,\"height\":1200},{\"@type\":\"BreadcrumbList\",\"@id\":\"https:\\\/\\\/dalboroque.es\\\/tienda\\\/vinos\\\/vinos-extremenos\\\/prelum-cantos-de-sirena\\\/#breadcrumb\",\"itemListElement\":[{\"@type\":\"ListItem\",\"position\":1,\"name\":\"Tienda\",\"item\":\"https:\\\/\\\/dalboroque.es\\\/tienda\\\/\"},{\"@type\":\"ListItem\",\"position\":2,\"name\":\"Cantos de sirena. Bodega Prelvm\"}]},{\"@type\":\"WebSite\",\"@id\":\"https:\\\/\\\/dalboroque.es\\\/#website\",\"url\":\"https:\\\/\\\/dalboroque.es\\\/\",\"name\":\"Tienda de comestibles\",\"description\":\"Tus mejores productos extreme\u00f1os gourmet\",\"potentialAction\":[{\"@type\":\"SearchAction\",\"target\":{\"@type\":\"EntryPoint\",\"urlTemplate\":\"https:\\\/\\\/dalboroque.es\\\/?s={search_term_string}\"},\"query-input\":{\"@type\":\"PropertyValueSpecification\",\"valueRequired\":true,\"valueName\":\"search_term_string\"}}],\"inLanguage\":\"en-GB\"}]}<\/script>\n<!-- \/ Yoast SEO plugin. -->","yoast_head_json":{"title":"Cantos de sirena. Bodega Prelvm - Tienda de comestibles","description":"Vino espumoso ancestral elaborado con uvas procedente de vi\u00f1edo ecol\u00f3gico fermentado en tinajas de barro. M\u00e9todo ancestral o P\u00e9t-Nat. 12%Vol. Alc.","robots":{"index":"index","follow":"follow","max-snippet":"max-snippet:-1","max-image-preview":"max-image-preview:large","max-video-preview":"max-video-preview:-1"},"canonical":"https:\/\/dalboroque.es\/en\/tienda\/vinos\/vinos-extremenos\/prelum-cantos-de-sirena\/","og_locale":"en_GB","og_type":"article","og_title":"Cantos de sirena. Bodega Prelvm - Tienda de comestibles","og_description":"Vino espumoso ancestral elaborado con uvas procedente de vi\u00f1edo ecol\u00f3gico fermentado en tinajas de barro. M\u00e9todo ancestral o P\u00e9t-Nat. 12%Vol. Alc.","og_url":"https:\/\/dalboroque.es\/en\/tienda\/vinos\/vinos-extremenos\/prelum-cantos-de-sirena\/","og_site_name":"Tienda de comestibles","article_modified_time":"2024-07-01T13:53:42+00:00","og_image":[{"width":1200,"height":1200,"url":"https:\/\/dalboroque.es\/wp-content\/uploads\/2024\/04\/dalboroque-prelum-cantos-sirena.webp","type":"image\/webp"}],"twitter_card":"summary_large_image","twitter_misc":{"Estimated reading time":"2 minutes"},"schema":{"@context":"https:\/\/schema.org","@graph":[{"@type":"WebPage","@id":"https:\/\/dalboroque.es\/tienda\/vinos\/vinos-extremenos\/prelum-cantos-de-sirena\/","url":"https:\/\/dalboroque.es\/tienda\/vinos\/vinos-extremenos\/prelum-cantos-de-sirena\/","name":"Cantos de sirena. Bodega Prelvm - Tienda de comestibles","isPartOf":{"@id":"https:\/\/dalboroque.es\/#website"},"primaryImageOfPage":{"@id":"https:\/\/dalboroque.es\/tienda\/vinos\/vinos-extremenos\/prelum-cantos-de-sirena\/#primaryimage"},"image":{"@id":"https:\/\/dalboroque.es\/tienda\/vinos\/vinos-extremenos\/prelum-cantos-de-sirena\/#primaryimage"},"thumbnailUrl":"https:\/\/dalboroque.es\/wp-content\/uploads\/2024\/04\/dalboroque-prelum-cantos-sirena.webp","datePublished":"2024-04-23T17:33:59+00:00","dateModified":"2024-07-01T13:53:42+00:00","description":"Vino espumoso ancestral elaborado con uvas procedente de vi\u00f1edo ecol\u00f3gico fermentado en tinajas de barro. M\u00e9todo ancestral o P\u00e9t-Nat. 12%Vol. Alc.","breadcrumb":{"@id":"https:\/\/dalboroque.es\/tienda\/vinos\/vinos-extremenos\/prelum-cantos-de-sirena\/#breadcrumb"},"inLanguage":"en-GB","potentialAction":[{"@type":"ReadAction","target":["https:\/\/dalboroque.es\/tienda\/vinos\/vinos-extremenos\/prelum-cantos-de-sirena\/"]}]},{"@type":"ImageObject","inLanguage":"en-GB","@id":"https:\/\/dalboroque.es\/tienda\/vinos\/vinos-extremenos\/prelum-cantos-de-sirena\/#primaryimage","url":"https:\/\/dalboroque.es\/wp-content\/uploads\/2024\/04\/dalboroque-prelum-cantos-sirena.webp","contentUrl":"https:\/\/dalboroque.es\/wp-content\/uploads\/2024\/04\/dalboroque-prelum-cantos-sirena.webp","width":1200,"height":1200},{"@type":"BreadcrumbList","@id":"https:\/\/dalboroque.es\/tienda\/vinos\/vinos-extremenos\/prelum-cantos-de-sirena\/#breadcrumb","itemListElement":[{"@type":"ListItem","position":1,"name":"Tienda","item":"https:\/\/dalboroque.es\/tienda\/"},{"@type":"ListItem","position":2,"name":"Cantos de sirena. Bodega Prelvm"}]},{"@type":"WebSite","@id":"https:\/\/dalboroque.es\/#website","url":"https:\/\/dalboroque.es\/","name":"Tienda de comestibles","description":"Tus mejores productos extreme\u00f1os gourmet","potentialAction":[{"@type":"SearchAction","target":{"@type":"EntryPoint","urlTemplate":"https:\/\/dalboroque.es\/?s={search_term_string}"},"query-input":{"@type":"PropertyValueSpecification","valueRequired":true,"valueName":"search_term_string"}}],"inLanguage":"en-GB"}]}},"_links":{"self":[{"href":"https:\/\/dalboroque.es\/en\/wp-json\/wp\/v2\/product\/299","targetHints":{"allow":["GET"]}}],"collection":[{"href":"https:\/\/dalboroque.es\/en\/wp-json\/wp\/v2\/product"}],"about":[{"href":"https:\/\/dalboroque.es\/en\/wp-json\/wp\/v2\/types\/product"}],"replies":[{"embeddable":true,"href":"https:\/\/dalboroque.es\/en\/wp-json\/wp\/v2\/comments?post=299"}],"wp:featuredmedia":[{"embeddable":true,"href":"https:\/\/dalboroque.es\/en\/wp-json\/wp\/v2\/media\/335"}],"wp:attachment":[{"href":"https:\/\/dalboroque.es\/en\/wp-json\/wp\/v2\/media?parent=299"}],"wp:term":[{"taxonomy":"product_brand","embeddable":true,"href":"https:\/\/dalboroque.es\/en\/wp-json\/wp\/v2\/product_brand?post=299"},{"taxonomy":"product_cat","embeddable":true,"href":"https:\/\/dalboroque.es\/en\/wp-json\/wp\/v2\/product_cat?post=299"},{"taxonomy":"product_tag","embeddable":true,"href":"https:\/\/dalboroque.es\/en\/wp-json\/wp\/v2\/product_tag?post=299"}],"curies":[{"name":"wp","href":"https:\/\/api.w.org\/{rel}","templated":true}]}}