{"id":294,"date":"2024-04-22T10:38:49","date_gmt":"2024-04-22T10:38:49","guid":{"rendered":"https:\/\/dalboroque.es\/?post_type=product&#038;p=294"},"modified":"2024-07-01T15:57:39","modified_gmt":"2024-07-01T13:57:39","slug":"trasantier-pinuelo","status":"publish","type":"product","link":"https:\/\/dalboroque.es\/en\/tienda\/vinos\/vinos-extremenos\/trasantier-pinuelo\/","title":{"rendered":"Trasantier Pi\u00f1uelo"},"content":{"rendered":"<p><strong>El vino Trasantier Pi\u00f1uelo<\/strong> es un tinto elaborado con uvas procedentes de vi\u00f1edos hist\u00f3ricos de suelo gran\u00edtico y arenoso, frente al medieval castillo de Trevejo en el t\u00e9rmino de Villamiel (C\u00e1ceres), en plena Sierra de Gata y situados a 800 metros de altitud. Si antier es anteayer, \u2018El d\u00eda anterior a ayer\u2019, Trasantier es un d\u00eda antes a\u00fan, el regreso a un pasado familiar en la Sierra de Gata, un pasado de vi\u00f1edos hist\u00f3ricos, de peque\u00f1as parcelas de suelos gran\u00edticos valladas en piedra.<\/p>\n<p>La variedad utilizada es mayoritariamente con las locales Pi\u00f1uelo, Rufete y otras. La Pi\u00f1uelo concretamente es la variedad m\u00e1s relevante en esta parte de la sierra, que parece ser una especialidad de la Garnacha (o al menos eso se cree), en cualquier caso muy bien adaptada a estos suelos serranos. Se trata de un vino de capa media, color rojo granate brillante y en nariz recuerda a la fruta roja, bayas silvestres y tiene un toque vegetal. A su vez, en boca es fresco y equilibrado, muy frutal, con predominio de fresas y frambuesas, con un final goloso.<\/p>","protected":false},"excerpt":{"rendered":"<p><strong>El vino Trasantier Pi\u00f1uelo<\/strong> es un tinto elaborado con uvas procedentes de vi\u00f1edos hist\u00f3ricos de suelo gran\u00edtico y arenoso, frente al medieval castillo de Trevejo en el t\u00e9rmino de Villamiel (C\u00e1ceres), en plena Sierra de Gata y situados a 800 metros de altitud.<\/p>","protected":false},"featured_media":273,"comment_status":"open","ping_status":"closed","template":"","meta":[],"product_brand":[],"product_cat":[51,122],"product_tag":[73,75,74,60],"class_list":{"0":"post-294","1":"product","2":"type-product","3":"status-publish","4":"has-post-thumbnail","6":"product_cat-vinos","7":"product_cat-vinos-extremenos","8":"product_tag-sierra-de-gata","9":"product_tag-trevejo","10":"product_tag-villamiel","11":"product_tag-vino-tinto","13":"first","14":"instock","15":"featured","16":"shipping-taxable","17":"purchasable","18":"product-type-simple"},"yoast_head":"<!-- This site is optimized with the Yoast SEO plugin v27.4 - https:\/\/yoast.com\/product\/yoast-seo-wordpress\/ -->\n<title>Trasantier Pi\u00f1uelo - Tienda de comestibles<\/title>\n<meta name=\"description\" content=\"El vino Trasantier Pi\u00f1uelo es un tinto elaborado con uvas procedentes de vi\u00f1edos hist\u00f3ricos de suelo gran\u00edtico y arenoso, frente al castillo medieval de Trevejo en el t\u00e9rmino de Villamiel (C\u00e1ceres), en plena Sierra de Gata.\" \/>\n<meta name=\"robots\" content=\"index, follow, max-snippet:-1, max-image-preview:large, max-video-preview:-1\" \/>\n<link rel=\"canonical\" href=\"https:\/\/dalboroque.es\/en\/tienda\/vinos\/vinos-extremenos\/trasantier-pinuelo\/\" \/>\n<meta property=\"og:locale\" content=\"en_GB\" \/>\n<meta property=\"og:type\" content=\"article\" \/>\n<meta property=\"og:title\" content=\"Trasantier Pi\u00f1uelo - Tienda de comestibles\" \/>\n<meta property=\"og:description\" content=\"El vino Trasantier Pi\u00f1uelo es un tinto elaborado con uvas procedentes de vi\u00f1edos hist\u00f3ricos de suelo gran\u00edtico y arenoso, frente al castillo medieval de Trevejo en el t\u00e9rmino de Villamiel (C\u00e1ceres), en plena Sierra de Gata.\" \/>\n<meta property=\"og:url\" content=\"https:\/\/dalboroque.es\/en\/tienda\/vinos\/vinos-extremenos\/trasantier-pinuelo\/\" \/>\n<meta property=\"og:site_name\" content=\"Tienda de comestibles\" \/>\n<meta property=\"article:modified_time\" content=\"2024-07-01T13:57:39+00:00\" \/>\n<meta property=\"og:image\" content=\"https:\/\/dalboroque.es\/wp-content\/uploads\/2024\/04\/web_vino-trasantier-tinto-pinuelo01.jpg\" \/>\n\t<meta property=\"og:image:width\" content=\"1200\" \/>\n\t<meta property=\"og:image:height\" content=\"1200\" \/>\n\t<meta property=\"og:image:type\" content=\"image\/jpeg\" \/>\n<meta name=\"twitter:card\" content=\"summary_large_image\" \/>\n<meta name=\"twitter:label1\" content=\"Estimated reading time\" \/>\n\t<meta name=\"twitter:data1\" content=\"2 minutes\" \/>\n<script type=\"application\/ld+json\" class=\"yoast-schema-graph\">{\"@context\":\"https:\\\/\\\/schema.org\",\"@graph\":[{\"@type\":\"WebPage\",\"@id\":\"https:\\\/\\\/dalboroque.es\\\/tienda\\\/vinos\\\/vinos-extremenos\\\/trasantier-pinuelo\\\/\",\"url\":\"https:\\\/\\\/dalboroque.es\\\/tienda\\\/vinos\\\/vinos-extremenos\\\/trasantier-pinuelo\\\/\",\"name\":\"Trasantier Pi\u00f1uelo - Tienda de comestibles\",\"isPartOf\":{\"@id\":\"https:\\\/\\\/dalboroque.es\\\/#website\"},\"primaryImageOfPage\":{\"@id\":\"https:\\\/\\\/dalboroque.es\\\/tienda\\\/vinos\\\/vinos-extremenos\\\/trasantier-pinuelo\\\/#primaryimage\"},\"image\":{\"@id\":\"https:\\\/\\\/dalboroque.es\\\/tienda\\\/vinos\\\/vinos-extremenos\\\/trasantier-pinuelo\\\/#primaryimage\"},\"thumbnailUrl\":\"https:\\\/\\\/dalboroque.es\\\/wp-content\\\/uploads\\\/2024\\\/04\\\/web_vino-trasantier-tinto-pinuelo01.jpg\",\"datePublished\":\"2024-04-22T10:38:49+00:00\",\"dateModified\":\"2024-07-01T13:57:39+00:00\",\"description\":\"El vino Trasantier Pi\u00f1uelo es un tinto elaborado con uvas procedentes de vi\u00f1edos hist\u00f3ricos de suelo gran\u00edtico y arenoso, frente al castillo medieval de Trevejo en el t\u00e9rmino de Villamiel (C\u00e1ceres), en plena Sierra de Gata.\",\"breadcrumb\":{\"@id\":\"https:\\\/\\\/dalboroque.es\\\/tienda\\\/vinos\\\/vinos-extremenos\\\/trasantier-pinuelo\\\/#breadcrumb\"},\"inLanguage\":\"en-GB\",\"potentialAction\":[{\"@type\":\"ReadAction\",\"target\":[\"https:\\\/\\\/dalboroque.es\\\/tienda\\\/vinos\\\/vinos-extremenos\\\/trasantier-pinuelo\\\/\"]}]},{\"@type\":\"ImageObject\",\"inLanguage\":\"en-GB\",\"@id\":\"https:\\\/\\\/dalboroque.es\\\/tienda\\\/vinos\\\/vinos-extremenos\\\/trasantier-pinuelo\\\/#primaryimage\",\"url\":\"https:\\\/\\\/dalboroque.es\\\/wp-content\\\/uploads\\\/2024\\\/04\\\/web_vino-trasantier-tinto-pinuelo01.jpg\",\"contentUrl\":\"https:\\\/\\\/dalboroque.es\\\/wp-content\\\/uploads\\\/2024\\\/04\\\/web_vino-trasantier-tinto-pinuelo01.jpg\",\"width\":1200,\"height\":1200,\"caption\":\"vino-trasantier-pinuelo\"},{\"@type\":\"BreadcrumbList\",\"@id\":\"https:\\\/\\\/dalboroque.es\\\/tienda\\\/vinos\\\/vinos-extremenos\\\/trasantier-pinuelo\\\/#breadcrumb\",\"itemListElement\":[{\"@type\":\"ListItem\",\"position\":1,\"name\":\"Tienda\",\"item\":\"https:\\\/\\\/dalboroque.es\\\/tienda\\\/\"},{\"@type\":\"ListItem\",\"position\":2,\"name\":\"Trasantier Pi\u00f1uelo\"}]},{\"@type\":\"WebSite\",\"@id\":\"https:\\\/\\\/dalboroque.es\\\/#website\",\"url\":\"https:\\\/\\\/dalboroque.es\\\/\",\"name\":\"Tienda de comestibles\",\"description\":\"Tus mejores productos extreme\u00f1os gourmet\",\"potentialAction\":[{\"@type\":\"SearchAction\",\"target\":{\"@type\":\"EntryPoint\",\"urlTemplate\":\"https:\\\/\\\/dalboroque.es\\\/?s={search_term_string}\"},\"query-input\":{\"@type\":\"PropertyValueSpecification\",\"valueRequired\":true,\"valueName\":\"search_term_string\"}}],\"inLanguage\":\"en-GB\"}]}<\/script>\n<!-- \/ Yoast SEO plugin. -->","yoast_head_json":{"title":"Trasantier Pi\u00f1uelo - Tienda de comestibles","description":"El vino Trasantier Pi\u00f1uelo es un tinto elaborado con uvas procedentes de vi\u00f1edos hist\u00f3ricos de suelo gran\u00edtico y arenoso, frente al castillo medieval de Trevejo en el t\u00e9rmino de Villamiel (C\u00e1ceres), en plena Sierra de Gata.","robots":{"index":"index","follow":"follow","max-snippet":"max-snippet:-1","max-image-preview":"max-image-preview:large","max-video-preview":"max-video-preview:-1"},"canonical":"https:\/\/dalboroque.es\/en\/tienda\/vinos\/vinos-extremenos\/trasantier-pinuelo\/","og_locale":"en_GB","og_type":"article","og_title":"Trasantier Pi\u00f1uelo - Tienda de comestibles","og_description":"El vino Trasantier Pi\u00f1uelo es un tinto elaborado con uvas procedentes de vi\u00f1edos hist\u00f3ricos de suelo gran\u00edtico y arenoso, frente al castillo medieval de Trevejo en el t\u00e9rmino de Villamiel (C\u00e1ceres), en plena Sierra de Gata.","og_url":"https:\/\/dalboroque.es\/en\/tienda\/vinos\/vinos-extremenos\/trasantier-pinuelo\/","og_site_name":"Tienda de comestibles","article_modified_time":"2024-07-01T13:57:39+00:00","og_image":[{"width":1200,"height":1200,"url":"https:\/\/dalboroque.es\/wp-content\/uploads\/2024\/04\/web_vino-trasantier-tinto-pinuelo01.jpg","type":"image\/jpeg"}],"twitter_card":"summary_large_image","twitter_misc":{"Estimated reading time":"2 minutes"},"schema":{"@context":"https:\/\/schema.org","@graph":[{"@type":"WebPage","@id":"https:\/\/dalboroque.es\/tienda\/vinos\/vinos-extremenos\/trasantier-pinuelo\/","url":"https:\/\/dalboroque.es\/tienda\/vinos\/vinos-extremenos\/trasantier-pinuelo\/","name":"Trasantier Pi\u00f1uelo - Tienda de comestibles","isPartOf":{"@id":"https:\/\/dalboroque.es\/#website"},"primaryImageOfPage":{"@id":"https:\/\/dalboroque.es\/tienda\/vinos\/vinos-extremenos\/trasantier-pinuelo\/#primaryimage"},"image":{"@id":"https:\/\/dalboroque.es\/tienda\/vinos\/vinos-extremenos\/trasantier-pinuelo\/#primaryimage"},"thumbnailUrl":"https:\/\/dalboroque.es\/wp-content\/uploads\/2024\/04\/web_vino-trasantier-tinto-pinuelo01.jpg","datePublished":"2024-04-22T10:38:49+00:00","dateModified":"2024-07-01T13:57:39+00:00","description":"El vino Trasantier Pi\u00f1uelo es un tinto elaborado con uvas procedentes de vi\u00f1edos hist\u00f3ricos de suelo gran\u00edtico y arenoso, frente al castillo medieval de Trevejo en el t\u00e9rmino de Villamiel (C\u00e1ceres), en plena Sierra de Gata.","breadcrumb":{"@id":"https:\/\/dalboroque.es\/tienda\/vinos\/vinos-extremenos\/trasantier-pinuelo\/#breadcrumb"},"inLanguage":"en-GB","potentialAction":[{"@type":"ReadAction","target":["https:\/\/dalboroque.es\/tienda\/vinos\/vinos-extremenos\/trasantier-pinuelo\/"]}]},{"@type":"ImageObject","inLanguage":"en-GB","@id":"https:\/\/dalboroque.es\/tienda\/vinos\/vinos-extremenos\/trasantier-pinuelo\/#primaryimage","url":"https:\/\/dalboroque.es\/wp-content\/uploads\/2024\/04\/web_vino-trasantier-tinto-pinuelo01.jpg","contentUrl":"https:\/\/dalboroque.es\/wp-content\/uploads\/2024\/04\/web_vino-trasantier-tinto-pinuelo01.jpg","width":1200,"height":1200,"caption":"vino-trasantier-pinuelo"},{"@type":"BreadcrumbList","@id":"https:\/\/dalboroque.es\/tienda\/vinos\/vinos-extremenos\/trasantier-pinuelo\/#breadcrumb","itemListElement":[{"@type":"ListItem","position":1,"name":"Tienda","item":"https:\/\/dalboroque.es\/tienda\/"},{"@type":"ListItem","position":2,"name":"Trasantier Pi\u00f1uelo"}]},{"@type":"WebSite","@id":"https:\/\/dalboroque.es\/#website","url":"https:\/\/dalboroque.es\/","name":"Tienda de comestibles","description":"Tus mejores productos extreme\u00f1os gourmet","potentialAction":[{"@type":"SearchAction","target":{"@type":"EntryPoint","urlTemplate":"https:\/\/dalboroque.es\/?s={search_term_string}"},"query-input":{"@type":"PropertyValueSpecification","valueRequired":true,"valueName":"search_term_string"}}],"inLanguage":"en-GB"}]}},"_links":{"self":[{"href":"https:\/\/dalboroque.es\/en\/wp-json\/wp\/v2\/product\/294","targetHints":{"allow":["GET"]}}],"collection":[{"href":"https:\/\/dalboroque.es\/en\/wp-json\/wp\/v2\/product"}],"about":[{"href":"https:\/\/dalboroque.es\/en\/wp-json\/wp\/v2\/types\/product"}],"replies":[{"embeddable":true,"href":"https:\/\/dalboroque.es\/en\/wp-json\/wp\/v2\/comments?post=294"}],"wp:featuredmedia":[{"embeddable":true,"href":"https:\/\/dalboroque.es\/en\/wp-json\/wp\/v2\/media\/273"}],"wp:attachment":[{"href":"https:\/\/dalboroque.es\/en\/wp-json\/wp\/v2\/media?parent=294"}],"wp:term":[{"taxonomy":"product_brand","embeddable":true,"href":"https:\/\/dalboroque.es\/en\/wp-json\/wp\/v2\/product_brand?post=294"},{"taxonomy":"product_cat","embeddable":true,"href":"https:\/\/dalboroque.es\/en\/wp-json\/wp\/v2\/product_cat?post=294"},{"taxonomy":"product_tag","embeddable":true,"href":"https:\/\/dalboroque.es\/en\/wp-json\/wp\/v2\/product_tag?post=294"}],"curies":[{"name":"wp","href":"https:\/\/api.w.org\/{rel}","templated":true}]}}