{"id":293,"date":"2024-04-22T11:05:48","date_gmt":"2024-04-22T11:05:48","guid":{"rendered":"https:\/\/dalboroque.es\/?post_type=product&#038;p=293"},"modified":"2024-07-01T15:50:24","modified_gmt":"2024-07-01T13:50:24","slug":"trasantier-verdejo-serrana","status":"publish","type":"product","link":"https:\/\/dalboroque.es\/en\/tienda\/vinos\/vinos-extremenos\/trasantier-verdejo-serrana\/","title":{"rendered":"Trasantier Verdejo Serrana. Bodega Recuero"},"content":{"rendered":"<p>El vino blanco Trasantier Verdejo Serrana est\u00e1 elaborado con uvas procedentes de vi\u00f1edos hist\u00f3ricos de suelo gran\u00edtico y arenoso frente al medieval castillo de Trevejo en el t\u00e9rmino de Villamiel (C\u00e1ceres), en plena Sierra de Gata y situados a 800 metros de altitud. Si antier es anteayer, \u2018El d\u00eda anterior a ayer\u2019, Trasantier es un d\u00eda antes a\u00fan, el regreso a un pasado familiar en la Sierra de Gata, un pasado de vi\u00f1edos hist\u00f3ricos, de peque\u00f1as parcelas de suelos gran\u00edticos valladas en piedra.<\/p>\n<p>El vino est\u00e1 elaborado mayoritariamente con las variedades locales Verdejo Serrano y Ojo de Liebre (Albillo).<\/p>\n<p>Se trata de un vino de color amarillo pajizo, acerado. Limpio, brillante y con destellos verdosos en capa fina. En nariz ofrece aromas de frutas de hueso, notas blancas florales y un fondo de hierba fresca. Por su parte, en boca es fresco, ligero, equilibrado y muy frutal.<\/p>\n<p>Es por tanto un vino vivo, con una acidez bien medida, muy agradable con predominio de hierbas y flores blancas, con un final que invita a beber m\u00e1s. Se recomienda servir a una temperatura de 10 grados.<\/p>","protected":false},"excerpt":{"rendered":"<p><strong>Trasantier Verdejo Serrana<\/strong> est\u00e1 elaborado con uvas procedentes de vi\u00f1edos hist\u00f3ricos de suelo gran\u00edtico y arenoso frente al medieval castillo de Trevejo en el t\u00e9rmino de Villamiel (C\u00e1ceres), en plena Sierra de Gata y situados a 800 metros de altitud.<\/p>","protected":false},"featured_media":265,"comment_status":"open","ping_status":"closed","template":"","meta":[],"product_brand":[],"product_cat":[51,122],"product_tag":[72],"class_list":{"0":"post-293","1":"product","2":"type-product","3":"status-publish","4":"has-post-thumbnail","6":"product_cat-vinos","7":"product_cat-vinos-extremenos","8":"product_tag-vino-blanco","10":"first","11":"instock","12":"shipping-taxable","13":"purchasable","14":"product-type-simple"},"yoast_head":"<!-- This site is optimized with the Yoast SEO plugin v27.4 - https:\/\/yoast.com\/product\/yoast-seo-wordpress\/ -->\n<title>Trasantier Verdejo Serrana. Bodega Recuero - Tienda de comestibles<\/title>\n<meta name=\"description\" content=\"Trasantier Verdejo Serrana est\u00e1 elaborado con uvas procedentes de vi\u00f1edos hist\u00f3ricos de suelo gran\u00edtico y arenoso frente al medieval castillo de Trevejo en el t\u00e9rmino de Villamiel (C\u00e1ceres), en plena Sierra de Gata y situados a 800 metros de altitud.\" \/>\n<meta name=\"robots\" content=\"index, follow, max-snippet:-1, max-image-preview:large, max-video-preview:-1\" \/>\n<link rel=\"canonical\" href=\"https:\/\/dalboroque.es\/en\/tienda\/vinos\/vinos-extremenos\/trasantier-verdejo-serrana\/\" \/>\n<meta property=\"og:locale\" content=\"en_GB\" \/>\n<meta property=\"og:type\" content=\"article\" \/>\n<meta property=\"og:title\" content=\"Trasantier Verdejo Serrana. Bodega Recuero - Tienda de comestibles\" \/>\n<meta property=\"og:description\" content=\"Trasantier Verdejo Serrana est\u00e1 elaborado con uvas procedentes de vi\u00f1edos hist\u00f3ricos de suelo gran\u00edtico y arenoso frente al medieval castillo de Trevejo en el t\u00e9rmino de Villamiel (C\u00e1ceres), en plena Sierra de Gata y situados a 800 metros de altitud.\" \/>\n<meta property=\"og:url\" content=\"https:\/\/dalboroque.es\/en\/tienda\/vinos\/vinos-extremenos\/trasantier-verdejo-serrana\/\" \/>\n<meta property=\"og:site_name\" content=\"Tienda de comestibles\" \/>\n<meta property=\"article:modified_time\" content=\"2024-07-01T13:50:24+00:00\" \/>\n<meta property=\"og:image\" content=\"https:\/\/dalboroque.es\/wp-content\/uploads\/2024\/04\/web_vino-trasantier-verdejo01.jpg\" \/>\n\t<meta property=\"og:image:width\" content=\"1200\" \/>\n\t<meta property=\"og:image:height\" content=\"1200\" \/>\n\t<meta property=\"og:image:type\" content=\"image\/jpeg\" \/>\n<meta name=\"twitter:card\" content=\"summary_large_image\" \/>\n<meta name=\"twitter:label1\" content=\"Estimated reading time\" \/>\n\t<meta name=\"twitter:data1\" content=\"2 minutes\" \/>\n<script type=\"application\/ld+json\" class=\"yoast-schema-graph\">{\"@context\":\"https:\\\/\\\/schema.org\",\"@graph\":[{\"@type\":\"WebPage\",\"@id\":\"https:\\\/\\\/dalboroque.es\\\/tienda\\\/vinos\\\/vinos-extremenos\\\/trasantier-verdejo-serrana\\\/\",\"url\":\"https:\\\/\\\/dalboroque.es\\\/tienda\\\/vinos\\\/vinos-extremenos\\\/trasantier-verdejo-serrana\\\/\",\"name\":\"Trasantier Verdejo Serrana. Bodega Recuero - Tienda de comestibles\",\"isPartOf\":{\"@id\":\"https:\\\/\\\/dalboroque.es\\\/#website\"},\"primaryImageOfPage\":{\"@id\":\"https:\\\/\\\/dalboroque.es\\\/tienda\\\/vinos\\\/vinos-extremenos\\\/trasantier-verdejo-serrana\\\/#primaryimage\"},\"image\":{\"@id\":\"https:\\\/\\\/dalboroque.es\\\/tienda\\\/vinos\\\/vinos-extremenos\\\/trasantier-verdejo-serrana\\\/#primaryimage\"},\"thumbnailUrl\":\"https:\\\/\\\/dalboroque.es\\\/wp-content\\\/uploads\\\/2024\\\/04\\\/web_vino-trasantier-verdejo01.jpg\",\"datePublished\":\"2024-04-22T11:05:48+00:00\",\"dateModified\":\"2024-07-01T13:50:24+00:00\",\"description\":\"Trasantier Verdejo Serrana est\u00e1 elaborado con uvas procedentes de vi\u00f1edos hist\u00f3ricos de suelo gran\u00edtico y arenoso frente al medieval castillo de Trevejo en el t\u00e9rmino de Villamiel (C\u00e1ceres), en plena Sierra de Gata y situados a 800 metros de altitud.\",\"breadcrumb\":{\"@id\":\"https:\\\/\\\/dalboroque.es\\\/tienda\\\/vinos\\\/vinos-extremenos\\\/trasantier-verdejo-serrana\\\/#breadcrumb\"},\"inLanguage\":\"en-GB\",\"potentialAction\":[{\"@type\":\"ReadAction\",\"target\":[\"https:\\\/\\\/dalboroque.es\\\/tienda\\\/vinos\\\/vinos-extremenos\\\/trasantier-verdejo-serrana\\\/\"]}]},{\"@type\":\"ImageObject\",\"inLanguage\":\"en-GB\",\"@id\":\"https:\\\/\\\/dalboroque.es\\\/tienda\\\/vinos\\\/vinos-extremenos\\\/trasantier-verdejo-serrana\\\/#primaryimage\",\"url\":\"https:\\\/\\\/dalboroque.es\\\/wp-content\\\/uploads\\\/2024\\\/04\\\/web_vino-trasantier-verdejo01.jpg\",\"contentUrl\":\"https:\\\/\\\/dalboroque.es\\\/wp-content\\\/uploads\\\/2024\\\/04\\\/web_vino-trasantier-verdejo01.jpg\",\"width\":1200,\"height\":1200,\"caption\":\"vino trasantier verdejo\"},{\"@type\":\"BreadcrumbList\",\"@id\":\"https:\\\/\\\/dalboroque.es\\\/tienda\\\/vinos\\\/vinos-extremenos\\\/trasantier-verdejo-serrana\\\/#breadcrumb\",\"itemListElement\":[{\"@type\":\"ListItem\",\"position\":1,\"name\":\"Tienda\",\"item\":\"https:\\\/\\\/dalboroque.es\\\/tienda\\\/\"},{\"@type\":\"ListItem\",\"position\":2,\"name\":\"Trasantier Verdejo Serrana. Bodega Recuero\"}]},{\"@type\":\"WebSite\",\"@id\":\"https:\\\/\\\/dalboroque.es\\\/#website\",\"url\":\"https:\\\/\\\/dalboroque.es\\\/\",\"name\":\"Tienda de comestibles\",\"description\":\"Tus mejores productos extreme\u00f1os gourmet\",\"potentialAction\":[{\"@type\":\"SearchAction\",\"target\":{\"@type\":\"EntryPoint\",\"urlTemplate\":\"https:\\\/\\\/dalboroque.es\\\/?s={search_term_string}\"},\"query-input\":{\"@type\":\"PropertyValueSpecification\",\"valueRequired\":true,\"valueName\":\"search_term_string\"}}],\"inLanguage\":\"en-GB\"}]}<\/script>\n<!-- \/ Yoast SEO plugin. -->","yoast_head_json":{"title":"Trasantier Verdejo Serrana. Bodega Recuero - Tienda de comestibles","description":"Trasantier Verdejo Serrana est\u00e1 elaborado con uvas procedentes de vi\u00f1edos hist\u00f3ricos de suelo gran\u00edtico y arenoso frente al medieval castillo de Trevejo en el t\u00e9rmino de Villamiel (C\u00e1ceres), en plena Sierra de Gata y situados a 800 metros de altitud.","robots":{"index":"index","follow":"follow","max-snippet":"max-snippet:-1","max-image-preview":"max-image-preview:large","max-video-preview":"max-video-preview:-1"},"canonical":"https:\/\/dalboroque.es\/en\/tienda\/vinos\/vinos-extremenos\/trasantier-verdejo-serrana\/","og_locale":"en_GB","og_type":"article","og_title":"Trasantier Verdejo Serrana. Bodega Recuero - Tienda de comestibles","og_description":"Trasantier Verdejo Serrana est\u00e1 elaborado con uvas procedentes de vi\u00f1edos hist\u00f3ricos de suelo gran\u00edtico y arenoso frente al medieval castillo de Trevejo en el t\u00e9rmino de Villamiel (C\u00e1ceres), en plena Sierra de Gata y situados a 800 metros de altitud.","og_url":"https:\/\/dalboroque.es\/en\/tienda\/vinos\/vinos-extremenos\/trasantier-verdejo-serrana\/","og_site_name":"Tienda de comestibles","article_modified_time":"2024-07-01T13:50:24+00:00","og_image":[{"width":1200,"height":1200,"url":"https:\/\/dalboroque.es\/wp-content\/uploads\/2024\/04\/web_vino-trasantier-verdejo01.jpg","type":"image\/jpeg"}],"twitter_card":"summary_large_image","twitter_misc":{"Estimated reading time":"2 minutes"},"schema":{"@context":"https:\/\/schema.org","@graph":[{"@type":"WebPage","@id":"https:\/\/dalboroque.es\/tienda\/vinos\/vinos-extremenos\/trasantier-verdejo-serrana\/","url":"https:\/\/dalboroque.es\/tienda\/vinos\/vinos-extremenos\/trasantier-verdejo-serrana\/","name":"Trasantier Verdejo Serrana. Bodega Recuero - Tienda de comestibles","isPartOf":{"@id":"https:\/\/dalboroque.es\/#website"},"primaryImageOfPage":{"@id":"https:\/\/dalboroque.es\/tienda\/vinos\/vinos-extremenos\/trasantier-verdejo-serrana\/#primaryimage"},"image":{"@id":"https:\/\/dalboroque.es\/tienda\/vinos\/vinos-extremenos\/trasantier-verdejo-serrana\/#primaryimage"},"thumbnailUrl":"https:\/\/dalboroque.es\/wp-content\/uploads\/2024\/04\/web_vino-trasantier-verdejo01.jpg","datePublished":"2024-04-22T11:05:48+00:00","dateModified":"2024-07-01T13:50:24+00:00","description":"Trasantier Verdejo Serrana est\u00e1 elaborado con uvas procedentes de vi\u00f1edos hist\u00f3ricos de suelo gran\u00edtico y arenoso frente al medieval castillo de Trevejo en el t\u00e9rmino de Villamiel (C\u00e1ceres), en plena Sierra de Gata y situados a 800 metros de altitud.","breadcrumb":{"@id":"https:\/\/dalboroque.es\/tienda\/vinos\/vinos-extremenos\/trasantier-verdejo-serrana\/#breadcrumb"},"inLanguage":"en-GB","potentialAction":[{"@type":"ReadAction","target":["https:\/\/dalboroque.es\/tienda\/vinos\/vinos-extremenos\/trasantier-verdejo-serrana\/"]}]},{"@type":"ImageObject","inLanguage":"en-GB","@id":"https:\/\/dalboroque.es\/tienda\/vinos\/vinos-extremenos\/trasantier-verdejo-serrana\/#primaryimage","url":"https:\/\/dalboroque.es\/wp-content\/uploads\/2024\/04\/web_vino-trasantier-verdejo01.jpg","contentUrl":"https:\/\/dalboroque.es\/wp-content\/uploads\/2024\/04\/web_vino-trasantier-verdejo01.jpg","width":1200,"height":1200,"caption":"vino trasantier verdejo"},{"@type":"BreadcrumbList","@id":"https:\/\/dalboroque.es\/tienda\/vinos\/vinos-extremenos\/trasantier-verdejo-serrana\/#breadcrumb","itemListElement":[{"@type":"ListItem","position":1,"name":"Tienda","item":"https:\/\/dalboroque.es\/tienda\/"},{"@type":"ListItem","position":2,"name":"Trasantier Verdejo Serrana. Bodega Recuero"}]},{"@type":"WebSite","@id":"https:\/\/dalboroque.es\/#website","url":"https:\/\/dalboroque.es\/","name":"Tienda de comestibles","description":"Tus mejores productos extreme\u00f1os gourmet","potentialAction":[{"@type":"SearchAction","target":{"@type":"EntryPoint","urlTemplate":"https:\/\/dalboroque.es\/?s={search_term_string}"},"query-input":{"@type":"PropertyValueSpecification","valueRequired":true,"valueName":"search_term_string"}}],"inLanguage":"en-GB"}]}},"_links":{"self":[{"href":"https:\/\/dalboroque.es\/en\/wp-json\/wp\/v2\/product\/293","targetHints":{"allow":["GET"]}}],"collection":[{"href":"https:\/\/dalboroque.es\/en\/wp-json\/wp\/v2\/product"}],"about":[{"href":"https:\/\/dalboroque.es\/en\/wp-json\/wp\/v2\/types\/product"}],"replies":[{"embeddable":true,"href":"https:\/\/dalboroque.es\/en\/wp-json\/wp\/v2\/comments?post=293"}],"wp:featuredmedia":[{"embeddable":true,"href":"https:\/\/dalboroque.es\/en\/wp-json\/wp\/v2\/media\/265"}],"wp:attachment":[{"href":"https:\/\/dalboroque.es\/en\/wp-json\/wp\/v2\/media?parent=293"}],"wp:term":[{"taxonomy":"product_brand","embeddable":true,"href":"https:\/\/dalboroque.es\/en\/wp-json\/wp\/v2\/product_brand?post=293"},{"taxonomy":"product_cat","embeddable":true,"href":"https:\/\/dalboroque.es\/en\/wp-json\/wp\/v2\/product_cat?post=293"},{"taxonomy":"product_tag","embeddable":true,"href":"https:\/\/dalboroque.es\/en\/wp-json\/wp\/v2\/product_tag?post=293"}],"curies":[{"name":"wp","href":"https:\/\/api.w.org\/{rel}","templated":true}]}}